{"id":6861,"date":"2021-11-04T16:26:52","date_gmt":"2021-11-04T15:26:52","guid":{"rendered":"https:\/\/www.dolivo.shop\/?page_id=6861"},"modified":"2021-11-04T16:26:54","modified_gmt":"2021-11-04T15:26:54","slug":"ueber-uns","status":"publish","type":"page","link":"https:\/\/www.dolivo.shop\/de\/ueber-uns\/","title":{"rendered":"\u00dcber uns"},"content":{"rendered":"<section class=\"l-section wpb_row height_small\"><div class=\"l-section-h i-cf\"><div class=\"g-cols vc_row via_flex valign_top type_default stacking_default\"><div class=\"vc_col-sm-12 wpb_column vc_column_container\"><div class=\"vc_column-inner\"><div class=\"wpb_wrapper\"><div class=\"g-cols wpb_row via_flex valign_middle type_default stacking_default\"><div class=\"vc_col-sm-6 wpb_column vc_column_container\"><div class=\"vc_column-inner\"><div class=\"wpb_wrapper\"><h1 class=\"w-post-elm post_title entry-title color_link_inherit\">\u00dcber uns<\/h1><\/div><\/div><\/div><div class=\"vc_col-sm-6 wpb_column vc_column_container\"><div class=\"vc_column-inner\"><div class=\"wpb_wrapper\"><nav class=\"g-breadcrumbs us_custom_80a192e9 separator_icon align_right\" itemscope itemtype=\"http:\/\/schema.org\/BreadcrumbList\"><div class=\"g-breadcrumbs-item\" itemscope itemprop=\"itemListElement\" itemtype=\"http:\/\/schema.org\/ListItem\"><a itemprop=\"item\" href=\"https:\/\/www.dolivo.shop\/de\/\"><span itemprop=\"name\">Start<\/span><\/a><meta itemprop=\"position\" content=\"1\"\/><\/div><div class=\"g-breadcrumbs-separator\"><i class=\"fas fa-angle-right\"><\/i><\/div><div class=\"g-breadcrumbs-item\">Seiten<\/div><\/nav><\/div><\/div><\/div><\/div><\/div><\/div><\/div><\/div><\/div><\/section><section class=\"l-section wpb_row us_custom_d1dfe95e height_auto with_img\"><div class=\"l-section-img\" role=\"img\" data-img-width=\"1900\" data-img-height=\"1188\" style=\"background-image: url(https:\/\/www.dolivo.shop\/wp-content\/uploads\/2021\/06\/dolivo1.jpg);background-position: center left;background-repeat: no-repeat;\"><\/div><div class=\"l-section-h i-cf\"><div class=\"g-cols vc_row via_flex valign_top type_default stacking_default\"><div class=\"vc_col-sm-7 wpb_column vc_column_container has_bg_color\"><div class=\"vc_column-inner us_custom_74ac8017\"><div class=\"wpb_wrapper\"><div class=\"g-cols wpb_row us_custom_a5624e31 via_flex valign_top type_default stacking_default\"><div class=\"vc_col-sm-12 wpb_column vc_column_container us_animate_afb\"><div class=\"vc_column-inner\"><div class=\"wpb_wrapper\"><h2 class=\"w-text us_custom_1f257949\"><span class=\"w-text-h\"><span class=\"w-text-value\">Die Leidenschaft f\u00fcr sch\u00f6ne, handgefertigte Dinge!<\/span><\/span><\/h2><div class=\"w-separator size_small\"><\/div><div class=\"wpb_text_column\"><div class=\"wpb_wrapper\"><p>Unser Unternehmen wurde 2012 aus der Leidenschaft f\u00fcr das Handwerk und insbesondere f\u00fcr die Verarbeitung von Olivenholz gegr\u00fcndet. Wir arbeiten mit Handwerkern aus Umbrien zusammen, um ein immer neues Sortiment und neue Artikel zu kreieren, die sowohl f\u00fcr die Einrichtung als auch f\u00fcr die K\u00fcche entwickelt wurden. Unser Ziel ist seit jeher die Zufriedenheit des Kunden, dank einzigartiger und erlesener Artikel, die benutzt oder verschenkt werden k\u00f6nnen. Diesbez\u00fcglich k\u00f6nnen wir auf speziellen Wunsch des Kunden Artikel herstellen, die teilweise auch aus Materialien wie Stahl, Kupfer oder Glas bestehen und sich gut mit unserem Edelholz vereinen lassen. In unserem Gesch\u00e4ft in Assisi k\u00f6nnen Sie bereits an der T\u00fcr den angenehmen und intensiven Duft von Olivenholz vernehmen. Zur Vervollst\u00e4ndigung unseres Angebotes an handgefertigten Artikeln haben wir Notizb\u00fccher aus von Hand tamponiertem Leder im mittelalterlichen Stil oder mit einem antikierten Druck von Gem\u00e4lden von Giotto und der Portiunkola.<\/p>\n<\/div><\/div><\/div><\/div><\/div><\/div><\/div><\/div><\/div><div class=\"vc_col-sm-5 wpb_column vc_column_container\"><div class=\"vc_column-inner us_custom_68ec3198\"><div class=\"wpb_wrapper\"><\/div><\/div><\/div><\/div><\/div><\/section><section class=\"l-section wpb_row height_huge\"><div class=\"l-section-h i-cf\"><div class=\"g-cols vc_row via_flex valign_top type_default stacking_default\"><div class=\"vc_col-sm-5 wpb_column vc_column_container\"><div class=\"vc_column-inner\"><div class=\"wpb_wrapper\"><div class=\"w-image align_center us_animate_afb\"><div class=\"w-image-h\"><img decoding=\"async\" width=\"800\" height=\"1200\" src=\"https:\/\/www.dolivo.shop\/wp-content\/uploads\/2021\/06\/assisi.jpg\" class=\"attachment-full size-full\" alt=\"\" loading=\"lazy\" srcset=\"https:\/\/www.dolivo.shop\/wp-content\/uploads\/2021\/06\/assisi.jpg 800w, https:\/\/www.dolivo.shop\/wp-content\/uploads\/2021\/06\/assisi-200x300.jpg 200w, https:\/\/www.dolivo.shop\/wp-content\/uploads\/2021\/06\/assisi-53x80.jpg 53w, https:\/\/www.dolivo.shop\/wp-content\/uploads\/2021\/06\/assisi-60x90.jpg 60w, https:\/\/www.dolivo.shop\/wp-content\/uploads\/2021\/06\/assisi-67x100.jpg 67w, https:\/\/www.dolivo.shop\/wp-content\/uploads\/2021\/06\/assisi-47x70.jpg 47w, https:\/\/www.dolivo.shop\/wp-content\/uploads\/2021\/06\/assisi-13x20.jpg 13w, https:\/\/www.dolivo.shop\/wp-content\/uploads\/2021\/06\/assisi-27x40.jpg 27w, https:\/\/www.dolivo.shop\/wp-content\/uploads\/2021\/06\/assisi-33x50.jpg 33w, https:\/\/www.dolivo.shop\/wp-content\/uploads\/2021\/06\/assisi-80x120.jpg 80w, https:\/\/www.dolivo.shop\/wp-content\/uploads\/2021\/06\/assisi-23x35.jpg 23w, https:\/\/www.dolivo.shop\/wp-content\/uploads\/2021\/06\/assisi-267x400.jpg 267w, https:\/\/www.dolivo.shop\/wp-content\/uploads\/2021\/06\/assisi-43x65.jpg 43w, https:\/\/www.dolivo.shop\/wp-content\/uploads\/2021\/06\/assisi-133x200.jpg 133w, https:\/\/www.dolivo.shop\/wp-content\/uploads\/2021\/06\/assisi-167x250.jpg 167w\" sizes=\"auto, (max-width: 800px) 100vw, 800px\" \/><\/div><\/div><\/div><\/div><\/div><div class=\"vc_col-sm-7 wpb_column vc_column_container us_animate_afb\"><div class=\"vc_column-inner\"><div class=\"wpb_wrapper\"><h2 class=\"w-text us_custom_1f257949\"><span class=\"w-text-h\"><span class=\"w-text-value\">Der Zauber Assisis inspiriert unsere Arbeit jeden Tag!<\/span><\/span><\/h2><div class=\"w-separator size_small\"><\/div><div class=\"wpb_text_column\"><div class=\"wpb_wrapper\"><p><strong>Sch\u00f6nheit<\/strong><br \/>\nAssisi ist Sch\u00f6nheit, Schlichtheit und Strenge. Die Gassen, die Treppen, die zahlreichen B\u00f6gen und kleinen Balkone machen sie zu einem umbrischen Juwel, das man kaum vergessen kann. Herrlich ist der Panoramablick auf das darunter liegende Tal, den man von vielen Gassen der Altstadt aus genie\u00dfen kann.<\/p>\n<p><strong>Frieden<\/strong><br \/>\nAn den H\u00e4ngen des Monte Subasio gelegen, sind ihre Gassen und Pl\u00e4tze der Inbegriff f\u00fcr Frieden, Entspannung, Religiosit\u00e4t und ein angenehmes Gef\u00fchl, die Stadt mit demselben Rhythmus wie vor 60 Jahren zu \u201eleben\u201c. Die Franziskanerm\u00f6nche und die Klarissen sind die H\u00fcter von Assisi und die B\u00fcrgen f\u00fcr Ruhe und Gelassenheit.<\/p>\n<p><strong>Natur<\/strong><br \/>\nAssisi ist der Ort, an dem die Natur weitgehend intakt geblieben ist. Es gen\u00fcgt, ein paar Stunden im Eremo delle Carceri an den H\u00e4ngen des Monte Subasio zu verbringen, um in die Macchia Umbriens einzutauchen. An diesem Ort verbrachte der Hl. Franziskus die meisten seiner Momente gr\u00f6\u00dfter Meditation.<\/p>\n<p><strong>Geschichte und Architektur<\/strong><br \/>\nDie Heilige Stadt des Christentums ist ein st\u00e4ndiges Ziel f\u00fcr Pilger, die die Orte sehen m\u00f6chten, an denen der Hl. Franziskus geboren wurde, wirkte und starb. In Assisi spricht alles von dem Heiligen, sogar die Dinge, die ihm vielleicht am weitesten entfernt waren. Zusammen mit fast dem gesamten Gebiet, wurde sie im Jahr 2000 zum Weltkulturerbe ernannt.<\/p>\n<p><strong>Hl. Franziskus von Assisi<\/strong><br \/>\nAm 4. Oktober als Schutzpatron Italiens gefeiert, Anh\u00e4nger eines bescheidenen und armen Lebensstils ist er der beliebteste Heilige der Italiener. In der umbrischen Stadt bewahrt die dem Heiligen gewidmete Basilika die \u00dcberreste des \u201earmen Mannes von Assisi\u201c auf und ist das Ziel Tausender Pilger.<\/p>\n<p><strong>Veranstaltungen<\/strong><br \/>\nDie Nachstellung von Calendimaggio, die am Donnerstag, Freitag und Samstag der ersten Maiwoche stattfindet, verwandelt die Stadt in das alte mittelalterliche Dorf der Vergangenheit, mit Rittern und Damen, die durch die mit Blumen und Fahnen geschm\u00fcckten Stra\u00dfen schreiten, Theaterveranstaltungen, Konzerten, T\u00e4nzen, Darbietungen von Bogensch\u00fctzen und Fahnenschwingern, bei denen die beiden antiken mittelalterlichen Fraktionen Parte de Sopra und Parte de Sotto gegeneinander antreten.<\/p>\n<\/div><\/div><\/div><\/div><\/div><\/div><\/div><\/section>\n","protected":false},"excerpt":{"rendered":"\u00dcber unsStartSeitenDie Leidenschaft f\u00fcr sch\u00f6ne, handgefertigte Dinge!Unser Unternehmen wurde 2012 aus der Leidenschaft f\u00fcr das Handwerk und insbesondere f\u00fcr die Verarbeitung von Olivenholz gegr\u00fcndet. Wir arbeiten mit Handwerkern aus Umbrien zusammen, um ein immer neues Sortiment und neue Artikel zu kreieren, die sowohl f\u00fcr die Einrichtung als auch f\u00fcr die K\u00fcche entwickelt wurden. Unser Ziel...","protected":false},"author":2,"featured_media":0,"parent":0,"menu_order":0,"comment_status":"closed","ping_status":"closed","template":"","meta":{"_acf_changed":false,"footnotes":""},"class_list":["post-6861","page","type-page","status-publish","hentry"],"acf":[],"_links":{"self":[{"href":"https:\/\/www.dolivo.shop\/de\/wp-json\/wp\/v2\/pages\/6861","targetHints":{"allow":["GET"]}}],"collection":[{"href":"https:\/\/www.dolivo.shop\/de\/wp-json\/wp\/v2\/pages"}],"about":[{"href":"https:\/\/www.dolivo.shop\/de\/wp-json\/wp\/v2\/types\/page"}],"author":[{"embeddable":true,"href":"https:\/\/www.dolivo.shop\/de\/wp-json\/wp\/v2\/users\/2"}],"replies":[{"embeddable":true,"href":"https:\/\/www.dolivo.shop\/de\/wp-json\/wp\/v2\/comments?post=6861"}],"version-history":[{"count":1,"href":"https:\/\/www.dolivo.shop\/de\/wp-json\/wp\/v2\/pages\/6861\/revisions"}],"predecessor-version":[{"id":6862,"href":"https:\/\/www.dolivo.shop\/de\/wp-json\/wp\/v2\/pages\/6861\/revisions\/6862"}],"wp:attachment":[{"href":"https:\/\/www.dolivo.shop\/de\/wp-json\/wp\/v2\/media?parent=6861"}],"curies":[{"name":"wp","href":"https:\/\/api.w.org\/{rel}","templated":true}]}}