{"id":6863,"date":"2021-11-04T16:40:18","date_gmt":"2021-11-04T15:40:18","guid":{"rendered":"https:\/\/www.dolivo.shop\/?page_id=6863"},"modified":"2021-11-07T10:42:24","modified_gmt":"2021-11-07T09:42:24","slug":"kontakte","status":"publish","type":"page","link":"https:\/\/www.dolivo.shop\/de\/kontakte\/","title":{"rendered":"Kontakte"},"content":{"rendered":"<section class=\"l-section wpb_row us_custom_e9958f83 height_large\"><div class=\"l-section-h i-cf\"><div class=\"g-cols vc_row via_flex valign_top type_default stacking_default\"><div class=\"vc_col-sm-7 wpb_column vc_column_container\"><div class=\"vc_column-inner\"><div class=\"wpb_wrapper\"><h5 class=\"w-text us_custom_a46fc4ed\"><span class=\"w-text-h\"><span class=\"w-text-value\">W\u00fcnschen Sie Informationen zu unseren handgefertigten Produkten? F\u00fcllen Sie das Kontaktformular aus<\/span><\/span><\/h5><div class=\"w-separator size_small\"><\/div><form class=\"w-form  us-field-style_1 layout_ver for_cform us_form_1\" autocomplete=\"off\" action=\"https:\/\/www.dolivo.shop\/de\/wp-json\/wp\/v2\/pages\/6863\" method=\"post\"><div class=\"w-form-h\"><div class=\"w-form-row for_text has_label required with_icon\">\r\n\t\t\t<div class=\"w-form-row-label\">\r\n\t\t\t<span>Name und Nachname *<\/span>\r\n\t\t<\/div>\r\n\t\t<div class=\"w-form-row-field\">\r\n\t\t\t\t<i class=\"material-icons\">person<\/i>\t\t<input aria-label=\"Name und Nachname\" type=\"text\" name=\"us_form_1_text_1\" value placeholder data-required=\"true\" aria-required=\"true\"\/>\r\n\t\t\t<\/div>\r\n\t\t<div class=\"w-form-row-state\">Bitte f\u00fcllen Sie dieses Feld aus.<\/div>\r\n<\/div>\r\n<div class=\"w-form-row for_text has_label required with_icon\">\r\n\t\t\t<div class=\"w-form-row-label\">\r\n\t\t\t<span>Email *<\/span>\r\n\t\t<\/div>\r\n\t\t<div class=\"w-form-row-field\">\r\n\t\t\t\t<i class=\"material-icons\">email<\/i>\t\t<input aria-label=\"Email\" type=\"text\" name=\"us_form_1_text_2\" value placeholder data-required=\"true\" aria-required=\"true\"\/>\r\n\t\t\t<\/div>\r\n\t\t<div class=\"w-form-row-state\">Bitte f\u00fcllen Sie dieses Feld aus.<\/div>\r\n<\/div>\r\n<div class=\"w-form-row for_text has_label with_icon\">\r\n\t\t\t<div class=\"w-form-row-label\">\r\n\t\t\t<span>Telefon<\/span>\r\n\t\t<\/div>\r\n\t\t<div class=\"w-form-row-field\">\r\n\t\t\t\t<i class=\"material-icons\">phone<\/i>\t\t<input aria-label=\"Telefon\" type=\"text\" name=\"us_form_1_text_3\" value placeholder\/>\r\n\t\t\t<\/div>\r\n\t\t<div class=\"w-form-row-state\">Bitte f\u00fcllen Sie dieses Feld aus.<\/div>\r\n<\/div>\r\n<div class=\"w-form-row for_textarea has_label with_icon\">\r\n\t\t\t<div class=\"w-form-row-label\">\r\n\t\t\t<span>Nachricht<\/span>\r\n\t\t<\/div>\r\n\t\t<div class=\"w-form-row-field\">\r\n\t\t\t\t<i class=\"material-icons\">create<\/i>\t\t<textarea aria-label=\"Nachricht\" name=\"us_form_1_textarea_1\" placeholder><\/textarea>\r\n\t\t\t<\/div>\r\n\t\t<div class=\"w-form-row-state\">Bitte f\u00fcllen Sie dieses Feld aus.<\/div>\r\n<\/div>\r\n<div class=\"w-form-row for_agreement required\">\r\n\t\t<div class=\"w-form-row-field\">\r\n\t\t\t\t<label>\r\n\t\t\t<input type=\"checkbox\" value=\"1\" data-required=\"true\" aria-required=\"true\" name=\"us_form_1_agreement_1\"\/>\r\n\t\t\t<span>Ich akzeptiere die <a href=\"\/privacy-policy\">policy<\/a> zur Datenverarbeitung<\/span>\r\n\t\t<\/label>\r\n\t\t\t<\/div>\r\n\t\t<div class=\"w-form-row-state\">Sie m\u00fcssen den Bedingungen zustimmen, um fortzufahren.<\/div>\r\n<\/div>\r\n<input type=\"hidden\" name=\"action\" value=\"us_ajax_cform\" \/>\r\n<input type=\"hidden\" name=\"post_id\" value=\"0\" \/>\r\n<input type=\"hidden\" name=\"form_index\" value=\"1\" \/>\r\n<div class=\"w-form-row for_submit align_none\">\r\n\t<button class=\"w-btn  us-btn-style_1\" aria-label=\"Nachricht senden\" type=\"submit\">\r\n\t\t<span class=\"g-preloader type_1\"><\/span>\r\n\t\t\t\t<span class=\"w-btn-label\">Nachricht senden<\/span>\r\n\t\t\t<\/button>\r\n\t<\/div>\r\n<\/div><div class=\"w-form-message\"><\/div><div class=\"w-form-json hidden\" onclick='return {&quot;ajaxurl&quot;:&quot;https:\\\/\\\/www.dolivo.shop\\\/wp-admin\\\/admin-ajax.php&quot;,&quot;messages&quot;:{&quot;err_empty&quot;:&quot;Bitte f\\u00fcllen Sie dieses Feld aus.&quot;,&quot;err_size&quot;:&quot;Die Dateigr\\u00f6\\u00dfe darf %s MB nicht \\u00fcberschreiten&quot;,&quot;err_extension&quot;:&quot;Dateityp %s ist nicht zul\\u00e4ssig&quot;}}'><\/div><\/form><\/div><\/div><\/div><div class=\"vc_col-sm-5 wpb_column vc_column_container\"><div class=\"vc_column-inner\"><div class=\"wpb_wrapper\"><div class=\"wpb_text_column\"><div class=\"wpb_wrapper\"><h6><strong>Folgen Sie uns in den sozialen Medien<\/strong><\/h6>\n<\/div><\/div><div class=\"w-separator size_custom with_line width_default thick_1 style_solid color_border align_center\" style=\"height:10px\"><div class=\"w-separator-h\"><\/div><\/div><div class=\"w-separator size_small\"><\/div><div class=\"w-socials us_custom_a6ceb248 color_link shape_none\" style=\"--gap:0.1em;\"><div class=\"w-socials-list\"><div class=\"w-socials-item instagram\"><a target=\"_blank\" rel=\"nofollow noopener\" href=\"https:\/\/www.instagram.com\/dolivoshop\/\" class=\"w-socials-item-link\" aria-label=\"Instagram\"><span class=\"w-socials-item-link-hover\"><\/span><i class=\"fab fa-instagram\"><\/i><\/a><div class=\"w-socials-item-popup\"><span>Instagram<\/span><\/div><\/div><div class=\"w-socials-item facebook\"><a target=\"_blank\" rel=\"nofollow noopener\" href=\"https:\/\/www.facebook.com\/dolivoshop\" class=\"w-socials-item-link\" aria-label=\"Facebook\"><span class=\"w-socials-item-link-hover\"><\/span><i class=\"fab fa-facebook\"><\/i><\/a><div class=\"w-socials-item-popup\"><span>Facebook<\/span><\/div><\/div><\/div><\/div><div class=\"w-separator size_medium\"><\/div><div class=\"wpb_text_column\"><div class=\"wpb_wrapper\"><h6><strong>Kontaktinfo<\/strong><\/h6>\n<\/div><\/div><div class=\"w-separator size_custom with_line width_default thick_1 style_solid color_border align_center\" style=\"height:10px\"><div class=\"w-separator-h\"><\/div><\/div><div class=\"w-separator size_small\"><\/div><div class=\"w-iconbox us_custom_2007f56d iconpos_left style_default color_light align_left\"><div class=\"w-iconbox-icon\" style=\"font-size:;\"><i class=\"material-icons\">home<\/i><\/div><div class=\"w-iconbox-meta\"><h4 class=\"w-iconbox-title\" style=\"font-size:1.2rem;\">Verkaufsstelle in Assisi<\/h4><div class=\"w-iconbox-text\"><p>Corso Mazzini, 23 &#8211; 06081 Assisi (PG) Italia<\/p>\n<\/div><\/div><\/div><div class=\"w-separator size_small\"><\/div><div class=\"w-iconbox us_custom_21c75757 iconpos_left style_default color_light align_left no_text\"><a title=\"Contatti\" href=\"mailto:info@dolivo.shop\" class=\"w-iconbox-link\" aria-label=\"info@dolivo.shop\"><div class=\"w-iconbox-icon\" style=\"font-size:;\"><i class=\"material-icons\">mail<\/i><\/div><\/a><div class=\"w-iconbox-meta\"><p class=\"w-iconbox-title\"><a title=\"Contatti\" href=\"mailto:info@dolivo.shop\" class=\"w-iconbox-link\" aria-label=\"info@dolivo.shop\">info@dolivo.shop<\/a><\/p><\/div><\/div><div class=\"w-separator size_small\"><\/div><div class=\"w-iconbox us_custom_21c75757 iconpos_left style_default color_light align_left no_text\"><a title=\"Contatti\" href=\"tel:+393283654880\" class=\"w-iconbox-link\" aria-label=\"+39 328 36 54 880\"><div class=\"w-iconbox-icon\" style=\"font-size:;\"><i class=\"material-icons\">phone<\/i><\/div><\/a><div class=\"w-iconbox-meta\"><p class=\"w-iconbox-title\"><a title=\"Contatti\" href=\"tel:+393283654880\" class=\"w-iconbox-link\" aria-label=\"+39 328 36 54 880\">+39 328 36 54 880<\/a><\/p><\/div><\/div><div class=\"w-separator size_small\"><\/div><\/div><\/div><\/div><\/div><\/div><\/section>\n","protected":false},"excerpt":{"rendered":"W\u00fcnschen Sie Informationen zu unseren handgefertigten Produkten? F\u00fcllen Sie das Kontaktformular aus Name und Nachname * person Bitte f\u00fcllen Sie dieses Feld aus. Email * email Bitte f\u00fcllen Sie dieses Feld aus. Telefon phone Bitte f\u00fcllen Sie dieses Feld aus. Nachricht create Bitte f\u00fcllen Sie dieses Feld aus. Ich akzeptiere die policy zur Datenverarbeitung Sie...","protected":false},"author":2,"featured_media":0,"parent":0,"menu_order":0,"comment_status":"closed","ping_status":"closed","template":"","meta":{"_acf_changed":false,"footnotes":""},"class_list":["post-6863","page","type-page","status-publish","hentry"],"acf":[],"_links":{"self":[{"href":"https:\/\/www.dolivo.shop\/de\/wp-json\/wp\/v2\/pages\/6863","targetHints":{"allow":["GET"]}}],"collection":[{"href":"https:\/\/www.dolivo.shop\/de\/wp-json\/wp\/v2\/pages"}],"about":[{"href":"https:\/\/www.dolivo.shop\/de\/wp-json\/wp\/v2\/types\/page"}],"author":[{"embeddable":true,"href":"https:\/\/www.dolivo.shop\/de\/wp-json\/wp\/v2\/users\/2"}],"replies":[{"embeddable":true,"href":"https:\/\/www.dolivo.shop\/de\/wp-json\/wp\/v2\/comments?post=6863"}],"version-history":[{"count":1,"href":"https:\/\/www.dolivo.shop\/de\/wp-json\/wp\/v2\/pages\/6863\/revisions"}],"predecessor-version":[{"id":6864,"href":"https:\/\/www.dolivo.shop\/de\/wp-json\/wp\/v2\/pages\/6863\/revisions\/6864"}],"wp:attachment":[{"href":"https:\/\/www.dolivo.shop\/de\/wp-json\/wp\/v2\/media?parent=6863"}],"curies":[{"name":"wp","href":"https:\/\/api.w.org\/{rel}","templated":true}]}}