{"id":6865,"date":"2021-11-04T16:44:39","date_gmt":"2021-11-04T15:44:39","guid":{"rendered":"https:\/\/www.dolivo.shop\/?page_id=6865"},"modified":"2021-11-04T16:44:40","modified_gmt":"2021-11-04T15:44:40","slug":"verarbeitung","status":"publish","type":"page","link":"https:\/\/www.dolivo.shop\/de\/verarbeitung\/","title":{"rendered":"Verarbeitung"},"content":{"rendered":"<section class=\"l-section wpb_row height_small\"><div class=\"l-section-h i-cf\"><div class=\"g-cols vc_row via_flex valign_top type_default stacking_default\"><div class=\"vc_col-sm-12 wpb_column vc_column_container\"><div class=\"vc_column-inner\"><div class=\"wpb_wrapper\"><div class=\"g-cols wpb_row via_flex valign_middle type_default stacking_default\"><div class=\"vc_col-sm-6 wpb_column vc_column_container\"><div class=\"vc_column-inner\"><div class=\"wpb_wrapper\"><h1 class=\"w-post-elm post_title entry-title color_link_inherit\">Verarbeitung<\/h1><\/div><\/div><\/div><div class=\"vc_col-sm-6 wpb_column vc_column_container\"><div class=\"vc_column-inner\"><div class=\"wpb_wrapper\"><nav class=\"g-breadcrumbs us_custom_80a192e9 separator_icon align_right\" itemscope itemtype=\"http:\/\/schema.org\/BreadcrumbList\"><div class=\"g-breadcrumbs-item\" itemscope itemprop=\"itemListElement\" itemtype=\"http:\/\/schema.org\/ListItem\"><a itemprop=\"item\" href=\"https:\/\/www.dolivo.shop\/de\/\"><span itemprop=\"name\">Start<\/span><\/a><meta itemprop=\"position\" content=\"1\"\/><\/div><div class=\"g-breadcrumbs-separator\"><i class=\"fas fa-angle-right\"><\/i><\/div><div class=\"g-breadcrumbs-item\">Seiten<\/div><\/nav><\/div><\/div><\/div><\/div><\/div><\/div><\/div><\/div><\/div><\/section><section class=\"l-section wpb_row us_custom_d1dfe95e height_auto with_img\"><div class=\"l-section-img\" role=\"img\" data-img-width=\"1920\" data-img-height=\"1280\" style=\"background-image: url(https:\/\/www.dolivo.shop\/wp-content\/uploads\/2021\/05\/olive-tree-333975_1920.jpg);background-position: center left;background-repeat: no-repeat;\"><\/div><div class=\"l-section-h i-cf\"><div class=\"g-cols vc_row via_flex valign_top type_default stacking_default\"><div class=\"vc_col-sm-7 wpb_column vc_column_container has_bg_color\"><div class=\"vc_column-inner us_custom_74ac8017\"><div class=\"wpb_wrapper\"><div class=\"g-cols wpb_row us_custom_a5624e31 via_flex valign_top type_default stacking_default\"><div class=\"vc_col-sm-12 wpb_column vc_column_container us_animate_afb\"><div class=\"vc_column-inner\"><div class=\"wpb_wrapper\"><h2 class=\"w-text us_custom_1f257949\"><span class=\"w-text-h\"><span class=\"w-text-value\">Jeder Artikel ist handgefertigtes Unikat!<\/span><\/span><\/h2><div class=\"w-separator size_small\"><\/div><div class=\"wpb_text_column\"><div class=\"wpb_wrapper\"><p>Unser erstes Ziel ist es, \u00fcber den Verkauf, den Menschen die Sch\u00f6nheit und die Leidenschaft nahe zu bringen, die hinter einem handwerklich hergestellten Produkt stecken. Ob Holz, Leder, Glas, Keramik oder \u00e4hnliches, was z\u00e4hlt, ist die Kreativit\u00e4t und die Erfahrung des Handwerkers. Nehmen wir beispielsweise das Olivenholz, seine Verarbeitung beginnt bereits bei der Trocknung in Form von Brettern oder St\u00e4mmen. Sie kann ungef\u00e4hr 2 bis 8 Jahre dauern, ein Zeitraum, in dem das Holz starken \u00c4nderungen und Schrumpfungen unterliegt, die letztendlich die tats\u00e4chliche Oberfl\u00e4che bestimmen, die f\u00fcr die Verarbeitung geeignet ist. Danach wird der Stamm oder das Brett ausgew\u00e4hlt, das je nach dem herzustellenden Artikel zu verwenden ist. Die eingesetzten Techniken und Instrumente reichen vom Pantographen bis zu Fr\u00e4sen, Bands\u00e4gen, Drehmaschinen, Hohlmei\u00dfel und Laser, und ihre Auswahl wird der Erfahrung des K\u00fcnstlers anvertraut, der wei\u00df, dass er auf eine echte \u201eMission\u201c zusteuert. Daf\u00fcr machen die Maserungen jeden Artikel am Ende der Bearbeitung anders und auf seine Art einzigartig und gut f\u00fcr den Einsatz in der K\u00fcche geeignet, da er kompakt und somit nicht sehr por\u00f6s ist. Tats\u00e4chlich nimmt es keine Ger\u00fcche von dem auf, was darauf geschnitten wird. Dar\u00fcber hinaus ergeben sich je nach Verwendungszweck Vorteile, wie zum Beispiel: mit den Schneidbrettern kann alles M\u00f6gliche geschnitten und serviert werden (Gem\u00fcse, Wurstwaren, K\u00e4se, Fleisch, Fisch, Schokolade), ohne dass sie vom Messer zerbr\u00f6ckelt oder ruiniert werden. Geeignet zum Servieren von Weichk\u00e4se (der auf Olivenholz nicht festklebt). Oder die sch\u00f6nen und zeitlosen Schalen, die je nach ihrer Gr\u00f6\u00dfe Obst, N\u00fcsse, Brot, Reissalat, Panzanella, Nudelsalat, Suppe, H\u00fclsenfr\u00fcchte, Oliven, verschiedene Konfit\u00fcren oder Gew\u00fcrze enthalten k\u00f6nnen.<\/p>\n<\/div><\/div><\/div><\/div><\/div><\/div><\/div><\/div><\/div><div class=\"vc_col-sm-5 wpb_column vc_column_container\"><div class=\"vc_column-inner us_custom_68ec3198\"><div class=\"wpb_wrapper\"><\/div><\/div><\/div><\/div><\/div><\/section><section class=\"l-section wpb_row height_huge\"><div class=\"l-section-h i-cf\"><div class=\"g-cols vc_row via_flex valign_top type_boxes stacking_default\"><div class=\"vc_col-sm-5 wpb_column vc_column_container\"><div class=\"vc_column-inner\"><div class=\"wpb_wrapper\"><div class=\"w-image align_center us_animate_afb\"><div class=\"w-image-h\"><img decoding=\"async\" width=\"782\" height=\"1200\" src=\"https:\/\/www.dolivo.shop\/wp-content\/uploads\/2021\/07\/foto-lavorazione.jpg\" class=\"attachment-full size-full\" alt=\"Oggettistica il legno di Ulivo - D&#039;olivo\" loading=\"lazy\" srcset=\"https:\/\/www.dolivo.shop\/wp-content\/uploads\/2021\/07\/foto-lavorazione.jpg 782w, https:\/\/www.dolivo.shop\/wp-content\/uploads\/2021\/07\/foto-lavorazione-196x300.jpg 196w, https:\/\/www.dolivo.shop\/wp-content\/uploads\/2021\/07\/foto-lavorazione-52x80.jpg 52w, https:\/\/www.dolivo.shop\/wp-content\/uploads\/2021\/07\/foto-lavorazione-59x90.jpg 59w, https:\/\/www.dolivo.shop\/wp-content\/uploads\/2021\/07\/foto-lavorazione-65x100.jpg 65w, https:\/\/www.dolivo.shop\/wp-content\/uploads\/2021\/07\/foto-lavorazione-46x70.jpg 46w, https:\/\/www.dolivo.shop\/wp-content\/uploads\/2021\/07\/foto-lavorazione-13x20.jpg 13w, https:\/\/www.dolivo.shop\/wp-content\/uploads\/2021\/07\/foto-lavorazione-26x40.jpg 26w, https:\/\/www.dolivo.shop\/wp-content\/uploads\/2021\/07\/foto-lavorazione-33x50.jpg 33w, https:\/\/www.dolivo.shop\/wp-content\/uploads\/2021\/07\/foto-lavorazione-78x120.jpg 78w, https:\/\/www.dolivo.shop\/wp-content\/uploads\/2021\/07\/foto-lavorazione-23x35.jpg 23w, https:\/\/www.dolivo.shop\/wp-content\/uploads\/2021\/07\/foto-lavorazione-261x400.jpg 261w, https:\/\/www.dolivo.shop\/wp-content\/uploads\/2021\/07\/foto-lavorazione-42x65.jpg 42w, https:\/\/www.dolivo.shop\/wp-content\/uploads\/2021\/07\/foto-lavorazione-130x200.jpg 130w, https:\/\/www.dolivo.shop\/wp-content\/uploads\/2021\/07\/foto-lavorazione-163x250.jpg 163w\" sizes=\"auto, (max-width: 782px) 100vw, 782px\" \/><\/div><\/div><\/div><\/div><\/div><div class=\"vc_col-sm-7 wpb_column vc_column_container us_animate_afb\"><div class=\"vc_column-inner\"><div class=\"wpb_wrapper\"><h2 class=\"w-text us_custom_1f257949\"><span class=\"w-text-h\"><span class=\"w-text-value\">Jeder Artikel ein kleines Kunstwerk!<\/span><\/span><\/h2><div class=\"w-separator size_small\"><\/div><div class=\"wpb_text_column\"><div class=\"wpb_wrapper\"><p>Auch f\u00fcr die Notizb\u00fccher aus Leder gilt im Gro\u00dfen und Ganzen dasselbe Konzept der \u201eHandwerkskunst\u201c wie beim Olivenholz. Jedes Notizbuch unterscheidet sich leicht vom anderen aufgrund der pflanzlichen und nicht synthetischen Gerbungen, die jedes Mal anders sind. Es gibt zwei Arten von Verarbeitungstechniken f\u00fcr die Notizb\u00fccher: mit \u201eTrockenpr\u00e4gung\u201c und mit \u201eSublimationsdruck\u201c, mit Trockenpr\u00e4gung sind zum Beispiel die Notizb\u00fccher mit oder ohne Tau-Pr\u00e4gung auf dem Umschlag; es ist und bleibt die am weitesten verbreitete Drucktechnik: mit Druck und Hitze wird das Leder dauerhaft gepr\u00e4gt. Der Verschluss mit einem langen Lederband scheint aus der Zeit der Schreiber zu stammen und diente dazu, die weniger wichtigen Manuskripte zusammenzuhalten, die nicht auf klassische, sondern auf teure Weise gebunden wurden, d. h. indem die einzelnen Seiten (fast immer aus Pergament) miteinander vern\u00e4ht und verklebt wurden, bis zur Erstellung des Manuskripts, wie wir es heute kennen. Der \u201eSublimationsdruck\u201c ist dagegen eine Technik, bei der die Pigmente durch Druck, Hitze und Dampf in die obere Schicht des Leders \u201egedr\u00fcckt\u201c werden. Grunds\u00e4tzlich kann es als ein richtiges Tattoo definiert werden, das an sich unausl\u00f6schlich ist. Das ist auch der Grund, warum zwischen dem sublimierten und dem handgef\u00e4rbten Teil des Leders keine Dicke zu sp\u00fcren ist.<\/p>\n<p>Unter den angebotenen Artikeln befinden sich auch direkt von uns hergestellte, wie die Armb\u00e4nder aus Kordel, die mit Perlen aus Olivenholz und Glas zusammengestellt werden oder die Rosenkr\u00e4nze, die urspr\u00fcnglich f\u00fcr die Franziskaner und die Klarissen hergestellt wurden. Sehr dekorativ sind die Tau, die kleinen Bilder oder rustikalen Scheiben, die wir mit Acrylfarben von Hand bemalen. Eine Technik, die sich gut auf Olivenholz eignet, das oft den Hintergrund oder den Rahmen f\u00fcr das Bild selbst bildet.<\/p>\n<\/div><\/div><\/div><\/div><\/div><\/div><\/div><\/section>\n","protected":false},"excerpt":{"rendered":"VerarbeitungStartSeitenJeder Artikel ist handgefertigtes Unikat!Unser erstes Ziel ist es, \u00fcber den Verkauf, den Menschen die Sch\u00f6nheit und die Leidenschaft nahe zu bringen, die hinter einem handwerklich hergestellten Produkt stecken. Ob Holz, Leder, Glas, Keramik oder \u00e4hnliches, was z\u00e4hlt, ist die Kreativit\u00e4t und die Erfahrung des Handwerkers. Nehmen wir beispielsweise das Olivenholz, seine Verarbeitung beginnt bereits...","protected":false},"author":2,"featured_media":0,"parent":0,"menu_order":0,"comment_status":"closed","ping_status":"closed","template":"","meta":{"_acf_changed":false,"footnotes":""},"class_list":["post-6865","page","type-page","status-publish","hentry"],"acf":[],"_links":{"self":[{"href":"https:\/\/www.dolivo.shop\/de\/wp-json\/wp\/v2\/pages\/6865","targetHints":{"allow":["GET"]}}],"collection":[{"href":"https:\/\/www.dolivo.shop\/de\/wp-json\/wp\/v2\/pages"}],"about":[{"href":"https:\/\/www.dolivo.shop\/de\/wp-json\/wp\/v2\/types\/page"}],"author":[{"embeddable":true,"href":"https:\/\/www.dolivo.shop\/de\/wp-json\/wp\/v2\/users\/2"}],"replies":[{"embeddable":true,"href":"https:\/\/www.dolivo.shop\/de\/wp-json\/wp\/v2\/comments?post=6865"}],"version-history":[{"count":1,"href":"https:\/\/www.dolivo.shop\/de\/wp-json\/wp\/v2\/pages\/6865\/revisions"}],"predecessor-version":[{"id":6866,"href":"https:\/\/www.dolivo.shop\/de\/wp-json\/wp\/v2\/pages\/6865\/revisions\/6866"}],"wp:attachment":[{"href":"https:\/\/www.dolivo.shop\/de\/wp-json\/wp\/v2\/media?parent=6865"}],"curies":[{"name":"wp","href":"https:\/\/api.w.org\/{rel}","templated":true}]}}