{"id":6867,"date":"2021-11-04T17:02:45","date_gmt":"2021-11-04T16:02:45","guid":{"rendered":"https:\/\/www.dolivo.shop\/?page_id=6867"},"modified":"2022-01-26T19:19:50","modified_gmt":"2022-01-26T18:19:50","slug":"versandbedingungen","status":"publish","type":"page","link":"https:\/\/www.dolivo.shop\/de\/versandbedingungen\/","title":{"rendered":"Versandbedingungen"},"content":{"rendered":"<section class=\"l-section wpb_row height_large\"><div class=\"l-section-h i-cf\"><div class=\"g-cols vc_row via_flex valign_top type_default stacking_default\"><div class=\"vc_col-sm-12 wpb_column vc_column_container\"><div class=\"vc_column-inner\"><div class=\"wpb_wrapper\"><h2 class=\"w-text\"><span class=\"w-text-h\"><span class=\"w-text-value\">Versandbedingungen<\/span><\/span><\/h2><div class=\"w-separator size_small with_line width_default thick_1 style_solid color_border align_center\"><div class=\"w-separator-h\"><\/div><\/div><div class=\"wpb_text_column\"><div class=\"wpb_wrapper\"><p>Die auf der Website www.dolivo.shop angegebenen Liefertermine und Lieferzeiten sind lediglich als Richtwerte zu betrachten. Die Firma Arte Legno Spello srl wird sich bem\u00fchen, die Liefertermine und Lieferzeiten einzuhalten und die Produkte innerhalb der gesetzlich zul\u00e4ssigen H\u00f6chstgrenzen zu versenden. Sie kann jedoch nicht f\u00fcr Unzul\u00e4nglichkeiten verantwortlich gemacht werden, die auf h\u00f6here Gewalt oder unvorhersehbare Umst\u00e4nde zur\u00fcckzuf\u00fchren sind, auch wenn diese durch St\u00f6rungen und Ausf\u00e4lle des Internets verursacht wurden und in jedem Fall nicht von ihr zu vertreten sind, sofern sie den Bestellauftrag nicht innerhalb der im Vertrag festgelegten Zeit abwickeln kann.<\/p>\n<p>Die Lieferung erfolgt an eine g\u00fcltige, vom Verbraucher angegebene Adresse innerhalb Deutschlands und \u00d6sterreichs (Lieferadresse). Es liegt stets in der Verantwortung des Verbrauchers, die angegebene Lieferadresse zu \u00fcberpr\u00fcfen und eventuelle Fehler oder Auslassungen unverz\u00fcglich mitzuteilen. Die Firma beh\u00e4lt sich das Recht vor, dem Verbraucher alle zus\u00e4tzlichen Kosten in Rechnung zu stellen, die durch nicht rechtzeitig mitgeteilte \u00c4nderungen der Lieferadresse entstehen.<\/p>\n<p>Die Produkte werden per BRT Expresskurier versandt und an die vom Verbraucher angegebene Adresse geliefert. F\u00fcr den Fall, dass der Verbraucher die Annahme des Produkts verweigert oder die Lieferung nicht gem\u00e4\u00df den Bestimmungen dieser allgemeinen Verkaufsbedingungen annehmen kann, tr\u00e4gt er alle mit dem Verlust oder der Besch\u00e4digung der Produkte verbundenen Risiken.<\/p>\n<p>Unbeschadet der vom geltenden Recht anerkannten zwingenden Rechte hat der Verbraucher nicht das Recht, die Produkte ganz oder teilweise abzulehnen, und tr\u00e4gt die gesamten Kosten, auch wenn die Lieferung nicht erfolgt oder unvollst\u00e4ndig ist, es sei denn, es erfolgt sofort bei Lieferung der Ware eine schriftliche Reklamation; nach dieser schriftlichen Mitteilung wird dem Verbraucher, sofern diese anerkannt wird, der fehlende oder besch\u00e4digte Teil erstattet.<\/p>\n<p>Das mit dem Verlust oder der Besch\u00e4digung der Produkte verbundene Risiko tr\u00e4gt der Verbraucher bei Lieferung der Produkte ab dem Moment, in dem die Produkte in seinen Besitz gelangen.<\/p>\n<p><strong>R\u00dcCKTRITTSRECHT<\/strong><br \/>\nIn \u00dcbereinstimmung mit den geltenden Gesetzesbestimmungen kann der Verbraucher innerhalb von 14 Tagen vom Kauf zur\u00fccktreten, indem er seine entsprechende Willenserkl\u00e4rung per Einschreiben an die folgende Adresse richtet:<\/p>\n<p><em>D\u2019olivo di Scipio De Curtis<\/em><br \/>\n<em>Corso Mazzini, 23 \u2013 06081 Assisi (Pg)<\/em><\/p>\n<p>oder E-Mail an folgende Adresse: <a href=\"mailto:info@dolivo.shop\">info@dolivo.shop<\/a><\/p>\n<p>Macht der Verbraucher von seinem R\u00fccktrittsrecht Gebrauch, muss er das Produkt unversehrt, unbesch\u00e4digt und in einwandfreiem Zustand zur\u00fccksenden und alle notwendigen Vorkehrungen treffen, um das Produkt in seinem Besitz zu erhalten, es auf eigene Kosten in der Originalverpackung zusammen mit den entsprechenden Steuerunterlagen aufzubewahren und es innerhalb von 3 Tagen nach Aus\u00fcbung des R\u00fccktrittsrechts an den Verk\u00e4ufer zur\u00fcckzusenden, wobei er die ordnungsgem\u00e4\u00dfe Zustellung desselben zu gew\u00e4hrleisten hat. Die Produkte sind an die obengenannte Adresse zur\u00fcckzusenden. Der Verbraucher hat in diesem Fall das Recht auf die R\u00fcckerstattung des Produktpreises, ohne Strafzahlungen, mit Ausnahme der Versand-\/ R\u00fccksendekosten, die zu seinen Lasten gehen. Im Falle von M\u00e4ngeln oder Fehlern, die ordnungsgem\u00e4\u00df und unverz\u00fcglich gemeldet werden, ist die Firma verpflichtet, den Preis des besch\u00e4digten oder fehlerhaften Produkts nach firmeninterner \u00dcberpr\u00fcfung zur\u00fcckzuerstatten, nachdem dieses an die oben angegebene Adresse zur\u00fcckgeschickt wurde. In jedem Fall bleibt die Verantwortung des Transportunternehmens f\u00fcr Besch\u00e4digung oder Verlust der Produkte oder eines Teils davon w\u00e4hrend des Transports, ab dem Moment, in dem er diese erh\u00e4lt und bis zur Lieferung an den Verbraucher, unber\u00fchrt. Die R\u00fcckerstattung erfolgt innerhalb von 14 Tagen ab dem Tag, an dem die Ware unversehrt und in einwandfreiem Zustand an der obengenannten Adresse eintrifft.<\/p>\n<p><strong>AUSNAHMEN VOM R\u00dcCKTRITTSRECHT<\/strong><br \/>\nWie in Art. 59, Buchstabe d) des ital. GvD Nr. 206\/2005, ge\u00e4ndert durch das ital. GvD Nr. 21\/2014, vorgesehen, gilt das R\u00fccktrittsrecht in Bezug auf die Lieferung von Waren, die schnell verderben oder ablaufen k\u00f6nnen, als ausgeschlossen.<\/p>\n<p><strong>RECHTE AN GEISTIGEM EIGENTUM<\/strong><br \/>\nDer Verbraucher hat das Recht, auf die Website zuzugreifen, um sich zu informieren und Eink\u00e4ufe zu t\u00e4tigen. Eine andere, insbesondere kommerzielle Nutzung der Website und ihrer Inhalte ist nicht gestattet. Alle audiovisuellen Elemente dieser Website und die damit verbundene verwendete Technologie bleiben Eigentum der Firma D&#8217;Olivo und sind durch das Recht an geistigem Eigentum gesch\u00fctzt. Die Firma D&#8217;Olivo haftet nicht f\u00fcr die Verletzung von Rechten an geistigem Eigentum, Urheberrechten, Geschmacksmustern, Marken oder anderen Rechten Dritter, die durch den Verbraucher verursacht werden. Zu diesem Zweck stellt der Verbraucher die Firma von jeglicher Haftung, Forderung und jeglichen Kosten frei, die diese infolge einer Aktivit\u00e4t des Verbrauchers zu tragen oder zu \u00fcbernehmen hat, die eine Verletzung oder angebliche Verletzung der geistigen Eigentumsrechte Dritter verursacht.<\/p>\n<p><strong>KONFORMIT\u00c4TSGARANTIE<\/strong><br \/>\nDie Firma D\u2019olivo\u00a0 &#8211; Scipio De Curtis garantiert die h\u00f6chste Qualit\u00e4t der aus Olivenholz gefertigten Produkte.<\/p>\n<p><strong>HAFTUNG<\/strong><br \/>\nDie Firma \u00fcbernimmt keine Haftung f\u00fcr Unzul\u00e4nglichkeiten, die auf h\u00f6here Gewalt oder unvorhersehbare Umst\u00e4nde zur\u00fcckzuf\u00fchren sind, auch wenn diese durch St\u00f6rungen und Ausf\u00e4lle des Internets verursacht wurden, sofern sie den Bestellauftrag nicht innerhalb der im Vertrag festgelegten Zeit abwickeln kann.<\/p>\n<p><strong>VERWALTUNG DER PERSONENBEZOGENEN DATEN, DIE BEIM KAUF UND\/ODER BEI DER REGISTRIERUNG AUF DER WEBSITE BEREITGESTELLT WERDEN<\/strong><br \/>\nDie personenbezogenen Daten, die der Verbraucher beim Kauf und\/oder bei der Registrierung auf der Website bereitstellt, werden in \u00dcbereinstimmung mit den geltenden Datenschutzbestimmungen verwaltet (siehe DATENSCHUTZERKL\u00c4RUNG UND COOKIE-RICHTLINIE). Der Verbraucher hat das Recht, jederzeit die L\u00f6schung der Registrierung auf der Website (Kontol\u00f6schung) zu verlangen und ist sich bewusst, dass eine solche L\u00f6schung die Entfernung aller seiner Daten und aller Vorg\u00e4nge, die er auf der Website durchgef\u00fchrt hat, einschlie\u00dflich der Transaktionen und der Bestellhistorie, beinhaltet.<\/p>\n<p><strong>VOLLST\u00c4NDIGKEIT<\/strong><br \/>\nDiese Allgemeinen Verkaufsbedingungen setzen sich aus der Gesamtheit der darin enthaltenen Klauseln zusammen. Sollten eine oder mehrere Bestimmungen dieser Allgemeinen Verkaufsbedingungen als ung\u00fcltig erachtet oder gem\u00e4\u00df Gesetz, Verordnung oder aufgrund einer Entscheidung eines zust\u00e4ndigen Gerichts f\u00fcr ung\u00fcltig erkl\u00e4rt werden, so bleiben die \u00fcbrigen Bestimmungen weiterhin in vollem Umfang in Kraft und wirksam.<\/p>\n<p><strong>ANWENDBARES GESETZ<\/strong><br \/>\nAlle Vertr\u00e4ge werden in Italien geschlossen und unterliegen den italienischen Fernabsatzgesetzen und dem ital. GvD Nr. 70 vom 9.4.2003, in Umsetzung der Europ\u00e4ischen Richtlinie \u00fcber den elektronischen Gesch\u00e4ftsverkehr Nr. 2001\/31\/EG, zusammen mit allen anderen anwendbaren Gesetzen und Vorschriften, dem &#8222;Anwendbaren Recht&#8220;.<\/p>\n<p><strong>GERICHTSSTAND<\/strong><br \/>\nF\u00fcr den Verbraucher, der als Endverbraucher verstanden wird, sind das Gericht des Wohnsitzes des Verbrauchers und die entsprechenden Schlichtungsstellen, wie im Anwendbaren Recht vorgesehen, zust\u00e4ndig. Im Falle von Kunden, die nicht in die Kategorie \u201eVerbraucher\u201c gem\u00e4\u00df und im Sinne des ital. GvD Nr. 206\/2005 fallen, ist ausschlie\u00dflich das Gericht von Spoleto zust\u00e4ndig.<\/p>\n<\/div><\/div><div class=\"w-separator size_large\"><\/div><\/div><\/div><\/div><\/div><\/div><\/section>\n","protected":false},"excerpt":{"rendered":"VersandbedingungenDie auf der Website www.dolivo.shop angegebenen Liefertermine und Lieferzeiten sind lediglich als Richtwerte zu betrachten. Die Firma Arte Legno Spello srl wird sich bem\u00fchen, die Liefertermine und Lieferzeiten einzuhalten und die Produkte innerhalb der gesetzlich zul\u00e4ssigen H\u00f6chstgrenzen zu versenden. Sie kann jedoch nicht f\u00fcr Unzul\u00e4nglichkeiten verantwortlich gemacht werden, die auf h\u00f6here Gewalt oder unvorhersehbare Umst\u00e4nde...","protected":false},"author":2,"featured_media":0,"parent":0,"menu_order":0,"comment_status":"closed","ping_status":"closed","template":"","meta":{"_acf_changed":false,"footnotes":""},"class_list":["post-6867","page","type-page","status-publish","hentry"],"acf":[],"_links":{"self":[{"href":"https:\/\/www.dolivo.shop\/de\/wp-json\/wp\/v2\/pages\/6867","targetHints":{"allow":["GET"]}}],"collection":[{"href":"https:\/\/www.dolivo.shop\/de\/wp-json\/wp\/v2\/pages"}],"about":[{"href":"https:\/\/www.dolivo.shop\/de\/wp-json\/wp\/v2\/types\/page"}],"author":[{"embeddable":true,"href":"https:\/\/www.dolivo.shop\/de\/wp-json\/wp\/v2\/users\/2"}],"replies":[{"embeddable":true,"href":"https:\/\/www.dolivo.shop\/de\/wp-json\/wp\/v2\/comments?post=6867"}],"version-history":[{"count":5,"href":"https:\/\/www.dolivo.shop\/de\/wp-json\/wp\/v2\/pages\/6867\/revisions"}],"predecessor-version":[{"id":12478,"href":"https:\/\/www.dolivo.shop\/de\/wp-json\/wp\/v2\/pages\/6867\/revisions\/12478"}],"wp:attachment":[{"href":"https:\/\/www.dolivo.shop\/de\/wp-json\/wp\/v2\/media?parent=6867"}],"curies":[{"name":"wp","href":"https:\/\/api.w.org\/{rel}","templated":true}]}}