{"id":6869,"date":"2021-11-04T17:08:41","date_gmt":"2021-11-04T16:08:41","guid":{"rendered":"https:\/\/www.dolivo.shop\/?page_id=6869"},"modified":"2022-01-26T19:03:26","modified_gmt":"2022-01-26T18:03:26","slug":"allgemeine-geschaeftsbedingungen","status":"publish","type":"page","link":"https:\/\/www.dolivo.shop\/de\/allgemeine-geschaeftsbedingungen\/","title":{"rendered":"Allgemeine Gesch\u00e4ftsbedingungen"},"content":{"rendered":"<section class=\"l-section wpb_row height_large\"><div class=\"l-section-h i-cf\"><div class=\"g-cols vc_row via_flex valign_top type_default stacking_default\"><div class=\"vc_col-sm-12 wpb_column vc_column_container\"><div class=\"vc_column-inner\"><div class=\"wpb_wrapper\"><h2 class=\"w-text\"><span class=\"w-text-h\"><span class=\"w-text-value\">Allgemeine Gesch\u00e4ftsbedingungen<\/span><\/span><\/h2><div class=\"w-separator size_small with_line width_default thick_1 style_solid color_border align_center\"><div class=\"w-separator-h\"><\/div><\/div><div class=\"wpb_text_column\"><div class=\"wpb_wrapper\"><p><strong>ALLGEMEINE BESTIMMUNGEN<\/strong><br \/>\nDiese Gesch\u00e4ftsbedingungen regeln die allgemeinen Verkaufsbedingungen zwischen der Firma D\u2019olivo di Scipio De Curtis, mit Sitz in Assisi PLZ 06081, Corso Mazzini, 23 (PG) &#8211; USt-IdNr. und ital. Steuernummer: 03251640540 und dem Kunden, der einen Kauf auf der Website www.dolivo.shop als privater Verbraucher t\u00e4tigt, gem\u00e4\u00df den Bestimmungen der Art. 48 ff. des ital. GvD Nr. 206\/2005 (Verbraucherschutzgesetz), ge\u00e4ndert durch das ital. GvD Nr. 21\/2014 und das ital. GvD Nr. 70\/2003. Mit der Bestellung erkl\u00e4rt der Verbraucher, alle vorliegenden allgemeinen Verkaufsbedingungen gelesen und vollst\u00e4ndig akzeptiert zu haben.<\/p>\n<p><strong>VERTRAGSGEGENSTAND<\/strong><br \/>\nDie Firma D\u2019olivo di Scipio De Curtis bietet \u00fcber die Website www.artelegnoshop.it einen Online-Verkaufsservice f\u00fcr die auf derselben Website gezeigten Produkte und deren Versand.<br \/>\nDie Gr\u00f6\u00dfe der Artikel aus handwerklicher Fertigung kann unterschiedlich sein, jedoch sind sie stets aus Olivenholz gefertigt, wie auf dem Foto beschrieben. Die Firma D&#8217;Olivo nimmt eventuelle R\u00fccksendungen nur in folgenden F\u00e4llen an:<br \/>\n1. das versandte Objekt in Gr\u00f6\u00dfe und\/oder Gr\u00f6\u00dfe unterschiedlich ist;<br \/>\n2. Das zugestellte Objekt unterscheidet sich als Art (Artikelcode unterscheidet sich vom Kundenauftrag).<\/p>\n<p><strong>VERTRAGSABSCHLUSS<\/strong><br \/>\nDer Verbraucher ist sich bewusst, dass die \u00dcbermittlung des Kaufauftrages die VERPFLICHTUNG zur Zahlung an das vorgenannte Unternehmen mit sich bringt. Vor Vertragsabschluss und vor Absenden der Bestellung mit \u201eZahlungspflicht\u201c wird der Verbraucher informiert \u00fcber:<\/p>\n<p><em>&#8211; Gesamtpreis der Ware inklusive Steuern, mit dem Hinweis, dass Versandkosten und sonstige Nebenkosten nicht im Preis enthalten sind;<\/em><br \/>\n<em>&#8211; Zahlungsbedingungen;<\/em><br \/>\n<em>&#8211; die indikative Frist, innerhalb der sich das Unternehmen zur Lieferung der Ware verpflichtet;<\/em><br \/>\n<em>&#8211; Bedingungen, Fristen und Verfahren f\u00fcr die Aus\u00fcbung des R\u00fccktrittsrechts;<\/em><br \/>\n<em>&#8211; Bestehen der gesetzlichen Konformit\u00e4tsgarantie f\u00fcr die gekauften Produkte.<\/em><br \/>\n<em>&#8211; Verwaltung der personenbezogenen Daten zum Zeitpunkt des Kaufs und\/oder der Registrierung auf der Website.<\/em><\/p>\n<p>Der Verbraucher kann jederzeit und in jedem Fall vor Vertragsabschluss Informationen \u00fcber das Unternehmen, dessen Anschrift, Telefonnummer und E-Mail-Adresse erhalten. Die vom Verbraucher \u00fcbermittelten Bestellungen sind als Vorschlag an die Firma f\u00fcr den Kauf der ausgew\u00e4hlten Produkte zu verstehen. Der Vertrag kommt mit der Annahme durch das Unternehmen zustande, und zwar durch eine Best\u00e4tigungs-\/Annahmemail. Das Unternehmen bewahrt f\u00fcr einen angemessenen Zeitraum, in \u00dcbereinstimmung mit geltendem Recht, Kopien der eingegangenen Bestellungen und gesendeten Annahmen auf.<\/p>\n<p><strong>VERF\u00dcGBARKEIT DER PRODUKTE<\/strong><br \/>\nObgleich wir uns bem\u00fchen, die st\u00e4ndige Verf\u00fcgbarkeit der auf der Website angebotenen Produkte zu gew\u00e4hrleisten, kann das Unternehmen nicht garantieren, dass diese immer verf\u00fcgbar sind, auch nicht nach einer von ihm gesendeten Best\u00e4tigungsmail. In diesem Fall wird die Bestellung automatisch durch Entfernung des nicht verf\u00fcgbaren Produkts korrigiert und der Verbraucher unverz\u00fcglich per E-Mail informiert. Daraufhin wird der Betrag f\u00fcr das fehlende Produkt in \u00dcbereinstimmung mit den Bestimmungen des anwendbaren Rechts und entsprechend der vorgesehenen Bedingungen, d.h. per Bank\u00fcberweisung oder durch Gutschrift auf die f\u00fcr den Kauf verwendete Kreditkarte, erstattet.<\/p>\n<p><strong>PRODUKTPREISE<\/strong><br \/>\nAlle Verkaufspreise der auf der Website www.artelegnoshop.it gezeigten Produkte sind in Euro angegeben und enthalten die Mehrwertsteuer. Die Versandkosten sind nicht im Produktpreis auf der vorgenannten Website enthalten, sondern werden am Ende des Kaufvorgangs vor Ausf\u00fchrung der Zahlung angezeigt und berechnet. Der Verbraucher erkennt das Recht der Firma Arte Legno Spello srl an, ihre Preise jederzeit zu \u00e4ndern. Die Waren werden auf der Grundlage der Preise in Rechnung gestellt, die zum Zeitpunkt der Bestellung auf der Website ausgewiesen und in der vom Unternehmen an den Verbraucher gesendeten Best\u00e4tigungsmail angegeben sind.<\/p>\n<p><strong>R\u00dcCKTRITTSRECHT<\/strong><br \/>\nSie haben das Recht, innerhalb von 7 Werktagen vom Kaufvertrag zur\u00fcckzutreten. Die R\u00fccktrittsfrist l\u00e4uft nach 7 Werktagen ab dem Tag ab, an dem Sie oder ein von Ihnen benannter Dritter, der nicht das Transportunternehmens ist, in den Besitz der Produkte gelangt sind. Um Ihr R\u00fccktrittsrecht auszu\u00fcben, m\u00fcssen Sie uns mittels einer ausdr\u00fccklichen Erkl\u00e4rung \u00fcber Ihren Entschluss, von diesem Vertrag zur\u00fcckzutreten, in Kenntnis setzen. Sie k\u00f6nnen auch jede andere ausdr\u00fcckliche Erkl\u00e4rung per E-Mail an info@dolivo.shop senden.<\/p>\n<p>Sollten Sie diese Option w\u00e4hlen, werden wir Ihnen unverz\u00fcglich eine Eingangsbest\u00e4tigung Ihrer R\u00fccktrittserkl\u00e4rung auf einem dauerhaften Datentr\u00e4ger (z. B. per E-Mail) zusenden. Zur Einhaltung der R\u00fccktrittsfrist reicht es aus, dass Sie die Mitteilung \u00fcber die Aus\u00fcbung des R\u00fccktrittsrechts vor Ablauf der R\u00fccktrittsfrist absenden. In der Mitteilung muss angegeben werden, welche Artikel Sie zur\u00fcckgeben m\u00f6chten und ob Sie einen Ersatz oder eine R\u00fcckerstattung w\u00fcnschen. Das R\u00fccktrittsrecht gilt nicht f\u00fcr Nutzer, die nicht als Verbraucher einkaufen (H\u00e4ndler).<\/p>\n<p>&#8211; Auswirkungen des R\u00fccktritts:<br \/>\nWenn Sie von diesem Vertrag zur\u00fccktreten, erhalten Sie alle Zahlungen, die Sie an uns geleistet haben, mit Ausnahme der Versandkosten, unverz\u00fcglich und sp\u00e4testens binnen 14 Tagen ab dem Tag zur\u00fcck, an dem Sie uns \u00fcber den R\u00fccktritt von diesem Vertrag unterrichten. F\u00fcr diese R\u00fcckzahlungen verwenden wir dasselbe Zahlungsmittel, das Sie bei der urspr\u00fcnglichen Transaktion verwendet haben, es sei denn, mit Ihnen wurde ausdr\u00fccklich ein anderes R\u00fcckzahlungsmittel vereinbart; in keinem Fall werden Ihnen aufgrund dieser R\u00fcckzahlung Entgelte berechnet. Die R\u00fcckerstattung erfolgt, sobald die retournierte Ware bei uns eingetroffen ist. Wenn der Verbraucher die Waren, die den Gegenstand des Vertrages bilden, erhalten hat, wird er gebeten, diese Waren unverz\u00fcglich und in jedem Fall innerhalb von 7 Tagen ab dem Tag, an dem er uns \u00fcber den R\u00fccktritt von diesem Vertrag informiert haben, an uns zur\u00fcckzusenden. Die Frist ist gewahrt, wenn Sie die Waren vor Ablauf der 7-Tage-Frist zur\u00fccksenden. Die R\u00fcckerstattung erfolgt nur, wenn die retournierten Produkte vollkommen intakt, unge\u00f6ffnet und nicht gebraucht sind. F\u00fcr den Fall, dass ein Produkt besch\u00e4digt am Zielort ankommt, senden Sie bitte eine E-Mail an info@dolivo.shop mit angeh\u00e4ngten Fotos. Daraufhin werden wir das besch\u00e4digte Produkt je nach Lagerverf\u00fcgbarkeit ersetzen und einen Kurier zur R\u00fccksendung des Artikels zu Ihnen schicken. Wir weisen den Kunden darauf hin, dass die bestellte Ware unter Vorbehalt angenommen werden muss und die Verantwortung f\u00fcr eventuelle Sch\u00e4den dem Transportunternehmen zuzuschreiben ist.<\/p>\n<p>Ausschl\u00fcsse gem\u00e4\u00df Art. 59 des ital. Verbraucherschutzgesetzes (Gesetzesvertretendes Dekret Nr. 206 vom 6. September 2005):<br \/>\nGem\u00e4\u00df Art. 59 weisen wir darauf hin, dass der R\u00fccktritt f\u00fcr folgende Artikel ausgeschlossen ist (z. B.: Sonderanfertigungen, personalisierte Waren, Waren, die schnell verderben oder ablaufen k\u00f6nnen, wie z. B. Bio-Lebensmittel mit kurzer Haltbarkeit oder Produkte, mit kurzer Haltbarkeit, die zu Aktionspreisen verkauft werden, verderbliche Waren, wenn sie aus ihrer Originalverpackung entnommen wurden bzw., sofern zutreffend, das Garantiesiegel entfernt wurde).<\/p>\n<p><strong>ERKL\u00c4RUNGEN DES VERBRAUCHERS<\/strong><br \/>\nDer Verbraucher erkl\u00e4rt, vollj\u00e4hrig zu sein und die erforderliche Gesch\u00e4ftsf\u00e4higkeit zu besitzen, um einen rechtsg\u00fcltigen Vertrag zwischen den Parteien abzuschlie\u00dfen, und dass die zum Zeitpunkt der Bestellung gemachten Angaben aktuell, richtig und ausreichend sind, um die Bestellung zu bearbeiten.<\/p>\n<\/div><\/div><div class=\"w-separator size_large\"><\/div><\/div><\/div><\/div><\/div><\/div><\/section>\n","protected":false},"excerpt":{"rendered":"Allgemeine Gesch\u00e4ftsbedingungenALLGEMEINE BESTIMMUNGEN Diese Gesch\u00e4ftsbedingungen regeln die allgemeinen Verkaufsbedingungen zwischen der Firma D\u2019olivo di Scipio De Curtis, mit Sitz in Assisi PLZ 06081, Corso Mazzini, 23 (PG) &#8211; USt-IdNr. und ital. Steuernummer: 03251640540 und dem Kunden, der einen Kauf auf der Website www.dolivo.shop als privater Verbraucher t\u00e4tigt, gem\u00e4\u00df den Bestimmungen der Art. 48 ff. des...","protected":false},"author":2,"featured_media":0,"parent":0,"menu_order":0,"comment_status":"closed","ping_status":"closed","template":"","meta":{"_acf_changed":false,"footnotes":""},"class_list":["post-6869","page","type-page","status-publish","hentry"],"acf":[],"_links":{"self":[{"href":"https:\/\/www.dolivo.shop\/de\/wp-json\/wp\/v2\/pages\/6869","targetHints":{"allow":["GET"]}}],"collection":[{"href":"https:\/\/www.dolivo.shop\/de\/wp-json\/wp\/v2\/pages"}],"about":[{"href":"https:\/\/www.dolivo.shop\/de\/wp-json\/wp\/v2\/types\/page"}],"author":[{"embeddable":true,"href":"https:\/\/www.dolivo.shop\/de\/wp-json\/wp\/v2\/users\/2"}],"replies":[{"embeddable":true,"href":"https:\/\/www.dolivo.shop\/de\/wp-json\/wp\/v2\/comments?post=6869"}],"version-history":[{"count":3,"href":"https:\/\/www.dolivo.shop\/de\/wp-json\/wp\/v2\/pages\/6869\/revisions"}],"predecessor-version":[{"id":12469,"href":"https:\/\/www.dolivo.shop\/de\/wp-json\/wp\/v2\/pages\/6869\/revisions\/12469"}],"wp:attachment":[{"href":"https:\/\/www.dolivo.shop\/de\/wp-json\/wp\/v2\/media?parent=6869"}],"curies":[{"name":"wp","href":"https:\/\/api.w.org\/{rel}","templated":true}]}}