{"id":10000,"date":"2021-06-24T16:01:47","date_gmt":"2021-06-24T15:01:47","guid":{"rendered":"https:\/\/www.dolivo.shop\/prodotto\/armband-leder-etna\/"},"modified":"2021-12-10T16:51:21","modified_gmt":"2021-12-10T15:51:21","slug":"lederarmband-etna","status":"publish","type":"product","link":"https:\/\/www.dolivo.shop\/de\/produkt\/lederarmband-etna\/","title":{"rendered":"Lederarmband Etna"},"content":{"rendered":"<p>Unisex Armband mit 2 oder 3 Wicklungen aus echtem Leder. Auch als Halsschmuck zu tragen. Karabinerverschluss. Universalgr\u00f6\u00dfe. L\u00e4nge 53 cm.<\/p>\n<p>Von Hand hergestellt.<\/p>\n","protected":false},"excerpt":{"rendered":"<p>Unisex Armband mit 2 oder 3 Wicklungen aus echtem Leder. Auch als Halsschmuck zu tragen. Karabinerverschluss. Universalgr\u00f6\u00dfe. L\u00e4nge 53 cm. Von Hand hergestellt.<\/p>\n","protected":false},"featured_media":10001,"template":"","meta":{"_acf_changed":false},"product_brand":[],"product_cat":[550,303],"product_tag":[],"class_list":{"0":"post-10000","1":"product","2":"type-product","3":"status-publish","4":"has-post-thumbnail","6":"product_cat-schmuck","7":"product_cat-armbaender","9":"first","10":"instock","11":"taxable","12":"shipping-taxable","13":"purchasable","14":"product-type-simple"},"acf":[],"_links":{"self":[{"href":"https:\/\/www.dolivo.shop\/de\/wp-json\/wp\/v2\/product\/10000","targetHints":{"allow":["GET"]}}],"collection":[{"href":"https:\/\/www.dolivo.shop\/de\/wp-json\/wp\/v2\/product"}],"about":[{"href":"https:\/\/www.dolivo.shop\/de\/wp-json\/wp\/v2\/types\/product"}],"wp:featuredmedia":[{"embeddable":true,"href":"https:\/\/www.dolivo.shop\/de\/wp-json\/wp\/v2\/media\/10001"}],"wp:attachment":[{"href":"https:\/\/www.dolivo.shop\/de\/wp-json\/wp\/v2\/media?parent=10000"}],"wp:term":[{"taxonomy":"product_brand","embeddable":true,"href":"https:\/\/www.dolivo.shop\/de\/wp-json\/wp\/v2\/product_brand?post=10000"},{"taxonomy":"product_cat","embeddable":true,"href":"https:\/\/www.dolivo.shop\/de\/wp-json\/wp\/v2\/product_cat?post=10000"},{"taxonomy":"product_tag","embeddable":true,"href":"https:\/\/www.dolivo.shop\/de\/wp-json\/wp\/v2\/product_tag?post=10000"}],"curies":[{"name":"wp","href":"https:\/\/api.w.org\/{rel}","templated":true}]}}