{"id":10015,"date":"2021-06-24T16:01:33","date_gmt":"2021-06-24T15:01:33","guid":{"rendered":"https:\/\/www.dolivo.shop\/prodotto\/armband-at\/"},"modified":"2025-02-15T07:06:56","modified_gmt":"2025-02-15T06:06:56","slug":"armband-at","status":"publish","type":"product","link":"https:\/\/www.dolivo.shop\/de\/produkt\/armband-at\/","title":{"rendered":"Armband AT"},"content":{"rendered":"<p>Unisex Armband. Perlen aus Olivenholz von 9 mm. Tau 16&#215;19 mm. Universalgr\u00f6\u00dfe.<\/p>\n<p>Von Hand gef\u00e4delt.<\/p>\n","protected":false},"excerpt":{"rendered":"<p>Unisex Armband. Perlen aus Olivenholz von 9 mm. Tau 16&#215;19 mm. Universalgr\u00f6\u00dfe. Von Hand gef\u00e4delt.<\/p>\n","protected":false},"featured_media":10016,"template":"","meta":{"_acf_changed":false},"product_brand":[],"product_cat":[550,303],"product_tag":[],"class_list":{"0":"post-10015","1":"product","2":"type-product","3":"status-publish","4":"has-post-thumbnail","6":"product_cat-schmuck","7":"product_cat-armbaender","9":"first","10":"instock","11":"taxable","12":"shipping-taxable","13":"purchasable","14":"product-type-simple"},"acf":[],"_links":{"self":[{"href":"https:\/\/www.dolivo.shop\/de\/wp-json\/wp\/v2\/product\/10015","targetHints":{"allow":["GET"]}}],"collection":[{"href":"https:\/\/www.dolivo.shop\/de\/wp-json\/wp\/v2\/product"}],"about":[{"href":"https:\/\/www.dolivo.shop\/de\/wp-json\/wp\/v2\/types\/product"}],"wp:featuredmedia":[{"embeddable":true,"href":"https:\/\/www.dolivo.shop\/de\/wp-json\/wp\/v2\/media\/10016"}],"wp:attachment":[{"href":"https:\/\/www.dolivo.shop\/de\/wp-json\/wp\/v2\/media?parent=10015"}],"wp:term":[{"taxonomy":"product_brand","embeddable":true,"href":"https:\/\/www.dolivo.shop\/de\/wp-json\/wp\/v2\/product_brand?post=10015"},{"taxonomy":"product_cat","embeddable":true,"href":"https:\/\/www.dolivo.shop\/de\/wp-json\/wp\/v2\/product_cat?post=10015"},{"taxonomy":"product_tag","embeddable":true,"href":"https:\/\/www.dolivo.shop\/de\/wp-json\/wp\/v2\/product_tag?post=10015"}],"curies":[{"name":"wp","href":"https:\/\/api.w.org\/{rel}","templated":true}]}}