{"id":10243,"date":"2021-11-27T14:39:31","date_gmt":"2021-11-27T13:39:31","guid":{"rendered":"https:\/\/www.dolivo.shop\/?post_type=product&#038;p=10243"},"modified":"2025-09-12T17:20:14","modified_gmt":"2025-09-12T16:20:14","slug":"stopfen-eule-copia-copia-copia-copia-copia-copia-copia-copia","status":"publish","type":"product","link":"https:\/\/www.dolivo.shop\/de\/produkt\/stopfen-eule-copia-copia-copia-copia-copia-copia-copia-copia\/","title":{"rendered":"Tierflaschenverschl\u00fcsse aus Olivenholz"},"content":{"rendered":"<p class=\"p3\">Flaschenverschluss bestehend aus <strong>Naturkork<\/strong> und einer kleinen Tierfigur aus <strong>Olivenholz<\/strong>. Vereint <strong>Funktionalit\u00e4t<\/strong> mit <strong>handwerklicher Verarbeitung<\/strong> \u2013 ideal zum luftdichten Verschlie\u00dfen von Wein- oder Lik\u00f6rflaschen und gleichzeitig als originelle, dekorative Erg\u00e4nzung f\u00fcr den Tisch.<\/p>\n<p>&nbsp;<\/p>\n<p class=\"p3\"><strong>Lebensmittelecht und sicher im Gebrauch.<\/strong><\/p>\n<p>&nbsp;<\/p>\n<p class=\"p3\">Ein charmantes und zugleich praktisches Accessoire, das <strong>originelles Design<\/strong> mit <strong>Funktionalit\u00e4t<\/strong> verbindet. Perfekt, um der K\u00fcche oder dem Esstisch eine warme Note zu verleihen.<\/p>\n<p class=\"p3\">Das <strong>Olivenholz<\/strong> mit seiner einzigartigen Maserung und den warmen, beruhigenden Farbt\u00f6nen macht jedes St\u00fcck zu einem <strong>Unikat<\/strong>. Ausschlie\u00dflich mit nat\u00fcrlichem \u00d6l behandelt \u2013 frei von Lacken oder Chemikalien \u2013 ganz im Einklang mit traditioneller Handwerkskunst und Umweltbewusstsein.<\/p>\n<p class=\"p3\"><strong>Nachhaltig und authentisch<\/strong>: Olivenholz ist die bewusste Wahl f\u00fcr alle, die Sch\u00f6nheit, Alltagstauglichkeit, Natur und Handwerk sch\u00e4tzen.<\/p>\n<h3 class=\"p1\"><b>Eine originelle Idee f\u00fcr ein umweltfreundliches Gastgeschenk<\/b><b><\/b><\/h3>\n<p class=\"p3\">Durch seinen nat\u00fcrlichen Stil und die handwerkliche Verarbeitung ist er ein besonderes Pr\u00e4sent f\u00fcr <em>Hochzeiten, Kommunionen oder andere festliche Anl\u00e4sse<\/em>.<\/p>\n<p>&nbsp;<\/p>\n","protected":false},"excerpt":{"rendered":"<p>Flaschenverschluss bestehend aus Naturkork und einer kleinen Tierfigur aus Olivenholz. Vereint Funktionalit\u00e4t mit handwerklicher Verarbeitung \u2013 ideal zum luftdichten Verschlie\u00dfen von Wein- oder Lik\u00f6rflaschen und gleichzeitig als originelle, dekorative Erg\u00e4nzung f\u00fcr den Tisch. &nbsp; Lebensmittelecht und sicher im Gebrauch. &nbsp; Ein charmantes und zugleich praktisches Accessoire, das originelles Design mit Funktionalit\u00e4t verbindet. Perfekt, um der&#8230;<\/p>\n","protected":false},"featured_media":17706,"template":"","meta":{"_acf_changed":false},"product_brand":[],"product_cat":[277,289],"product_tag":[],"class_list":{"0":"post-10243","1":"product","2":"type-product","3":"status-publish","4":"has-post-thumbnail","6":"product_cat-in-der-kueche","7":"product_cat-weinzubehoer","9":"first","10":"instock","11":"taxable","12":"shipping-taxable","13":"purchasable","14":"product-type-variable"},"acf":[],"_links":{"self":[{"href":"https:\/\/www.dolivo.shop\/de\/wp-json\/wp\/v2\/product\/10243","targetHints":{"allow":["GET"]}}],"collection":[{"href":"https:\/\/www.dolivo.shop\/de\/wp-json\/wp\/v2\/product"}],"about":[{"href":"https:\/\/www.dolivo.shop\/de\/wp-json\/wp\/v2\/types\/product"}],"wp:featuredmedia":[{"embeddable":true,"href":"https:\/\/www.dolivo.shop\/de\/wp-json\/wp\/v2\/media\/17706"}],"wp:attachment":[{"href":"https:\/\/www.dolivo.shop\/de\/wp-json\/wp\/v2\/media?parent=10243"}],"wp:term":[{"taxonomy":"product_brand","embeddable":true,"href":"https:\/\/www.dolivo.shop\/de\/wp-json\/wp\/v2\/product_brand?post=10243"},{"taxonomy":"product_cat","embeddable":true,"href":"https:\/\/www.dolivo.shop\/de\/wp-json\/wp\/v2\/product_cat?post=10243"},{"taxonomy":"product_tag","embeddable":true,"href":"https:\/\/www.dolivo.shop\/de\/wp-json\/wp\/v2\/product_tag?post=10243"}],"curies":[{"name":"wp","href":"https:\/\/api.w.org\/{rel}","templated":true}]}}