{"id":10257,"date":"2021-11-27T14:48:01","date_gmt":"2021-11-27T13:48:01","guid":{"rendered":"https:\/\/www.dolivo.shop\/?post_type=product&#038;p=10257"},"modified":"2025-08-02T19:44:43","modified_gmt":"2025-08-02T18:44:43","slug":"musiknoten-rednerpult","status":"publish","type":"product","link":"https:\/\/www.dolivo.shop\/de\/produkt\/musiknoten-rednerpult\/","title":{"rendered":"Musiknoten Rednerpult"},"content":{"rendered":"<p>Rednerpult geeignet f\u00fcr <span class=\"item_price\">Brevier, Bibel, Stundenliturgie<\/span>.<\/p>\n<p><span class=\"item_price\">In drei verschiedenen Positionen verstellbar.<\/span><\/p>\n<p>Nutzfl\u00e4che f\u00fcr das Buch, 22&#215;35 cm.<\/p>\n","protected":false},"excerpt":{"rendered":"<p>Rednerpult geeignet f\u00fcr Brevier, Bibel, Stundenliturgie. In drei verschiedenen Positionen verstellbar. Nutzfl\u00e4che f\u00fcr das Buch, 22&#215;35 cm.<\/p>\n","protected":false},"featured_media":19675,"template":"","meta":{"_acf_changed":false},"product_brand":[],"product_cat":[582,569],"product_tag":[],"class_list":{"0":"post-10257","1":"product","2":"type-product","3":"status-publish","4":"has-post-thumbnail","6":"product_cat-lesepulte","7":"product_cat-religiose-artikel","9":"first","10":"instock","11":"taxable","12":"shipping-taxable","13":"purchasable","14":"product-type-simple"},"acf":[],"_links":{"self":[{"href":"https:\/\/www.dolivo.shop\/de\/wp-json\/wp\/v2\/product\/10257","targetHints":{"allow":["GET"]}}],"collection":[{"href":"https:\/\/www.dolivo.shop\/de\/wp-json\/wp\/v2\/product"}],"about":[{"href":"https:\/\/www.dolivo.shop\/de\/wp-json\/wp\/v2\/types\/product"}],"wp:featuredmedia":[{"embeddable":true,"href":"https:\/\/www.dolivo.shop\/de\/wp-json\/wp\/v2\/media\/19675"}],"wp:attachment":[{"href":"https:\/\/www.dolivo.shop\/de\/wp-json\/wp\/v2\/media?parent=10257"}],"wp:term":[{"taxonomy":"product_brand","embeddable":true,"href":"https:\/\/www.dolivo.shop\/de\/wp-json\/wp\/v2\/product_brand?post=10257"},{"taxonomy":"product_cat","embeddable":true,"href":"https:\/\/www.dolivo.shop\/de\/wp-json\/wp\/v2\/product_cat?post=10257"},{"taxonomy":"product_tag","embeddable":true,"href":"https:\/\/www.dolivo.shop\/de\/wp-json\/wp\/v2\/product_tag?post=10257"}],"curies":[{"name":"wp","href":"https:\/\/api.w.org\/{rel}","templated":true}]}}