{"id":10294,"date":"2021-09-26T16:23:02","date_gmt":"2021-09-26T15:23:02","guid":{"rendered":"https:\/\/www.dolivo.shop\/prodotto\/frosch-2\/"},"modified":"2026-02-27T18:07:41","modified_gmt":"2026-02-27T17:07:41","slug":"frosch-2","status":"publish","type":"product","link":"https:\/\/www.dolivo.shop\/de\/produkt\/frosch-2\/","title":{"rendered":"Lesezeichen \u201eBiene\u201c aus Olivenholz"},"content":{"rendered":"<h2 class=\"p1\">Lesezeichen \u201eBiene\u201c aus Olivenholz<b><\/b><\/h2>\n<p class=\"p3\">Ein kleines Detail, das bleibt: Dieses handgefertigte Lesezeichen aus Olivenholz wird durch eine charmante Biene im zarten, modernen Design veredelt. Perfekt als Begleiter f\u00fcr jedes Buch \u2013 und zugleich ein n\u00fctzliches, elegantes Geschenk f\u00fcr B\u00fccherliebhaber, Lehrkr\u00e4fte, Katecheten oder besondere G\u00e4ste.<\/p>\n<p class=\"p3\">Gefertigt aus echtem Olivenholz ist jedes St\u00fcck ein <strong>Unikat<\/strong>: Die nat\u00fcrliche Maserung und die warmen Farbnuancen variieren von Exemplar zu Exemplar und machen den besonderen Charakter dieses Holzes aus. Die schlanke Form ist leicht und praktisch \u2013 ideal, um es zwischen die Seiten zu legen, ohne das Buch zu besch\u00e4digen.<\/p>\n<h2 class=\"p1\">Eine originelle, umweltfreundliche Geschenkidee (Bomboniera)<b><\/b><\/h2>\n<p class=\"p3\">Der nat\u00fcrliche Stil und die sorgf\u00e4ltige Handwerksarbeit machen dieses Lesezeichen zu einem passenden Andenken f\u00fcr Erstkommunion, Taufe, besondere Anl\u00e4sse oder auch als Platzk\u00e4rtchen.<\/p>\n<p class=\"p3\">Auf Wunsch fertigen wir <span class=\"s1\"><b>personalisierte Gravuren<\/b><\/span> an.<\/p>\n<p class=\"p3\"><span class=\"s1\"><b>Ma\u00dfe:<\/b><\/span> 5 \u00d7 14 cm.<\/p>\n","protected":false},"excerpt":{"rendered":"<p>Lesezeichen \u201eBiene\u201c aus Olivenholz Ein kleines Detail, das bleibt: Dieses handgefertigte Lesezeichen aus Olivenholz wird durch eine charmante Biene im zarten, modernen Design veredelt. Perfekt als Begleiter f\u00fcr jedes Buch \u2013 und zugleich ein n\u00fctzliches, elegantes Geschenk f\u00fcr B\u00fccherliebhaber, Lehrkr\u00e4fte, Katecheten oder besondere G\u00e4ste. Gefertigt aus echtem Olivenholz ist jedes St\u00fcck ein Unikat: Die nat\u00fcrliche&#8230;<\/p>\n","protected":false},"featured_media":21361,"template":"","meta":{"_acf_changed":false},"product_brand":[],"product_cat":[366,870],"product_tag":[],"class_list":{"0":"post-10294","1":"product","2":"type-product","3":"status-publish","4":"has-post-thumbnail","6":"product_cat-geschenkartikel","7":"product_cat-lesezeichen","9":"first","10":"instock","11":"taxable","12":"shipping-taxable","13":"purchasable","14":"product-type-simple"},"acf":[],"_links":{"self":[{"href":"https:\/\/www.dolivo.shop\/de\/wp-json\/wp\/v2\/product\/10294","targetHints":{"allow":["GET"]}}],"collection":[{"href":"https:\/\/www.dolivo.shop\/de\/wp-json\/wp\/v2\/product"}],"about":[{"href":"https:\/\/www.dolivo.shop\/de\/wp-json\/wp\/v2\/types\/product"}],"wp:featuredmedia":[{"embeddable":true,"href":"https:\/\/www.dolivo.shop\/de\/wp-json\/wp\/v2\/media\/21361"}],"wp:attachment":[{"href":"https:\/\/www.dolivo.shop\/de\/wp-json\/wp\/v2\/media?parent=10294"}],"wp:term":[{"taxonomy":"product_brand","embeddable":true,"href":"https:\/\/www.dolivo.shop\/de\/wp-json\/wp\/v2\/product_brand?post=10294"},{"taxonomy":"product_cat","embeddable":true,"href":"https:\/\/www.dolivo.shop\/de\/wp-json\/wp\/v2\/product_cat?post=10294"},{"taxonomy":"product_tag","embeddable":true,"href":"https:\/\/www.dolivo.shop\/de\/wp-json\/wp\/v2\/product_tag?post=10294"}],"curies":[{"name":"wp","href":"https:\/\/api.w.org\/{rel}","templated":true}]}}