{"id":10298,"date":"2021-09-26T16:17:55","date_gmt":"2021-09-26T15:17:55","guid":{"rendered":"https:\/\/www.dolivo.shop\/prodotto\/schildkrote\/"},"modified":"2026-02-27T18:10:17","modified_gmt":"2026-02-27T17:10:17","slug":"schildkrote","status":"publish","type":"product","link":"https:\/\/www.dolivo.shop\/de\/produkt\/schildkrote\/","title":{"rendered":"Lesezeichen \u201eSchildkr\u00f6te\u201c aus Olivenholz"},"content":{"rendered":"<h2 class=\"p1\">Lesezeichen \u201eSchildkr\u00f6te\u201c aus Olivenholz<b><\/b><\/h2>\n<p class=\"p3\">Ein kleines Detail, das lange bleibt: Dieses handgefertigte Lesezeichen aus Olivenholz wird durch eine charmante Schildkr\u00f6te im zarten, modernen Design veredelt. Ideal als Begleiter f\u00fcr jedes Buch \u2013 und zugleich ein n\u00fctzliches, elegantes Erinnerungsst\u00fcck zum Verschenken an B\u00fccherliebhaber, Lehrerinnen, Katechet:innen oder besondere G\u00e4ste.<\/p>\n<p class=\"p3\">Gefertigt aus echtem Olivenholz ist jedes St\u00fcck ein <strong>Unikat<\/strong>: Die nat\u00fcrliche Maserung und die warmen Farbt\u00f6ne variieren bei jedem Lesezeichen und machen den Charakter dieses edlen Holzes sichtbar. Die schlanke Form ist praktisch und leicht \u2013 perfekt, um es zwischen die Seiten zu legen, ohne das Buch zu besch\u00e4digen.<\/p>\n<h2 class=\"p1\">Eine originelle, eco-friendly Geschenkidee<b><\/b><\/h2>\n<p class=\"p3\">Der nat\u00fcrliche Stil und die handwerkliche Verarbeitung machen dieses Lesezeichen zu einem idealen kleinen Geschenk f\u00fcr Kommunionen, Taufen, besondere Anl\u00e4sse oder als Tischk\u00e4rtchen\/Platzhalter.<\/p>\n<p class=\"p3\">Auf Wunsch fertigen wir personalisierte Gravuren an.<\/p>\n<p class=\"p3\"><span class=\"s1\"><b>Ma\u00dfe:<\/b><\/span> 5,5 \u00d7 13,5 cm.<\/p>\n","protected":false},"excerpt":{"rendered":"<p>Lesezeichen \u201eSchildkr\u00f6te\u201c aus Olivenholz Ein kleines Detail, das lange bleibt: Dieses handgefertigte Lesezeichen aus Olivenholz wird durch eine charmante Schildkr\u00f6te im zarten, modernen Design veredelt. Ideal als Begleiter f\u00fcr jedes Buch \u2013 und zugleich ein n\u00fctzliches, elegantes Erinnerungsst\u00fcck zum Verschenken an B\u00fccherliebhaber, Lehrerinnen, Katechet:innen oder besondere G\u00e4ste. Gefertigt aus echtem Olivenholz ist jedes St\u00fcck ein&#8230;<\/p>\n","protected":false},"featured_media":21379,"template":"","meta":{"_acf_changed":false},"product_brand":[],"product_cat":[366,870],"product_tag":[],"class_list":{"0":"post-10298","1":"product","2":"type-product","3":"status-publish","4":"has-post-thumbnail","6":"product_cat-geschenkartikel","7":"product_cat-lesezeichen","9":"first","10":"instock","11":"taxable","12":"shipping-taxable","13":"purchasable","14":"product-type-simple"},"acf":[],"_links":{"self":[{"href":"https:\/\/www.dolivo.shop\/de\/wp-json\/wp\/v2\/product\/10298","targetHints":{"allow":["GET"]}}],"collection":[{"href":"https:\/\/www.dolivo.shop\/de\/wp-json\/wp\/v2\/product"}],"about":[{"href":"https:\/\/www.dolivo.shop\/de\/wp-json\/wp\/v2\/types\/product"}],"wp:featuredmedia":[{"embeddable":true,"href":"https:\/\/www.dolivo.shop\/de\/wp-json\/wp\/v2\/media\/21379"}],"wp:attachment":[{"href":"https:\/\/www.dolivo.shop\/de\/wp-json\/wp\/v2\/media?parent=10298"}],"wp:term":[{"taxonomy":"product_brand","embeddable":true,"href":"https:\/\/www.dolivo.shop\/de\/wp-json\/wp\/v2\/product_brand?post=10298"},{"taxonomy":"product_cat","embeddable":true,"href":"https:\/\/www.dolivo.shop\/de\/wp-json\/wp\/v2\/product_cat?post=10298"},{"taxonomy":"product_tag","embeddable":true,"href":"https:\/\/www.dolivo.shop\/de\/wp-json\/wp\/v2\/product_tag?post=10298"}],"curies":[{"name":"wp","href":"https:\/\/api.w.org\/{rel}","templated":true}]}}