{"id":10306,"date":"2021-09-26T16:00:51","date_gmt":"2021-09-26T15:00:51","guid":{"rendered":"https:\/\/www.dolivo.shop\/prodotto\/hund-2\/"},"modified":"2026-02-27T18:12:56","modified_gmt":"2026-02-27T17:12:56","slug":"hund-2","status":"publish","type":"product","link":"https:\/\/www.dolivo.shop\/de\/produkt\/hund-2\/","title":{"rendered":"Lesezeichen \u201eHund\u201c aus Olivenholz"},"content":{"rendered":"<h2 class=\"p1\">Lesezeichen \u201eHund\u201c aus Olivenholz<b><\/b><\/h2>\n<p class=\"p3\">Ein kleines Detail, das bleibt: Dieses handgefertigte <span class=\"s1\"><b>Lesezeichen aus Olivenholz<\/b><\/span> wird durch einen liebevollen <span class=\"s1\"><b>Hund<\/b><\/span> in einem feinen, modernen Design veredelt. Ideal als Begleiter f\u00fcr jedes Buch \u2013 und zugleich ein <span class=\"s1\"><b>praktisches, elegantes Geschenk<\/b><\/span> f\u00fcr B\u00fccherliebhaber, Lehrkr\u00e4fte, Katecheten oder besondere G\u00e4ste.<\/p>\n<p class=\"p3\">Gefertigt aus <span class=\"s1\"><b>echtem Olivenholz<\/b><\/span>, ist jedes St\u00fcck ein <strong>Unikat<\/strong>: Die <span class=\"s1\"><b>nat\u00fcrliche Maserung<\/b><\/span> und die warmen, goldbraunen <span class=\"s1\"><b>Farbnuancen<\/b><\/span> variieren von Exemplar zu Exemplar. Dank der schlanken Form ist es leicht und angenehm in der Handhabung \u2013 perfekt, um es zwischen die Seiten zu legen, <span class=\"s1\"><b>ohne das Buch zu besch\u00e4digen<\/b><\/span>.<\/p>\n<h2 class=\"p1\">Eine originelle, eco-friendly Idee als Gastgeschenk<b><\/b><\/h2>\n<p class=\"p3\">Der nat\u00fcrliche Look und die sorgf\u00e4ltige Handarbeit machen dieses Lesezeichen zu einer sch\u00f6nen Aufmerksamkeit f\u00fcr <span class=\"s1\"><b>Erstkommunion, Taufe, besondere Anl\u00e4sse<\/b><\/span> oder auch als <span class=\"s1\"><b>Tischk\u00e4rtchen\/Platzhalter<\/b><\/span>.<\/p>\n<p class=\"p3\">Auf Wunsch fertigen wir <span class=\"s1\"><b>personalisierte Gravuren<\/b><\/span> an.<\/p>\n<p class=\"p3\"><span class=\"s1\"><b>Ma\u00dfe:<\/b><\/span> 5 \u00d7 15,5 cm.<\/p>\n","protected":false},"excerpt":{"rendered":"<p>Lesezeichen \u201eHund\u201c aus Olivenholz Ein kleines Detail, das bleibt: Dieses handgefertigte Lesezeichen aus Olivenholz wird durch einen liebevollen Hund in einem feinen, modernen Design veredelt. Ideal als Begleiter f\u00fcr jedes Buch \u2013 und zugleich ein praktisches, elegantes Geschenk f\u00fcr B\u00fccherliebhaber, Lehrkr\u00e4fte, Katecheten oder besondere G\u00e4ste. Gefertigt aus echtem Olivenholz, ist jedes St\u00fcck ein Unikat: Die&#8230;<\/p>\n","protected":false},"featured_media":21399,"template":"","meta":{"_acf_changed":false},"product_brand":[],"product_cat":[366,870],"product_tag":[],"class_list":{"0":"post-10306","1":"product","2":"type-product","3":"status-publish","4":"has-post-thumbnail","6":"product_cat-geschenkartikel","7":"product_cat-lesezeichen","9":"first","10":"instock","11":"taxable","12":"shipping-taxable","13":"purchasable","14":"product-type-simple"},"acf":[],"_links":{"self":[{"href":"https:\/\/www.dolivo.shop\/de\/wp-json\/wp\/v2\/product\/10306","targetHints":{"allow":["GET"]}}],"collection":[{"href":"https:\/\/www.dolivo.shop\/de\/wp-json\/wp\/v2\/product"}],"about":[{"href":"https:\/\/www.dolivo.shop\/de\/wp-json\/wp\/v2\/types\/product"}],"wp:featuredmedia":[{"embeddable":true,"href":"https:\/\/www.dolivo.shop\/de\/wp-json\/wp\/v2\/media\/21399"}],"wp:attachment":[{"href":"https:\/\/www.dolivo.shop\/de\/wp-json\/wp\/v2\/media?parent=10306"}],"wp:term":[{"taxonomy":"product_brand","embeddable":true,"href":"https:\/\/www.dolivo.shop\/de\/wp-json\/wp\/v2\/product_brand?post=10306"},{"taxonomy":"product_cat","embeddable":true,"href":"https:\/\/www.dolivo.shop\/de\/wp-json\/wp\/v2\/product_cat?post=10306"},{"taxonomy":"product_tag","embeddable":true,"href":"https:\/\/www.dolivo.shop\/de\/wp-json\/wp\/v2\/product_tag?post=10306"}],"curies":[{"name":"wp","href":"https:\/\/api.w.org\/{rel}","templated":true}]}}