{"id":10310,"date":"2021-09-26T15:55:07","date_gmt":"2021-09-26T14:55:07","guid":{"rendered":"https:\/\/www.dolivo.shop\/prodotto\/taube\/"},"modified":"2026-02-27T18:15:17","modified_gmt":"2026-02-27T17:15:17","slug":"taube","status":"publish","type":"product","link":"https:\/\/www.dolivo.shop\/de\/produkt\/taube\/","title":{"rendered":"Lesezeichen \u201eTaube\u201c aus Olivenholz"},"content":{"rendered":"<h2 class=\"p1\">Lesezeichen \u201eTaube\u201c aus Olivenholz<b><\/b><\/h2>\n<p class=\"p3\">Ein kleines Detail, das bleibt: Dieses handgefertigte <span class=\"s1\"><b>Lesezeichen aus Olivenholz<\/b><\/span> wird durch eine charmante <span class=\"s1\"><b>Taube<\/b><\/span> mit zartem, modernem Design veredelt. Ideal als Begleiter f\u00fcr jedes Buch \u2013 und zugleich ein <span class=\"s1\"><b>n\u00fctzliches, elegantes Erinnerungsst\u00fcck<\/b><\/span> zum Verschenken an B\u00fccherliebhaber, Lehrkr\u00e4fte, Katecheten oder besondere G\u00e4ste.<\/p>\n<p class=\"p3\">Gefertigt aus <span class=\"s1\"><b>echtem Olivenholz<\/b><\/span>, ist jedes St\u00fcck dank der <span class=\"s1\"><b>einzigartigen, nat\u00fcrlichen Maserung<\/b><\/span> und der typischen <span class=\"s1\"><b>warmen Farbt\u00f6ne<\/b><\/span> ein Unikat. Die schlanke Form macht es praktisch und leicht \u2013 perfekt, um es zwischen die Seiten zu legen, ohne das Buch zu besch\u00e4digen.<\/p>\n<h2 class=\"p1\">Eine originelle, umweltfreundliche Geschenkidee<b><\/b><\/h2>\n<p class=\"p3\">Der nat\u00fcrliche Stil und die sorgf\u00e4ltige Handarbeit machen es zu einem perfekten Pr\u00e4sent f\u00fcr <span class=\"s1\"><b>Erstkommunion<\/b><\/span>, <span class=\"s1\"><b>Taufe<\/b><\/span>, <span class=\"s1\"><b>besondere Anl\u00e4sse<\/b><\/span> oder als <span class=\"s1\"><b>Tischkarte\/Platzhalter<\/b><\/span>.<\/p>\n<p class=\"p3\">Auf Wunsch fertigen wir <span class=\"s1\"><b>personalisierte Gravuren<\/b><\/span> an.<\/p>\n<p class=\"p3\"><span class=\"s1\"><b>Ma\u00dfe:<\/b><\/span> 4,5 \u00d7 15 cm.<\/p>\n","protected":false},"excerpt":{"rendered":"<p>Lesezeichen \u201eTaube\u201c aus Olivenholz Ein kleines Detail, das bleibt: Dieses handgefertigte Lesezeichen aus Olivenholz wird durch eine charmante Taube mit zartem, modernem Design veredelt. Ideal als Begleiter f\u00fcr jedes Buch \u2013 und zugleich ein n\u00fctzliches, elegantes Erinnerungsst\u00fcck zum Verschenken an B\u00fccherliebhaber, Lehrkr\u00e4fte, Katecheten oder besondere G\u00e4ste. Gefertigt aus echtem Olivenholz, ist jedes St\u00fcck dank der&#8230;<\/p>\n","protected":false},"featured_media":21427,"template":"","meta":{"_acf_changed":false},"product_brand":[],"product_cat":[366,870],"product_tag":[],"class_list":{"0":"post-10310","1":"product","2":"type-product","3":"status-publish","4":"has-post-thumbnail","6":"product_cat-geschenkartikel","7":"product_cat-lesezeichen","9":"first","10":"instock","11":"taxable","12":"shipping-taxable","13":"purchasable","14":"product-type-simple"},"acf":[],"_links":{"self":[{"href":"https:\/\/www.dolivo.shop\/de\/wp-json\/wp\/v2\/product\/10310","targetHints":{"allow":["GET"]}}],"collection":[{"href":"https:\/\/www.dolivo.shop\/de\/wp-json\/wp\/v2\/product"}],"about":[{"href":"https:\/\/www.dolivo.shop\/de\/wp-json\/wp\/v2\/types\/product"}],"wp:featuredmedia":[{"embeddable":true,"href":"https:\/\/www.dolivo.shop\/de\/wp-json\/wp\/v2\/media\/21427"}],"wp:attachment":[{"href":"https:\/\/www.dolivo.shop\/de\/wp-json\/wp\/v2\/media?parent=10310"}],"wp:term":[{"taxonomy":"product_brand","embeddable":true,"href":"https:\/\/www.dolivo.shop\/de\/wp-json\/wp\/v2\/product_brand?post=10310"},{"taxonomy":"product_cat","embeddable":true,"href":"https:\/\/www.dolivo.shop\/de\/wp-json\/wp\/v2\/product_cat?post=10310"},{"taxonomy":"product_tag","embeddable":true,"href":"https:\/\/www.dolivo.shop\/de\/wp-json\/wp\/v2\/product_tag?post=10310"}],"curies":[{"name":"wp","href":"https:\/\/api.w.org\/{rel}","templated":true}]}}