{"id":11087,"date":"2021-12-09T16:16:06","date_gmt":"2021-12-09T15:16:06","guid":{"rendered":"https:\/\/www.dolivo.shop\/?post_type=product&#038;p=11087"},"modified":"2026-03-02T21:54:18","modified_gmt":"2026-03-02T20:54:18","slug":"monstranz-chiara","status":"publish","type":"product","link":"https:\/\/www.dolivo.shop\/de\/produkt\/monstranz-chiara\/","title":{"rendered":"Goldfarbene Monstranz \u201eSanta Chiara\u201c aus vergoldetem Metall und Olivenholz"},"content":{"rendered":"<h2 class=\"p1\">Schlicht in der Form, tief in der Bedeutung<b><\/b><\/h2>\n<p class=\"p3\">Ein Ostensorium mit klarer, zeitgem\u00e4\u00dfer Linienf\u00fchrung, in dem die Reinheit der Formen auf den unverf\u00e4lschten Wert von echtem Olivenholz trifft. Diese Ausf\u00fchrung besticht durch ihre minimalistische Eleganz und r\u00fcckt das Wesentliche in den Mittelpunkt: die eucharistische Gegenwart.<\/p>\n<p class=\"p3\">Die runde Schaukapsel, veredelt mit goldfarbenem Metall, nimmt die Hostie mit Zur\u00fcckhaltung und Harmonie auf und setzt zugleich einen edlen Kontrast zum Sockel aus Olivenholz. Gerade das Holz verleiht dem Objekt seinen Charakter: Die nat\u00fcrlichen Maserungen, weich und warm schimmernd, machen jedes Ostensorium zu einem Unikat \u2013 ein lebendiges Zeichen der Natur.<\/p>\n<p class=\"p3\">Olivenholz, seit jeher Symbol f\u00fcr Frieden und Segen, verleiht diesem St\u00fcck eine besonders tiefe spirituelle Dimension. Es ist nicht nur ein Tr\u00e4germaterial, sondern ein Werkstoff, der eine alte Geschichte erz\u00e4hlt und W\u00e4rme, Authentizit\u00e4t sowie ein Gef\u00fchl der Sammlung vermittelt. Seine Widerstandsf\u00e4higkeit und hochwertige Beschaffenheit sorgen f\u00fcr Stabilit\u00e4t und eine lange Lebensdauer, sodass die Sch\u00f6nheit auch im t\u00e4glichen Gebrauch erhalten bleibt.<\/p>\n<p class=\"p3\">Ideal f\u00fcr liturgische R\u00e4ume ebenso wie f\u00fcr kleine, ruhige Gebetsorte \u2013 dieses Ostensorium ist eine stilvolle Wahl f\u00fcr alle, die ein zur\u00fcckhaltendes, zugleich bedeutungsvolles Objekt suchen.<\/p>\n<h2 class=\"p1\">Hauptmerkmale:<b><\/b><\/h2>\n<ul>\n<li>\n<p class=\"p1\"><span class=\"s1\">Sockel aus <\/span><b>echtem Olivenholz<\/b><b><\/b><\/p>\n<\/li>\n<li>\n<p class=\"p1\">runde <span class=\"s1\"><b>goldfarbene Metall-Schaukapsel<\/b><\/span> zur Pr\u00e4sentation der Hostie<\/p>\n<\/li>\n<li>\n<p class=\"p1\">minimalistisches, elegantes Design<\/p>\n<\/li>\n<li>\n<p class=\"p1\">jedes St\u00fcck ein Unikat dank der nat\u00fcrlichen Holzmaserung<\/p>\n<\/li>\n<li>\n<p class=\"p1\">stabile, langlebige Konstruktion<\/p>\n<\/li>\n<li>\n<p class=\"p1\">ideal f\u00fcr Anbetung und Gebetsmomente.<\/p>\n<\/li>\n<\/ul>\n<p class=\"p3\">Ein Objekt, das die Balance zwischen Materie und Spiritualit\u00e4t ausdr\u00fcckt \u2013 und bei dem die schlichte Gestaltung die Tiefe des Symbols besonders hervorhebt.<\/p>\n<p>&nbsp;<\/p>\n<p class=\"p3\"><span class=\"s2\"><b>Ma\u00dfe:<\/b><\/span> Nutzbarer Innendurchmesser der Hostien\u00f6ffnung <span class=\"s2\"><b>6,5 cm<\/b><\/span>. Gesamth\u00f6he <span class=\"s2\"><b>12 cm<\/b><\/span>.<\/p>\n","protected":false},"excerpt":{"rendered":"<p>Schlicht in der Form, tief in der Bedeutung Ein Ostensorium mit klarer, zeitgem\u00e4\u00dfer Linienf\u00fchrung, in dem die Reinheit der Formen auf den unverf\u00e4lschten Wert von echtem Olivenholz trifft. Diese Ausf\u00fchrung besticht durch ihre minimalistische Eleganz und r\u00fcckt das Wesentliche in den Mittelpunkt: die eucharistische Gegenwart. Die runde Schaukapsel, veredelt mit goldfarbenem Metall, nimmt die Hostie&#8230;<\/p>\n","protected":false},"featured_media":11537,"template":"","meta":{"_acf_changed":false},"product_brand":[],"product_cat":[589,569],"product_tag":[],"class_list":{"0":"post-11087","1":"product","2":"type-product","3":"status-publish","4":"has-post-thumbnail","6":"product_cat-monstranzen","7":"product_cat-religiose-artikel","9":"first","10":"instock","11":"taxable","12":"shipping-taxable","13":"purchasable","14":"product-type-simple"},"acf":[],"_links":{"self":[{"href":"https:\/\/www.dolivo.shop\/de\/wp-json\/wp\/v2\/product\/11087","targetHints":{"allow":["GET"]}}],"collection":[{"href":"https:\/\/www.dolivo.shop\/de\/wp-json\/wp\/v2\/product"}],"about":[{"href":"https:\/\/www.dolivo.shop\/de\/wp-json\/wp\/v2\/types\/product"}],"wp:featuredmedia":[{"embeddable":true,"href":"https:\/\/www.dolivo.shop\/de\/wp-json\/wp\/v2\/media\/11537"}],"wp:attachment":[{"href":"https:\/\/www.dolivo.shop\/de\/wp-json\/wp\/v2\/media?parent=11087"}],"wp:term":[{"taxonomy":"product_brand","embeddable":true,"href":"https:\/\/www.dolivo.shop\/de\/wp-json\/wp\/v2\/product_brand?post=11087"},{"taxonomy":"product_cat","embeddable":true,"href":"https:\/\/www.dolivo.shop\/de\/wp-json\/wp\/v2\/product_cat?post=11087"},{"taxonomy":"product_tag","embeddable":true,"href":"https:\/\/www.dolivo.shop\/de\/wp-json\/wp\/v2\/product_tag?post=11087"}],"curies":[{"name":"wp","href":"https:\/\/api.w.org\/{rel}","templated":true}]}}