{"id":11183,"date":"2021-12-09T17:32:51","date_gmt":"2021-12-09T16:32:51","guid":{"rendered":"https:\/\/www.dolivo.shop\/prodotto\/ollampe-3\/"},"modified":"2025-09-17T16:53:04","modified_gmt":"2025-09-17T15:53:04","slug":"ollampe-3","status":"publish","type":"product","link":"https:\/\/www.dolivo.shop\/de\/produkt\/ollampe-3\/","title":{"rendered":"Handgearbeitete \u00d6llampe"},"content":{"rendered":"<p class=\"p3\">Gefertigt mit einem <strong>eleganten Glasbeh\u00e4lter<\/strong> und einer Basis aus edlem <strong>Olivenholz<\/strong> mit einzigartiger Maserung, verbreitet diese \u00d6llampe ein warmes, nat\u00fcrliches Licht und verwandelt jeden Raum in eine gem\u00fctliche und stilvolle Atmosph\u00e4re.<\/p>\n<p class=\"p3\">Docht inklusive. Fassungsverm\u00f6gen: 300 ml.<\/p>\n<p>&nbsp;<\/p>\n<p class=\"p3\">Ein schlichtes und zugleich praktisches Accessoire: Aus authentischem Olivenholz gefertigt, vereint es <strong>Sch\u00f6nheit<\/strong> und <strong>Funktionalit\u00e4t<\/strong>. Perfekt, um K\u00fcche oder Wohnzimmer mit einer warmen Note zu bereichern.<\/p>\n<p class=\"p3\">Das <strong>Olivenholz<\/strong> mit seiner charakteristischen Maserung und den warmen Farbt\u00f6nen macht jede Lampe zu einem <strong>Unikat<\/strong>. Ausschlie\u00dflich mit nat\u00fcrlichem \u00d6l behandelt \u2013 frei von Lacken oder Chemikalien \u2013 im Einklang mit traditioneller Handwerkskunst und Umweltbewusstsein.<\/p>\n<p class=\"p3\"><strong>Nachhaltig und authentisch<\/strong>: Olivenholz ist die bewusste Wahl f\u00fcr alle, die Sch\u00f6nheit, Alltagstauglichkeit, Natur und Handwerk sch\u00e4tzen.<\/p>\n<h3 class=\"p1\"><b>Eine originelle Idee f\u00fcr ein umweltfreundliches Gastgeschenk<\/b><b><\/b><\/h3>\n<p class=\"p3\">Durch ihren nat\u00fcrlichen Stil und die handwerkliche Verarbeitung ist sie ein besonderes Pr\u00e4sent f\u00fcr <em>Hochzeiten, Kommunionen oder andere festliche Anl\u00e4sse<\/em>.<\/p>\n<p class=\"p3\">Auf Wunsch k\u00f6nnen <strong>individuelle Gravuren<\/strong> angefertigt werden.<\/p>\n<p>&nbsp;<\/p>\n<p class=\"p3\"><span class=\"s1\"><b>Ma\u00dfe:<\/b><\/span> 8 \u00d7 11 cm.<\/p>\n<h4 class=\"p1\"><b>Wichtiger Hinweis<\/b><b><\/b><\/h4>\n<p class=\"p3\"><em>Handgefertigtes Unikat: Kleine Abweichungen oder leichte Unregelm\u00e4\u00dfigkeiten sind kein Mangel, sondern ein Zeichen der Echtheit und des nat\u00fcrlichen Charakters des Produkts.<\/em><\/p>\n","protected":false},"excerpt":{"rendered":"<p>Gefertigt mit einem eleganten Glasbeh\u00e4lter und einer Basis aus edlem Olivenholz mit einzigartiger Maserung, verbreitet diese \u00d6llampe ein warmes, nat\u00fcrliches Licht und verwandelt jeden Raum in eine gem\u00fctliche und stilvolle Atmosph\u00e4re. Docht inklusive. Fassungsverm\u00f6gen: 300 ml. &nbsp; Ein schlichtes und zugleich praktisches Accessoire: Aus authentischem Olivenholz gefertigt, vereint es Sch\u00f6nheit und Funktionalit\u00e4t. Perfekt, um K\u00fcche&#8230;<\/p>\n","protected":false},"featured_media":11178,"template":"","meta":{"_acf_changed":false},"product_brand":[],"product_cat":[366,884],"product_tag":[],"class_list":{"0":"post-11183","1":"product","2":"type-product","3":"status-publish","4":"has-post-thumbnail","6":"product_cat-geschenkartikel","7":"product_cat-ollampen-kerzenhalter","9":"first","10":"instock","11":"taxable","12":"shipping-taxable","13":"purchasable","14":"product-type-simple"},"acf":[],"_links":{"self":[{"href":"https:\/\/www.dolivo.shop\/de\/wp-json\/wp\/v2\/product\/11183","targetHints":{"allow":["GET"]}}],"collection":[{"href":"https:\/\/www.dolivo.shop\/de\/wp-json\/wp\/v2\/product"}],"about":[{"href":"https:\/\/www.dolivo.shop\/de\/wp-json\/wp\/v2\/types\/product"}],"wp:featuredmedia":[{"embeddable":true,"href":"https:\/\/www.dolivo.shop\/de\/wp-json\/wp\/v2\/media\/11178"}],"wp:attachment":[{"href":"https:\/\/www.dolivo.shop\/de\/wp-json\/wp\/v2\/media?parent=11183"}],"wp:term":[{"taxonomy":"product_brand","embeddable":true,"href":"https:\/\/www.dolivo.shop\/de\/wp-json\/wp\/v2\/product_brand?post=11183"},{"taxonomy":"product_cat","embeddable":true,"href":"https:\/\/www.dolivo.shop\/de\/wp-json\/wp\/v2\/product_cat?post=11183"},{"taxonomy":"product_tag","embeddable":true,"href":"https:\/\/www.dolivo.shop\/de\/wp-json\/wp\/v2\/product_tag?post=11183"}],"curies":[{"name":"wp","href":"https:\/\/api.w.org\/{rel}","templated":true}]}}