{"id":11186,"date":"2021-12-10T11:50:05","date_gmt":"2021-12-10T10:50:05","guid":{"rendered":"https:\/\/www.dolivo.shop\/?post_type=product&#038;p=11186"},"modified":"2025-08-02T19:25:10","modified_gmt":"2025-08-02T18:25:10","slug":"ollampe-copia-2","status":"publish","type":"product","link":"https:\/\/www.dolivo.shop\/de\/produkt\/ollampe-copia-2\/","title":{"rendered":"Ampullehalter"},"content":{"rendered":"<p>Ampullehalter mit Basis aus Olivenholz.<\/p>\n<p>Olivenholz Basisgr\u00f6\u00dfe 10.5&#215;22 cm.<\/p>\n<p>Jede Ampulle enth\u00e4lt 100 cc.<\/p>\n","protected":false},"excerpt":{"rendered":"<p>Ampullehalter mit Basis aus Olivenholz. Olivenholz Basisgr\u00f6\u00dfe 10.5&#215;22 cm. Jede Ampulle enth\u00e4lt 100 cc.<\/p>\n","protected":false},"featured_media":11208,"template":"","meta":{"_acf_changed":false},"product_brand":[],"product_cat":[569,876],"product_tag":[],"class_list":{"0":"post-11186","1":"product","2":"type-product","3":"status-publish","4":"has-post-thumbnail","6":"product_cat-religiose-artikel","7":"product_cat-verschiedene-religiose-artikel","9":"first","10":"instock","11":"taxable","12":"shipping-taxable","13":"purchasable","14":"product-type-simple"},"acf":[],"_links":{"self":[{"href":"https:\/\/www.dolivo.shop\/de\/wp-json\/wp\/v2\/product\/11186","targetHints":{"allow":["GET"]}}],"collection":[{"href":"https:\/\/www.dolivo.shop\/de\/wp-json\/wp\/v2\/product"}],"about":[{"href":"https:\/\/www.dolivo.shop\/de\/wp-json\/wp\/v2\/types\/product"}],"wp:featuredmedia":[{"embeddable":true,"href":"https:\/\/www.dolivo.shop\/de\/wp-json\/wp\/v2\/media\/11208"}],"wp:attachment":[{"href":"https:\/\/www.dolivo.shop\/de\/wp-json\/wp\/v2\/media?parent=11186"}],"wp:term":[{"taxonomy":"product_brand","embeddable":true,"href":"https:\/\/www.dolivo.shop\/de\/wp-json\/wp\/v2\/product_brand?post=11186"},{"taxonomy":"product_cat","embeddable":true,"href":"https:\/\/www.dolivo.shop\/de\/wp-json\/wp\/v2\/product_cat?post=11186"},{"taxonomy":"product_tag","embeddable":true,"href":"https:\/\/www.dolivo.shop\/de\/wp-json\/wp\/v2\/product_tag?post=11186"}],"curies":[{"name":"wp","href":"https:\/\/api.w.org\/{rel}","templated":true}]}}