{"id":11323,"date":"2021-12-10T15:03:08","date_gmt":"2021-12-10T14:03:08","guid":{"rendered":"https:\/\/www.dolivo.shop\/?post_type=product&#038;p=11323"},"modified":"2021-12-10T15:41:26","modified_gmt":"2021-12-10T14:41:26","slug":"santa-chiara-copia","status":"publish","type":"product","link":"https:\/\/www.dolivo.shop\/de\/produkt\/santa-chiara-copia\/","title":{"rendered":"Santa Cecilia"},"content":{"rendered":"<p>Perlen aus Olivenholz von 6\u00d78 mm. Tau 31\u00d734 mm. L\u00e4nge 32 cm.<\/p>\n<p>Von Hand mit Franziskanerknoten gef\u00e4delt.<\/p>\n","protected":false},"excerpt":{"rendered":"<p>Perlen aus Olivenholz von 6\u00d78 mm. Tau 31\u00d734 mm. L\u00e4nge 32 cm. Von Hand mit Franziskanerknoten gef\u00e4delt.<\/p>\n","protected":false},"featured_media":11327,"template":"","meta":{"_acf_changed":false},"product_brand":[],"product_cat":[569,603],"product_tag":[],"class_list":{"0":"post-11323","1":"product","2":"type-product","3":"status-publish","4":"has-post-thumbnail","6":"product_cat-religiose-artikel","7":"product_cat-rosenkranze","9":"first","10":"instock","11":"taxable","12":"shipping-taxable","13":"purchasable","14":"product-type-simple"},"acf":[],"_links":{"self":[{"href":"https:\/\/www.dolivo.shop\/de\/wp-json\/wp\/v2\/product\/11323","targetHints":{"allow":["GET"]}}],"collection":[{"href":"https:\/\/www.dolivo.shop\/de\/wp-json\/wp\/v2\/product"}],"about":[{"href":"https:\/\/www.dolivo.shop\/de\/wp-json\/wp\/v2\/types\/product"}],"wp:featuredmedia":[{"embeddable":true,"href":"https:\/\/www.dolivo.shop\/de\/wp-json\/wp\/v2\/media\/11327"}],"wp:attachment":[{"href":"https:\/\/www.dolivo.shop\/de\/wp-json\/wp\/v2\/media?parent=11323"}],"wp:term":[{"taxonomy":"product_brand","embeddable":true,"href":"https:\/\/www.dolivo.shop\/de\/wp-json\/wp\/v2\/product_brand?post=11323"},{"taxonomy":"product_cat","embeddable":true,"href":"https:\/\/www.dolivo.shop\/de\/wp-json\/wp\/v2\/product_cat?post=11323"},{"taxonomy":"product_tag","embeddable":true,"href":"https:\/\/www.dolivo.shop\/de\/wp-json\/wp\/v2\/product_tag?post=11323"}],"curies":[{"name":"wp","href":"https:\/\/api.w.org\/{rel}","templated":true}]}}