{"id":11353,"date":"2021-12-10T15:27:00","date_gmt":"2021-12-10T14:27:00","guid":{"rendered":"https:\/\/www.dolivo.shop\/?post_type=product&#038;p=11353"},"modified":"2021-12-10T15:42:22","modified_gmt":"2021-12-10T14:42:22","slug":"san-bernardo-copia","status":"publish","type":"product","link":"https:\/\/www.dolivo.shop\/de\/produkt\/san-bernardo-copia\/","title":{"rendered":"Santa Teresa"},"content":{"rendered":"<p>Perlen aus Olivenholz von 7 mm. Tau 34\u00d735 mm. L\u00e4nge 30.5 cm.<\/p>\n<p>Von Hand mit Franziskanerknoten gef\u00e4delt.<\/p>\n","protected":false},"excerpt":{"rendered":"<p>Perlen aus Olivenholz von 7 mm. Tau 34\u00d735 mm. L\u00e4nge 30.5 cm. Von Hand mit Franziskanerknoten gef\u00e4delt.<\/p>\n","protected":false},"featured_media":11357,"template":"","meta":{"_acf_changed":false},"product_brand":[],"product_cat":[569,603],"product_tag":[],"class_list":{"0":"post-11353","1":"product","2":"type-product","3":"status-publish","4":"has-post-thumbnail","6":"product_cat-religiose-artikel","7":"product_cat-rosenkranze","9":"first","10":"instock","11":"taxable","12":"shipping-taxable","13":"purchasable","14":"product-type-simple"},"acf":[],"_links":{"self":[{"href":"https:\/\/www.dolivo.shop\/de\/wp-json\/wp\/v2\/product\/11353","targetHints":{"allow":["GET"]}}],"collection":[{"href":"https:\/\/www.dolivo.shop\/de\/wp-json\/wp\/v2\/product"}],"about":[{"href":"https:\/\/www.dolivo.shop\/de\/wp-json\/wp\/v2\/types\/product"}],"wp:featuredmedia":[{"embeddable":true,"href":"https:\/\/www.dolivo.shop\/de\/wp-json\/wp\/v2\/media\/11357"}],"wp:attachment":[{"href":"https:\/\/www.dolivo.shop\/de\/wp-json\/wp\/v2\/media?parent=11353"}],"wp:term":[{"taxonomy":"product_brand","embeddable":true,"href":"https:\/\/www.dolivo.shop\/de\/wp-json\/wp\/v2\/product_brand?post=11353"},{"taxonomy":"product_cat","embeddable":true,"href":"https:\/\/www.dolivo.shop\/de\/wp-json\/wp\/v2\/product_cat?post=11353"},{"taxonomy":"product_tag","embeddable":true,"href":"https:\/\/www.dolivo.shop\/de\/wp-json\/wp\/v2\/product_tag?post=11353"}],"curies":[{"name":"wp","href":"https:\/\/api.w.org\/{rel}","templated":true}]}}