{"id":11380,"date":"2021-12-10T15:45:11","date_gmt":"2021-12-10T14:45:11","guid":{"rendered":"https:\/\/www.dolivo.shop\/?post_type=product&#038;p=11380"},"modified":"2025-02-15T18:03:20","modified_gmt":"2025-02-15T17:03:20","slug":"santa-sofia-copia-3","status":"publish","type":"product","link":"https:\/\/www.dolivo.shop\/de\/produkt\/santa-sofia-copia-3\/","title":{"rendered":"San Francesco"},"content":{"rendered":"<p>Perlen aus Olivenholz von 12 mm. Tau 30\u00d735 mm. L\u00e4nge 38 cm. Ge\u00f6ffnet mit Karabiner, geschlossen ohne Karabiner.<\/p>\n<p>Von Hand mit Franziskanerknoten gef\u00e4delt.<\/p>\n","protected":false},"excerpt":{"rendered":"<p>Perlen aus Olivenholz von 12 mm. Tau 30\u00d735 mm. L\u00e4nge 38 cm. Ge\u00f6ffnet mit Karabiner, geschlossen ohne Karabiner. Von Hand mit Franziskanerknoten gef\u00e4delt.<\/p>\n","protected":false},"featured_media":16287,"template":"","meta":{"_acf_changed":false},"product_brand":[],"product_cat":[569,603],"product_tag":[],"class_list":{"0":"post-11380","1":"product","2":"type-product","3":"status-publish","4":"has-post-thumbnail","6":"product_cat-religiose-artikel","7":"product_cat-rosenkranze","9":"first","10":"instock","11":"taxable","12":"shipping-taxable","13":"purchasable","14":"product-type-variable"},"acf":[],"_links":{"self":[{"href":"https:\/\/www.dolivo.shop\/de\/wp-json\/wp\/v2\/product\/11380","targetHints":{"allow":["GET"]}}],"collection":[{"href":"https:\/\/www.dolivo.shop\/de\/wp-json\/wp\/v2\/product"}],"about":[{"href":"https:\/\/www.dolivo.shop\/de\/wp-json\/wp\/v2\/types\/product"}],"wp:featuredmedia":[{"embeddable":true,"href":"https:\/\/www.dolivo.shop\/de\/wp-json\/wp\/v2\/media\/16287"}],"wp:attachment":[{"href":"https:\/\/www.dolivo.shop\/de\/wp-json\/wp\/v2\/media?parent=11380"}],"wp:term":[{"taxonomy":"product_brand","embeddable":true,"href":"https:\/\/www.dolivo.shop\/de\/wp-json\/wp\/v2\/product_brand?post=11380"},{"taxonomy":"product_cat","embeddable":true,"href":"https:\/\/www.dolivo.shop\/de\/wp-json\/wp\/v2\/product_cat?post=11380"},{"taxonomy":"product_tag","embeddable":true,"href":"https:\/\/www.dolivo.shop\/de\/wp-json\/wp\/v2\/product_tag?post=11380"}],"curies":[{"name":"wp","href":"https:\/\/api.w.org\/{rel}","templated":true}]}}