{"id":11453,"date":"2021-12-10T16:22:45","date_gmt":"2021-12-10T15:22:45","guid":{"rendered":"https:\/\/www.dolivo.shop\/?post_type=product&#038;p=11453"},"modified":"2024-03-05T14:42:33","modified_gmt":"2024-03-05T13:42:33","slug":"heilige-damiano-copia","status":"publish","type":"product","link":"https:\/\/www.dolivo.shop\/de\/produkt\/heilige-damiano-copia\/","title":{"rendered":"Assisi"},"content":{"rendered":"<p>Perlen aus Olivenholz von 12 mm. Tau Kreuz 30\u00d736 mm. L\u00e4nge 17 cm.<\/p>\n<p>Von Hand mit Franziskanerknoten gef\u00e4delt.<\/p>\n","protected":false},"excerpt":{"rendered":"<p>Perlen aus Olivenholz von 12 mm. Tau Kreuz 30\u00d736 mm. L\u00e4nge 17 cm. Von Hand mit Franziskanerknoten gef\u00e4delt.<\/p>\n","protected":false},"featured_media":16863,"template":"","meta":{"_acf_changed":false},"product_brand":[],"product_cat":[569,603],"product_tag":[],"class_list":{"0":"post-11453","1":"product","2":"type-product","3":"status-publish","4":"has-post-thumbnail","6":"product_cat-religiose-artikel","7":"product_cat-rosenkranze","9":"first","10":"instock","11":"taxable","12":"shipping-taxable","13":"purchasable","14":"product-type-simple"},"acf":[],"_links":{"self":[{"href":"https:\/\/www.dolivo.shop\/de\/wp-json\/wp\/v2\/product\/11453","targetHints":{"allow":["GET"]}}],"collection":[{"href":"https:\/\/www.dolivo.shop\/de\/wp-json\/wp\/v2\/product"}],"about":[{"href":"https:\/\/www.dolivo.shop\/de\/wp-json\/wp\/v2\/types\/product"}],"wp:featuredmedia":[{"embeddable":true,"href":"https:\/\/www.dolivo.shop\/de\/wp-json\/wp\/v2\/media\/16863"}],"wp:attachment":[{"href":"https:\/\/www.dolivo.shop\/de\/wp-json\/wp\/v2\/media?parent=11453"}],"wp:term":[{"taxonomy":"product_brand","embeddable":true,"href":"https:\/\/www.dolivo.shop\/de\/wp-json\/wp\/v2\/product_brand?post=11453"},{"taxonomy":"product_cat","embeddable":true,"href":"https:\/\/www.dolivo.shop\/de\/wp-json\/wp\/v2\/product_cat?post=11453"},{"taxonomy":"product_tag","embeddable":true,"href":"https:\/\/www.dolivo.shop\/de\/wp-json\/wp\/v2\/product_tag?post=11453"}],"curies":[{"name":"wp","href":"https:\/\/api.w.org\/{rel}","templated":true}]}}