{"id":11757,"date":"2021-06-24T16:01:31","date_gmt":"2021-06-24T15:01:31","guid":{"rendered":"https:\/\/www.dolivo.shop\/prodotto\/armband-mg\/"},"modified":"2025-03-16T13:03:40","modified_gmt":"2025-03-16T12:03:40","slug":"armband-mg","status":"publish","type":"product","link":"https:\/\/www.dolivo.shop\/de\/produkt\/armband-mg\/","title":{"rendered":"Armband MG"},"content":{"rendered":"<p>Unisex Armband. Perlen aus Olivenholz von 8 mm. Tau 12&#215;15 mm. Universalgr\u00f6\u00dfe.<\/p>\n<p>Von Hand mit Makramee-Knoten gef\u00e4delt.<\/p>\n","protected":false},"excerpt":{"rendered":"<p>Unisex Armband. Perlen aus Olivenholz von 8 mm. Tau 12&#215;15 mm. Universalgr\u00f6\u00dfe. Von Hand mit Makramee-Knoten gef\u00e4delt.<\/p>\n","protected":false},"featured_media":11758,"template":"","meta":{"_acf_changed":false},"product_brand":[],"product_cat":[550,303],"product_tag":[],"class_list":{"0":"post-11757","1":"product","2":"type-product","3":"status-publish","4":"has-post-thumbnail","6":"product_cat-schmuck","7":"product_cat-armbaender","9":"first","10":"instock","11":"taxable","12":"shipping-taxable","13":"purchasable","14":"product-type-simple"},"acf":[],"_links":{"self":[{"href":"https:\/\/www.dolivo.shop\/de\/wp-json\/wp\/v2\/product\/11757","targetHints":{"allow":["GET"]}}],"collection":[{"href":"https:\/\/www.dolivo.shop\/de\/wp-json\/wp\/v2\/product"}],"about":[{"href":"https:\/\/www.dolivo.shop\/de\/wp-json\/wp\/v2\/types\/product"}],"wp:featuredmedia":[{"embeddable":true,"href":"https:\/\/www.dolivo.shop\/de\/wp-json\/wp\/v2\/media\/11758"}],"wp:attachment":[{"href":"https:\/\/www.dolivo.shop\/de\/wp-json\/wp\/v2\/media?parent=11757"}],"wp:term":[{"taxonomy":"product_brand","embeddable":true,"href":"https:\/\/www.dolivo.shop\/de\/wp-json\/wp\/v2\/product_brand?post=11757"},{"taxonomy":"product_cat","embeddable":true,"href":"https:\/\/www.dolivo.shop\/de\/wp-json\/wp\/v2\/product_cat?post=11757"},{"taxonomy":"product_tag","embeddable":true,"href":"https:\/\/www.dolivo.shop\/de\/wp-json\/wp\/v2\/product_tag?post=11757"}],"curies":[{"name":"wp","href":"https:\/\/api.w.org\/{rel}","templated":true}]}}