{"id":12214,"date":"2022-01-25T16:33:23","date_gmt":"2022-01-25T15:33:23","guid":{"rendered":"https:\/\/www.dolivo.shop\/?post_type=product&#038;p=12214"},"modified":"2022-01-25T16:51:15","modified_gmt":"2022-01-25T15:51:15","slug":"schlusselanhanger-l-copia-copia-copia-copia-copia-copia","status":"publish","type":"product","link":"https:\/\/www.dolivo.shop\/de\/produkt\/schlusselanhanger-l-copia-copia-copia-copia-copia-copia\/","title":{"rendered":"Schl\u00fcsselanh\u00e4nger &#8211; R"},"content":{"rendered":"<p>Schl\u00fcsselanh\u00e4nger aus Metall und Olivenholz.<\/p>\n<p>Buchstabe 24&#215;36 mm. Gesamtl\u00e4nge 86 mm.<\/p>\n","protected":false},"excerpt":{"rendered":"<p>Schl\u00fcsselanh\u00e4nger aus Metall und Olivenholz. Buchstabe 24&#215;36 mm. Gesamtl\u00e4nge 86 mm.<\/p>\n","protected":false},"featured_media":12218,"template":"","meta":{"_acf_changed":false},"product_brand":[],"product_cat":[366,756],"product_tag":[],"class_list":{"0":"post-12214","1":"product","2":"type-product","3":"status-publish","4":"has-post-thumbnail","6":"product_cat-geschenkartikel","7":"product_cat-schluesselanhaenger-de","9":"first","10":"instock","11":"taxable","12":"shipping-taxable","13":"purchasable","14":"product-type-simple"},"acf":[],"_links":{"self":[{"href":"https:\/\/www.dolivo.shop\/de\/wp-json\/wp\/v2\/product\/12214","targetHints":{"allow":["GET"]}}],"collection":[{"href":"https:\/\/www.dolivo.shop\/de\/wp-json\/wp\/v2\/product"}],"about":[{"href":"https:\/\/www.dolivo.shop\/de\/wp-json\/wp\/v2\/types\/product"}],"wp:featuredmedia":[{"embeddable":true,"href":"https:\/\/www.dolivo.shop\/de\/wp-json\/wp\/v2\/media\/12218"}],"wp:attachment":[{"href":"https:\/\/www.dolivo.shop\/de\/wp-json\/wp\/v2\/media?parent=12214"}],"wp:term":[{"taxonomy":"product_brand","embeddable":true,"href":"https:\/\/www.dolivo.shop\/de\/wp-json\/wp\/v2\/product_brand?post=12214"},{"taxonomy":"product_cat","embeddable":true,"href":"https:\/\/www.dolivo.shop\/de\/wp-json\/wp\/v2\/product_cat?post=12214"},{"taxonomy":"product_tag","embeddable":true,"href":"https:\/\/www.dolivo.shop\/de\/wp-json\/wp\/v2\/product_tag?post=12214"}],"curies":[{"name":"wp","href":"https:\/\/api.w.org\/{rel}","templated":true}]}}