{"id":12325,"date":"2022-01-25T17:25:09","date_gmt":"2022-01-25T16:25:09","guid":{"rendered":"https:\/\/www.dolivo.shop\/?post_type=product&#038;p=12325"},"modified":"2022-01-25T17:39:48","modified_gmt":"2022-01-25T16:39:48","slug":"schlusselanhanger-rammbock-copia-copia","status":"publish","type":"product","link":"https:\/\/www.dolivo.shop\/de\/produkt\/schlusselanhanger-rammbock-copia-copia\/","title":{"rendered":"Zwillinge &#8211; 21 May \u2022 21 Juni"},"content":{"rendered":"<p>Schl\u00fcsselanh\u00e4nger aus Metall und Olivenholz.<\/p>\n<p>Durchmesser des Rundholzes aus Oliven Holz, 32 mm. Gesamtl\u00e4nge 86 mm.<\/p>\n","protected":false},"excerpt":{"rendered":"<p>Schl\u00fcsselanh\u00e4nger aus Metall und Olivenholz. Durchmesser des Rundholzes aus Oliven Holz, 32 mm. Gesamtl\u00e4nge 86 mm.<\/p>\n","protected":false},"featured_media":12335,"template":"","meta":{"_acf_changed":false},"product_brand":[],"product_cat":[366,756],"product_tag":[],"class_list":{"0":"post-12325","1":"product","2":"type-product","3":"status-publish","4":"has-post-thumbnail","6":"product_cat-geschenkartikel","7":"product_cat-schluesselanhaenger-de","9":"first","10":"instock","11":"taxable","12":"shipping-taxable","13":"purchasable","14":"product-type-simple"},"acf":[],"_links":{"self":[{"href":"https:\/\/www.dolivo.shop\/de\/wp-json\/wp\/v2\/product\/12325","targetHints":{"allow":["GET"]}}],"collection":[{"href":"https:\/\/www.dolivo.shop\/de\/wp-json\/wp\/v2\/product"}],"about":[{"href":"https:\/\/www.dolivo.shop\/de\/wp-json\/wp\/v2\/types\/product"}],"wp:featuredmedia":[{"embeddable":true,"href":"https:\/\/www.dolivo.shop\/de\/wp-json\/wp\/v2\/media\/12335"}],"wp:attachment":[{"href":"https:\/\/www.dolivo.shop\/de\/wp-json\/wp\/v2\/media?parent=12325"}],"wp:term":[{"taxonomy":"product_brand","embeddable":true,"href":"https:\/\/www.dolivo.shop\/de\/wp-json\/wp\/v2\/product_brand?post=12325"},{"taxonomy":"product_cat","embeddable":true,"href":"https:\/\/www.dolivo.shop\/de\/wp-json\/wp\/v2\/product_cat?post=12325"},{"taxonomy":"product_tag","embeddable":true,"href":"https:\/\/www.dolivo.shop\/de\/wp-json\/wp\/v2\/product_tag?post=12325"}],"curies":[{"name":"wp","href":"https:\/\/api.w.org\/{rel}","templated":true}]}}