{"id":12365,"date":"2022-01-25T17:51:29","date_gmt":"2022-01-25T16:51:29","guid":{"rendered":"https:\/\/www.dolivo.shop\/?post_type=product&#038;p=12365"},"modified":"2022-01-25T18:00:57","modified_gmt":"2022-01-25T17:00:57","slug":"lowe-23-juli-23-august-copia","status":"publish","type":"product","link":"https:\/\/www.dolivo.shop\/de\/produkt\/lowe-23-juli-23-august-copia\/","title":{"rendered":"Jungfrau &#8211; 24 August \u2022 22 September"},"content":{"rendered":"<p>Schl\u00fcsselanh\u00e4nger aus Metall und Olivenholz.<\/p>\n<p>Durchmesser des Rundholzes aus Oliven Holz, 32 mm. Gesamtl\u00e4nge 86 mm.<\/p>\n","protected":false},"excerpt":{"rendered":"<p>Schl\u00fcsselanh\u00e4nger aus Metall und Olivenholz. Durchmesser des Rundholzes aus Oliven Holz, 32 mm. Gesamtl\u00e4nge 86 mm.<\/p>\n","protected":false},"featured_media":12375,"template":"","meta":{"_acf_changed":false},"product_brand":[],"product_cat":[366,756],"product_tag":[],"class_list":{"0":"post-12365","1":"product","2":"type-product","3":"status-publish","4":"has-post-thumbnail","6":"product_cat-geschenkartikel","7":"product_cat-schluesselanhaenger-de","9":"first","10":"instock","11":"taxable","12":"shipping-taxable","13":"purchasable","14":"product-type-simple"},"acf":[],"_links":{"self":[{"href":"https:\/\/www.dolivo.shop\/de\/wp-json\/wp\/v2\/product\/12365","targetHints":{"allow":["GET"]}}],"collection":[{"href":"https:\/\/www.dolivo.shop\/de\/wp-json\/wp\/v2\/product"}],"about":[{"href":"https:\/\/www.dolivo.shop\/de\/wp-json\/wp\/v2\/types\/product"}],"wp:featuredmedia":[{"embeddable":true,"href":"https:\/\/www.dolivo.shop\/de\/wp-json\/wp\/v2\/media\/12375"}],"wp:attachment":[{"href":"https:\/\/www.dolivo.shop\/de\/wp-json\/wp\/v2\/media?parent=12365"}],"wp:term":[{"taxonomy":"product_brand","embeddable":true,"href":"https:\/\/www.dolivo.shop\/de\/wp-json\/wp\/v2\/product_brand?post=12365"},{"taxonomy":"product_cat","embeddable":true,"href":"https:\/\/www.dolivo.shop\/de\/wp-json\/wp\/v2\/product_cat?post=12365"},{"taxonomy":"product_tag","embeddable":true,"href":"https:\/\/www.dolivo.shop\/de\/wp-json\/wp\/v2\/product_tag?post=12365"}],"curies":[{"name":"wp","href":"https:\/\/api.w.org\/{rel}","templated":true}]}}