{"id":12449,"date":"2022-01-25T19:13:03","date_gmt":"2022-01-25T18:13:03","guid":{"rendered":"https:\/\/www.dolivo.shop\/?post_type=product&#038;p=12449"},"modified":"2023-04-20T18:31:15","modified_gmt":"2023-04-20T17:31:15","slug":"fische-20-februar-20-marz-copia","status":"publish","type":"product","link":"https:\/\/www.dolivo.shop\/de\/produkt\/fische-20-februar-20-marz-copia\/","title":{"rendered":"Tau Via Portica"},"content":{"rendered":"<p>Schl\u00fcsselanh\u00e4nger aus Metall, Schnur und Olivenholz.<\/p>\n<p>Gr\u00f6\u00dfe der Tau aus Olivenholz, 3.5&#215;4.3 cm. Gesamtl\u00e4nge 11.5 cm.<\/p>\n","protected":false},"excerpt":{"rendered":"<p>Schl\u00fcsselanh\u00e4nger aus Metall, Schnur und Olivenholz. Gr\u00f6\u00dfe der Tau aus Olivenholz, 3.5&#215;4.3 cm. Gesamtl\u00e4nge 11.5 cm.<\/p>\n","protected":false},"featured_media":12456,"template":"","meta":{"_acf_changed":false},"product_brand":[],"product_cat":[366,756],"product_tag":[],"class_list":{"0":"post-12449","1":"product","2":"type-product","3":"status-publish","4":"has-post-thumbnail","6":"product_cat-geschenkartikel","7":"product_cat-schluesselanhaenger-de","9":"first","10":"instock","11":"taxable","12":"shipping-taxable","13":"purchasable","14":"product-type-simple"},"acf":[],"_links":{"self":[{"href":"https:\/\/www.dolivo.shop\/de\/wp-json\/wp\/v2\/product\/12449","targetHints":{"allow":["GET"]}}],"collection":[{"href":"https:\/\/www.dolivo.shop\/de\/wp-json\/wp\/v2\/product"}],"about":[{"href":"https:\/\/www.dolivo.shop\/de\/wp-json\/wp\/v2\/types\/product"}],"wp:featuredmedia":[{"embeddable":true,"href":"https:\/\/www.dolivo.shop\/de\/wp-json\/wp\/v2\/media\/12456"}],"wp:attachment":[{"href":"https:\/\/www.dolivo.shop\/de\/wp-json\/wp\/v2\/media?parent=12449"}],"wp:term":[{"taxonomy":"product_brand","embeddable":true,"href":"https:\/\/www.dolivo.shop\/de\/wp-json\/wp\/v2\/product_brand?post=12449"},{"taxonomy":"product_cat","embeddable":true,"href":"https:\/\/www.dolivo.shop\/de\/wp-json\/wp\/v2\/product_cat?post=12449"},{"taxonomy":"product_tag","embeddable":true,"href":"https:\/\/www.dolivo.shop\/de\/wp-json\/wp\/v2\/product_tag?post=12449"}],"curies":[{"name":"wp","href":"https:\/\/api.w.org\/{rel}","templated":true}]}}