{"id":12519,"date":"2022-01-27T12:02:24","date_gmt":"2022-01-27T11:02:24","guid":{"rendered":"https:\/\/www.dolivo.shop\/?post_type=product&#038;p=12519"},"modified":"2022-01-27T12:53:53","modified_gmt":"2022-01-27T11:53:53","slug":"schlusselanhanger-tau-mojano-copia","status":"publish","type":"product","link":"https:\/\/www.dolivo.shop\/de\/produkt\/schlusselanhanger-tau-mojano-copia\/","title":{"rendered":"Il Fraticello"},"content":{"rendered":"<p>Schl\u00fcsselanh\u00e4nger aus Metall, Schnur und Olivenholz.<\/p>\n<p>Gr\u00f6\u00dfe der Sandale aus Olivenholz, 1.5&#215;3.5 cm. Gesamtl\u00e4nge 14.5 cm.<\/p>\n","protected":false},"excerpt":{"rendered":"<p>Schl\u00fcsselanh\u00e4nger aus Metall, Schnur und Olivenholz. Gr\u00f6\u00dfe der Sandale aus Olivenholz, 1.5&#215;3.5 cm. Gesamtl\u00e4nge 14.5 cm.<\/p>\n","protected":false},"featured_media":12529,"template":"","meta":{"_acf_changed":false},"product_brand":[],"product_cat":[366,756],"product_tag":[],"class_list":{"0":"post-12519","1":"product","2":"type-product","3":"status-publish","4":"has-post-thumbnail","6":"product_cat-geschenkartikel","7":"product_cat-schluesselanhaenger-de","9":"first","10":"instock","11":"taxable","12":"shipping-taxable","13":"purchasable","14":"product-type-simple"},"acf":[],"_links":{"self":[{"href":"https:\/\/www.dolivo.shop\/de\/wp-json\/wp\/v2\/product\/12519","targetHints":{"allow":["GET"]}}],"collection":[{"href":"https:\/\/www.dolivo.shop\/de\/wp-json\/wp\/v2\/product"}],"about":[{"href":"https:\/\/www.dolivo.shop\/de\/wp-json\/wp\/v2\/types\/product"}],"wp:featuredmedia":[{"embeddable":true,"href":"https:\/\/www.dolivo.shop\/de\/wp-json\/wp\/v2\/media\/12529"}],"wp:attachment":[{"href":"https:\/\/www.dolivo.shop\/de\/wp-json\/wp\/v2\/media?parent=12519"}],"wp:term":[{"taxonomy":"product_brand","embeddable":true,"href":"https:\/\/www.dolivo.shop\/de\/wp-json\/wp\/v2\/product_brand?post=12519"},{"taxonomy":"product_cat","embeddable":true,"href":"https:\/\/www.dolivo.shop\/de\/wp-json\/wp\/v2\/product_cat?post=12519"},{"taxonomy":"product_tag","embeddable":true,"href":"https:\/\/www.dolivo.shop\/de\/wp-json\/wp\/v2\/product_tag?post=12519"}],"curies":[{"name":"wp","href":"https:\/\/api.w.org\/{rel}","templated":true}]}}