{"id":12549,"date":"2022-01-27T12:29:38","date_gmt":"2022-01-27T11:29:38","guid":{"rendered":"https:\/\/www.dolivo.shop\/?post_type=product&#038;p=12549"},"modified":"2022-01-27T12:53:14","modified_gmt":"2022-01-27T11:53:14","slug":"schlusselanhanger-tau-mojano-copia-copia-copia-copia","status":"publish","type":"product","link":"https:\/\/www.dolivo.shop\/de\/produkt\/schlusselanhanger-tau-mojano-copia-copia-copia-copia\/","title":{"rendered":"Fisch von Sankt Peter"},"content":{"rendered":"<p>Schl\u00fcsselanh\u00e4nger aus Metall, Schnur und Olivenholz.<\/p>\n<p>Gr\u00f6\u00dfe der Fisch aus Olivenholz, 3&#215;7 cm. Gesamtl\u00e4nge 17 cm.<\/p>\n","protected":false},"excerpt":{"rendered":"<p>Schl\u00fcsselanh\u00e4nger aus Metall, Schnur und Olivenholz. Gr\u00f6\u00dfe der Fisch aus Olivenholz, 3&#215;7 cm. Gesamtl\u00e4nge 17 cm.<\/p>\n","protected":false},"featured_media":12559,"template":"","meta":{"_acf_changed":false},"product_brand":[],"product_cat":[366,756],"product_tag":[],"class_list":{"0":"post-12549","1":"product","2":"type-product","3":"status-publish","4":"has-post-thumbnail","6":"product_cat-geschenkartikel","7":"product_cat-schluesselanhaenger-de","9":"first","10":"instock","11":"taxable","12":"shipping-taxable","13":"purchasable","14":"product-type-simple"},"acf":[],"_links":{"self":[{"href":"https:\/\/www.dolivo.shop\/de\/wp-json\/wp\/v2\/product\/12549","targetHints":{"allow":["GET"]}}],"collection":[{"href":"https:\/\/www.dolivo.shop\/de\/wp-json\/wp\/v2\/product"}],"about":[{"href":"https:\/\/www.dolivo.shop\/de\/wp-json\/wp\/v2\/types\/product"}],"wp:featuredmedia":[{"embeddable":true,"href":"https:\/\/www.dolivo.shop\/de\/wp-json\/wp\/v2\/media\/12559"}],"wp:attachment":[{"href":"https:\/\/www.dolivo.shop\/de\/wp-json\/wp\/v2\/media?parent=12549"}],"wp:term":[{"taxonomy":"product_brand","embeddable":true,"href":"https:\/\/www.dolivo.shop\/de\/wp-json\/wp\/v2\/product_brand?post=12549"},{"taxonomy":"product_cat","embeddable":true,"href":"https:\/\/www.dolivo.shop\/de\/wp-json\/wp\/v2\/product_cat?post=12549"},{"taxonomy":"product_tag","embeddable":true,"href":"https:\/\/www.dolivo.shop\/de\/wp-json\/wp\/v2\/product_tag?post=12549"}],"curies":[{"name":"wp","href":"https:\/\/api.w.org\/{rel}","templated":true}]}}