{"id":12625,"date":"2022-02-07T17:34:11","date_gmt":"2022-02-07T16:34:11","guid":{"rendered":"https:\/\/www.dolivo.shop\/?post_type=product&#038;p=12625"},"modified":"2025-09-17T17:00:42","modified_gmt":"2025-09-17T16:00:42","slug":"tau-kerzenhalter-copia","status":"publish","type":"product","link":"https:\/\/www.dolivo.shop\/de\/produkt\/tau-kerzenhalter-copia\/","title":{"rendered":"Kerzen und R\u00e4ucherhalter"},"content":{"rendered":"<p class=\"p3\"><em>Der R\u00e4ucherhalter aus Olivenholz<\/em> ist ein elegantes handgefertigtes Accessoire, das f\u00fcr eine entspannende und harmonische Atmosph\u00e4re sorgt. Gefertigt aus <strong>naturbelassenem Olivenholz<\/strong>, bekannt f\u00fcr seine warmen und einzigartigen Maserungen, bietet er <strong>Platz f\u00fcr Teelichter, R\u00e4ucherst\u00e4bchen und Streichh\u00f6lzer<\/strong> \u2013 praktisch und zugleich stilvoll. Seine Funktion ist es, zarte D\u00fcfte und sanftes Licht zu verbreiten \u2013 ideal f\u00fcr Meditation, Entspannung oder um das Zuhause mit einer nat\u00fcrlichen und dekorativen Note zu bereichern.<\/p>\n<p class=\"p3\">Kerzenhalter-\u00d6ffnung: 3,9 cm. Inklusive 3 Teelichter, 4 R\u00e4ucherst\u00e4bchen und Streichh\u00f6lzer.<\/p>\n<p>&nbsp;<\/p>\n<p class=\"p3\">Das <strong>Olivenholz<\/strong> mit seiner charakteristischen Maserung und den warmen Farbt\u00f6nen macht jedes St\u00fcck zu einem <strong>Unikat<\/strong>. Ausschlie\u00dflich mit nat\u00fcrlichem \u00d6l behandelt \u2013 frei von Lacken oder Chemikalien \u2013 im Einklang mit traditioneller Handwerkskunst und Umweltbewusstsein.<\/p>\n<p class=\"p3\"><strong>Nachhaltig und authentisch<\/strong>: Olivenholz ist die bewusste Wahl f\u00fcr alle, die Sch\u00f6nheit, Alltagstauglichkeit, Natur und Handwerk sch\u00e4tzen.<\/p>\n<h3 class=\"p1\"><b>Eine originelle Idee f\u00fcr ein umweltfreundliches Gastgeschenk<\/b><b><\/b><\/h3>\n<p class=\"p3\">Durch seinen nat\u00fcrlichen Stil und die handwerkliche Verarbeitung ist er ein besonderes Pr\u00e4sent f\u00fcr <em>Hochzeiten, Kommunionen oder andere festliche Anl\u00e4sse<\/em>.<\/p>\n<p class=\"p3\">Auf Wunsch k\u00f6nnen <strong>individuelle Gravuren<\/strong> angefertigt werden.<\/p>\n<p>&nbsp;<\/p>\n<p class=\"p3\"><span class=\"s1\"><b>Ma\u00dfe:<\/b><\/span> 8 \u00d7 20 cm.<\/p>\n","protected":false},"excerpt":{"rendered":"<p>Der R\u00e4ucherhalter aus Olivenholz ist ein elegantes handgefertigtes Accessoire, das f\u00fcr eine entspannende und harmonische Atmosph\u00e4re sorgt. Gefertigt aus naturbelassenem Olivenholz, bekannt f\u00fcr seine warmen und einzigartigen Maserungen, bietet er Platz f\u00fcr Teelichter, R\u00e4ucherst\u00e4bchen und Streichh\u00f6lzer \u2013 praktisch und zugleich stilvoll. Seine Funktion ist es, zarte D\u00fcfte und sanftes Licht zu verbreiten \u2013 ideal f\u00fcr&#8230;<\/p>\n","protected":false},"featured_media":12665,"template":"","meta":{"_acf_changed":false},"product_brand":[],"product_cat":[366,884],"product_tag":[],"class_list":{"0":"post-12625","1":"product","2":"type-product","3":"status-publish","4":"has-post-thumbnail","6":"product_cat-geschenkartikel","7":"product_cat-ollampen-kerzenhalter","9":"first","10":"instock","11":"taxable","12":"shipping-taxable","13":"purchasable","14":"product-type-simple"},"acf":[],"_links":{"self":[{"href":"https:\/\/www.dolivo.shop\/de\/wp-json\/wp\/v2\/product\/12625","targetHints":{"allow":["GET"]}}],"collection":[{"href":"https:\/\/www.dolivo.shop\/de\/wp-json\/wp\/v2\/product"}],"about":[{"href":"https:\/\/www.dolivo.shop\/de\/wp-json\/wp\/v2\/types\/product"}],"wp:featuredmedia":[{"embeddable":true,"href":"https:\/\/www.dolivo.shop\/de\/wp-json\/wp\/v2\/media\/12665"}],"wp:attachment":[{"href":"https:\/\/www.dolivo.shop\/de\/wp-json\/wp\/v2\/media?parent=12625"}],"wp:term":[{"taxonomy":"product_brand","embeddable":true,"href":"https:\/\/www.dolivo.shop\/de\/wp-json\/wp\/v2\/product_brand?post=12625"},{"taxonomy":"product_cat","embeddable":true,"href":"https:\/\/www.dolivo.shop\/de\/wp-json\/wp\/v2\/product_cat?post=12625"},{"taxonomy":"product_tag","embeddable":true,"href":"https:\/\/www.dolivo.shop\/de\/wp-json\/wp\/v2\/product_tag?post=12625"}],"curies":[{"name":"wp","href":"https:\/\/api.w.org\/{rel}","templated":true}]}}