{"id":12771,"date":"2022-02-09T18:44:47","date_gmt":"2022-02-09T17:44:47","guid":{"rendered":"https:\/\/www.dolivo.shop\/?post_type=product&#038;p=12771"},"modified":"2022-02-10T22:15:22","modified_gmt":"2022-02-10T21:15:22","slug":"armband-hs-copia","status":"publish","type":"product","link":"https:\/\/www.dolivo.shop\/de\/produkt\/armband-hs-copia\/","title":{"rendered":"Armband B10"},"content":{"rendered":"<p>Gr\u00f6\u00dfe f\u00fcr Kinder mit Glocke ruft Engel zur\u00fcck.<\/p>\n<p>Perlen aus Holz von 6 mm. Gummiband, Gr\u00f6\u00dfe des Herzens 11&#215;13 mm.<\/p>\n<p>Von Hand gef\u00e4delt.<\/p>\n","protected":false},"excerpt":{"rendered":"<p>Gr\u00f6\u00dfe f\u00fcr Kinder mit Glocke ruft Engel zur\u00fcck. Perlen aus Holz von 6 mm. Gummiband, Gr\u00f6\u00dfe des Herzens 11&#215;13 mm. Von Hand gef\u00e4delt.<\/p>\n","protected":false},"featured_media":12781,"template":"","meta":{"_acf_changed":false},"product_brand":[],"product_cat":[765,550],"product_tag":[],"class_list":{"0":"post-12771","1":"product","2":"type-product","3":"status-publish","4":"has-post-thumbnail","6":"product_cat-kinderarmbander","7":"product_cat-schmuck","9":"first","10":"outofstock","11":"taxable","12":"shipping-taxable","13":"purchasable","14":"product-type-simple"},"acf":[],"_links":{"self":[{"href":"https:\/\/www.dolivo.shop\/de\/wp-json\/wp\/v2\/product\/12771","targetHints":{"allow":["GET"]}}],"collection":[{"href":"https:\/\/www.dolivo.shop\/de\/wp-json\/wp\/v2\/product"}],"about":[{"href":"https:\/\/www.dolivo.shop\/de\/wp-json\/wp\/v2\/types\/product"}],"wp:featuredmedia":[{"embeddable":true,"href":"https:\/\/www.dolivo.shop\/de\/wp-json\/wp\/v2\/media\/12781"}],"wp:attachment":[{"href":"https:\/\/www.dolivo.shop\/de\/wp-json\/wp\/v2\/media?parent=12771"}],"wp:term":[{"taxonomy":"product_brand","embeddable":true,"href":"https:\/\/www.dolivo.shop\/de\/wp-json\/wp\/v2\/product_brand?post=12771"},{"taxonomy":"product_cat","embeddable":true,"href":"https:\/\/www.dolivo.shop\/de\/wp-json\/wp\/v2\/product_cat?post=12771"},{"taxonomy":"product_tag","embeddable":true,"href":"https:\/\/www.dolivo.shop\/de\/wp-json\/wp\/v2\/product_tag?post=12771"}],"curies":[{"name":"wp","href":"https:\/\/api.w.org\/{rel}","templated":true}]}}