{"id":12895,"date":"2022-02-10T22:58:01","date_gmt":"2022-02-10T21:58:01","guid":{"rendered":"https:\/\/www.dolivo.shop\/?post_type=product&#038;p=12895"},"modified":"2022-02-10T23:44:32","modified_gmt":"2022-02-10T22:44:32","slug":"armband-b30-copia-copia-copia","status":"publish","type":"product","link":"https:\/\/www.dolivo.shop\/de\/produkt\/armband-b30-copia-copia-copia\/","title":{"rendered":"Armband B33"},"content":{"rendered":"<p>Gr\u00f6\u00dfe f\u00fcr Kinder mit Glocke ruft Engel zur\u00fcck.<\/p>\n<p>Perlen aus Glass und Olivenholz von 7 und 4 mm. Tau 12\u00d713 mm. Karabinerverschluss. L\u00e4nge 15 cm.<\/p>\n<p>Von Hand gef\u00e4delt.<\/p>\n","protected":false},"excerpt":{"rendered":"<p>Gr\u00f6\u00dfe f\u00fcr Kinder mit Glocke ruft Engel zur\u00fcck. Perlen aus Glass und Olivenholz von 7 und 4 mm. Tau 12\u00d713 mm. Karabinerverschluss. L\u00e4nge 15 cm. Von Hand gef\u00e4delt.<\/p>\n","protected":false},"featured_media":12911,"template":"","meta":{"_acf_changed":false},"product_brand":[],"product_cat":[765,550],"product_tag":[],"class_list":{"0":"post-12895","1":"product","2":"type-product","3":"status-publish","4":"has-post-thumbnail","6":"product_cat-kinderarmbander","7":"product_cat-schmuck","9":"first","10":"instock","11":"taxable","12":"shipping-taxable","13":"purchasable","14":"product-type-simple"},"acf":[],"_links":{"self":[{"href":"https:\/\/www.dolivo.shop\/de\/wp-json\/wp\/v2\/product\/12895","targetHints":{"allow":["GET"]}}],"collection":[{"href":"https:\/\/www.dolivo.shop\/de\/wp-json\/wp\/v2\/product"}],"about":[{"href":"https:\/\/www.dolivo.shop\/de\/wp-json\/wp\/v2\/types\/product"}],"wp:featuredmedia":[{"embeddable":true,"href":"https:\/\/www.dolivo.shop\/de\/wp-json\/wp\/v2\/media\/12911"}],"wp:attachment":[{"href":"https:\/\/www.dolivo.shop\/de\/wp-json\/wp\/v2\/media?parent=12895"}],"wp:term":[{"taxonomy":"product_brand","embeddable":true,"href":"https:\/\/www.dolivo.shop\/de\/wp-json\/wp\/v2\/product_brand?post=12895"},{"taxonomy":"product_cat","embeddable":true,"href":"https:\/\/www.dolivo.shop\/de\/wp-json\/wp\/v2\/product_cat?post=12895"},{"taxonomy":"product_tag","embeddable":true,"href":"https:\/\/www.dolivo.shop\/de\/wp-json\/wp\/v2\/product_tag?post=12895"}],"curies":[{"name":"wp","href":"https:\/\/api.w.org\/{rel}","templated":true}]}}