{"id":13833,"date":"2022-11-24T19:54:15","date_gmt":"2022-11-24T18:54:15","guid":{"rendered":"https:\/\/www.dolivo.shop\/?post_type=product&#038;p=13833"},"modified":"2025-09-12T16:48:05","modified_gmt":"2025-09-12T15:48:05","slug":"sagrantino-set-copia-2","status":"publish","type":"product","link":"https:\/\/www.dolivo.shop\/de\/produkt\/sagrantino-set-copia-2\/","title":{"rendered":"Runder Untersetzer"},"content":{"rendered":"<p class=\"p3\">Tischaccessoire aus hochwertigem, <strong>naturbelassenem Olivenholz<\/strong>, ideal zum Abstellen von Wein- oder \u00d6lflaschen sowie von Gl\u00e4sern und Bechern. Sch\u00fctzt die Tischoberfl\u00e4che zuverl\u00e4ssig vor Tropfen und Flecken.<\/p>\n<p class=\"p3\">Ein praktischer und zugleich dekorativer Begleiter, der <strong>originelles Design<\/strong> mit <strong>Funktionalit\u00e4t<\/strong> verbindet. Perfekt, um K\u00fcche oder Wohnzimmer eine warme Note zu verleihen.<\/p>\n<p class=\"p3\">Das <strong>Olivenholz<\/strong> mit seiner einzigartigen Maserung und den warmen, beruhigenden Farbt\u00f6nen macht jeden Untersetzer zu einem <strong>Unikat<\/strong>. Ausschlie\u00dflich mit nat\u00fcrlichem \u00d6l behandelt \u2013 frei von Lacken oder Chemikalien \u2013 ganz im Einklang mit traditioneller Handwerkskunst und Umweltbewusstsein.<\/p>\n<p class=\"p3\"><strong>Nachhaltig und authentisch<\/strong>: Olivenholz ist eine bewusste Wahl f\u00fcr alle, die Sch\u00f6nheit, Alltagstauglichkeit, Natur und Handwerk sch\u00e4tzen.<\/p>\n<h3 class=\"p1\"><b>Eine originelle Idee f\u00fcr ein umweltfreundliches Gastgeschenk<\/b><b><\/b><\/h3>\n<p class=\"p3\">Durch seinen nat\u00fcrlichen Stil und die handwerkliche Verarbeitung ist er ein besonderes Pr\u00e4sent f\u00fcr <em>Hochzeiten, Kommunionen oder andere festliche Anl\u00e4sse<\/em>.<\/p>\n<p class=\"p3\">Auf Wunsch k\u00f6nnen wir <strong>individuelle Gravuren<\/strong> anfertigen.<\/p>\n<p>&nbsp;<\/p>\n<p class=\"p3\"><span class=\"s1\"><b>Ma\u00dfe:<\/b><\/span> Durchmesser 9 cm.<\/p>\n<h4 class=\"p1\"><b>Wichtiger Hinweis<\/b><b><\/b><\/h4>\n<p class=\"p3\"><em>Handgefertigtes Unikat: Kleine Unregelm\u00e4\u00dfigkeiten oder leichte Unterschiede sind kein Mangel, sondern ein Zeichen f\u00fcr die Echtheit und Nat\u00fcrlichkeit des Produkts.<\/em><\/p>\n","protected":false},"excerpt":{"rendered":"<p>Tischaccessoire aus hochwertigem, naturbelassenem Olivenholz, ideal zum Abstellen von Wein- oder \u00d6lflaschen sowie von Gl\u00e4sern und Bechern. Sch\u00fctzt die Tischoberfl\u00e4che zuverl\u00e4ssig vor Tropfen und Flecken. Ein praktischer und zugleich dekorativer Begleiter, der originelles Design mit Funktionalit\u00e4t verbindet. Perfekt, um K\u00fcche oder Wohnzimmer eine warme Note zu verleihen. Das Olivenholz mit seiner einzigartigen Maserung und den&#8230;<\/p>\n","protected":false},"featured_media":13867,"template":"","meta":{"_acf_changed":false},"product_brand":[],"product_cat":[277,289],"product_tag":[],"class_list":{"0":"post-13833","1":"product","2":"type-product","3":"status-publish","4":"has-post-thumbnail","6":"product_cat-in-der-kueche","7":"product_cat-weinzubehoer","9":"first","10":"instock","11":"taxable","12":"shipping-taxable","13":"purchasable","14":"product-type-variable"},"acf":[],"_links":{"self":[{"href":"https:\/\/www.dolivo.shop\/de\/wp-json\/wp\/v2\/product\/13833","targetHints":{"allow":["GET"]}}],"collection":[{"href":"https:\/\/www.dolivo.shop\/de\/wp-json\/wp\/v2\/product"}],"about":[{"href":"https:\/\/www.dolivo.shop\/de\/wp-json\/wp\/v2\/types\/product"}],"wp:featuredmedia":[{"embeddable":true,"href":"https:\/\/www.dolivo.shop\/de\/wp-json\/wp\/v2\/media\/13867"}],"wp:attachment":[{"href":"https:\/\/www.dolivo.shop\/de\/wp-json\/wp\/v2\/media?parent=13833"}],"wp:term":[{"taxonomy":"product_brand","embeddable":true,"href":"https:\/\/www.dolivo.shop\/de\/wp-json\/wp\/v2\/product_brand?post=13833"},{"taxonomy":"product_cat","embeddable":true,"href":"https:\/\/www.dolivo.shop\/de\/wp-json\/wp\/v2\/product_cat?post=13833"},{"taxonomy":"product_tag","embeddable":true,"href":"https:\/\/www.dolivo.shop\/de\/wp-json\/wp\/v2\/product_tag?post=13833"}],"curies":[{"name":"wp","href":"https:\/\/api.w.org\/{rel}","templated":true}]}}