{"id":13871,"date":"2022-11-24T20:37:22","date_gmt":"2022-11-24T19:37:22","guid":{"rendered":"https:\/\/www.dolivo.shop\/?post_type=product&#038;p=13871"},"modified":"2025-09-10T03:56:19","modified_gmt":"2025-09-10T02:56:19","slug":"sagrantino-set-copia-copia-2","status":"publish","type":"product","link":"https:\/\/www.dolivo.shop\/de\/produkt\/sagrantino-set-copia-copia-2\/","title":{"rendered":"Untersetzer"},"content":{"rendered":"<p class=\"p3\">Ein stilvolles Tisch-Accessoire aus edlem, <strong>naturbelassenem Olivenholz<\/strong>, entworfen, um Weinflaschen, \u00d6l oder andere Getr\u00e4nke sowie Gl\u00e4ser und Becher aufzunehmen. Er sch\u00fctzt die Tischoberfl\u00e4che zuverl\u00e4ssig vor Tropfen und Flecken.<\/p>\n<p class=\"p3\">Ein originelles und zugleich praktisches Objekt, das <strong>einzigartiges Design<\/strong> mit <strong>Funktionalit\u00e4t<\/strong> verbindet. Perfekt, um Ihrer K\u00fcche oder Ihrem Wohnbereich eine warme, mediterrane Note zu verleihen.<\/p>\n<p class=\"p3\">Die charakteristische Maserung und die warmen, beruhigenden Farbt\u00f6ne des <strong>Olivenholzes<\/strong> machen jedes St\u00fcck zu einem <strong>Unikat<\/strong>. Ausschlie\u00dflich mit nat\u00fcrlichem \u00d6l behandelt \u2013 ohne Lacke oder chemische Zus\u00e4tze \u2013 im Einklang mit traditioneller Handwerkskunst und der Umwelt.<\/p>\n<p class=\"p3\"><strong>Nachhaltig und authentisch<\/strong>: Olivenholz ist eine bewusste Wahl f\u00fcr alle, die Sch\u00f6nheit, Funktionalit\u00e4t, Natur und Handarbeit sch\u00e4tzen.<\/p>\n<h3 class=\"p1\"><b>Eine originelle Idee f\u00fcr ein umweltfreundliches Gastgeschenk<\/b><b><\/b><\/h3>\n<p class=\"p3\">Sein nat\u00fcrlicher Stil und die handwerkliche Verarbeitung machen ihn zu einem besonderen Pr\u00e4sent f\u00fcr <em>Hochzeiten, Kommunionen oder andere festliche Anl\u00e4sse<\/em>.<\/p>\n<p class=\"p3\">Auf Wunsch fertigen wir auch <strong>individuelle Gravuren<\/strong> an.<\/p>\n<p>&nbsp;<\/p>\n<p class=\"p3\"><span class=\"s1\"><b>Ma\u00dfe:<\/b><\/span> 10 \u00d7 10 cm.<\/p>\n<h4 class=\"p1\"><b>Wichtiger Hinweis<\/b><b><\/b><\/h4>\n<p class=\"p3\"><em>Handgefertigtes Produkt: Kleine Unregelm\u00e4\u00dfigkeiten oder leichte Abweichungen sind keine M\u00e4ngel, sondern ein Zeichen der Echtheit und Einzigartigkeit.<\/em><\/p>\n","protected":false},"excerpt":{"rendered":"<p>Ein stilvolles Tisch-Accessoire aus edlem, naturbelassenem Olivenholz, entworfen, um Weinflaschen, \u00d6l oder andere Getr\u00e4nke sowie Gl\u00e4ser und Becher aufzunehmen. Er sch\u00fctzt die Tischoberfl\u00e4che zuverl\u00e4ssig vor Tropfen und Flecken. Ein originelles und zugleich praktisches Objekt, das einzigartiges Design mit Funktionalit\u00e4t verbindet. Perfekt, um Ihrer K\u00fcche oder Ihrem Wohnbereich eine warme, mediterrane Note zu verleihen. Die charakteristische&#8230;<\/p>\n","protected":false},"featured_media":13903,"template":"","meta":{"_acf_changed":false},"product_brand":[],"product_cat":[277,289],"product_tag":[],"class_list":{"0":"post-13871","1":"product","2":"type-product","3":"status-publish","4":"has-post-thumbnail","6":"product_cat-in-der-kueche","7":"product_cat-weinzubehoer","9":"first","10":"instock","11":"taxable","12":"shipping-taxable","13":"purchasable","14":"product-type-variable"},"acf":[],"_links":{"self":[{"href":"https:\/\/www.dolivo.shop\/de\/wp-json\/wp\/v2\/product\/13871","targetHints":{"allow":["GET"]}}],"collection":[{"href":"https:\/\/www.dolivo.shop\/de\/wp-json\/wp\/v2\/product"}],"about":[{"href":"https:\/\/www.dolivo.shop\/de\/wp-json\/wp\/v2\/types\/product"}],"wp:featuredmedia":[{"embeddable":true,"href":"https:\/\/www.dolivo.shop\/de\/wp-json\/wp\/v2\/media\/13903"}],"wp:attachment":[{"href":"https:\/\/www.dolivo.shop\/de\/wp-json\/wp\/v2\/media?parent=13871"}],"wp:term":[{"taxonomy":"product_brand","embeddable":true,"href":"https:\/\/www.dolivo.shop\/de\/wp-json\/wp\/v2\/product_brand?post=13871"},{"taxonomy":"product_cat","embeddable":true,"href":"https:\/\/www.dolivo.shop\/de\/wp-json\/wp\/v2\/product_cat?post=13871"},{"taxonomy":"product_tag","embeddable":true,"href":"https:\/\/www.dolivo.shop\/de\/wp-json\/wp\/v2\/product_tag?post=13871"}],"curies":[{"name":"wp","href":"https:\/\/api.w.org\/{rel}","templated":true}]}}