{"id":13986,"date":"2022-11-25T15:41:50","date_gmt":"2022-11-25T14:41:50","guid":{"rendered":"https:\/\/www.dolivo.shop\/?post_type=product&#038;p=13986"},"modified":"2026-03-13T17:09:17","modified_gmt":"2026-03-13T16:09:17","slug":"viereck-topfuntersetzer-copia","status":"publish","type":"product","link":"https:\/\/www.dolivo.shop\/de\/produkt\/viereck-topfuntersetzer-copia\/","title":{"rendered":"Untersetzer aus Keramik und Olivenholz"},"content":{"rendered":"<p class=\"p3\">Zum Abstellen von warmen oder noch hei\u00dfen T\u00f6pfen und Pfannen.<\/p>\n<p class=\"p3\">Ein schlichtes und zugleich praktisches Accessoire: gefertigt aus echtem Olivenholz, vereint es <strong>originelles Design<\/strong> und <strong>Funktionalit\u00e4t<\/strong>. Die handbemalte Majolika verleiht dem St\u00fcck Farbe und Lebendigkeit. Perfekt, um K\u00fcche oder Wohnzimmer eine warme Note zu geben.<\/p>\n<p class=\"p3\">Das <strong>Olivenholz<\/strong> mit seiner einzigartigen Maserung und den warmen, beruhigenden Farbt\u00f6nen macht jeden Untersetzer zu einem <strong>Unikat<\/strong>. Ausschlie\u00dflich mit nat\u00fcrlichem \u00d6l behandelt \u2013 ohne Lacke oder Chemikalien \u2013 ganz im Sinne traditioneller Handwerkskunst und der Umwelt.<\/p>\n<p class=\"p3\"><strong>Nachhaltig und authentisch<\/strong> ist Olivenholz eine bewusste Wahl f\u00fcr alle, die Sch\u00f6nheit, praktische Anwendung, Natur und Handarbeit sch\u00e4tzen.<\/p>\n<h2 class=\"p1\">Eine originelle, umweltfreundliche Geschenkidee<b><\/b><\/h2>\n<p class=\"p3\">Sein nat\u00fcrlicher Stil und die handwerkliche Fertigung machen ihn zu einem besonderen Pr\u00e4sent f\u00fcr Hochzeiten, Kommunionen oder andere festliche Anl\u00e4sse.<\/p>\n<p class=\"p3\">Auf Wunsch sind individuelle Gravuren m\u00f6glich.<\/p>\n<p>&nbsp;<\/p>\n<p class=\"p3\"><span class=\"s1\"><b>Ma\u00dfe:<\/b><\/span> 21 \u00d7 2 cm.<\/p>\n<h2 class=\"p1\">Wichtiger Hinweis<b><\/b><\/h2>\n<p class=\"p3\"><em>Dieses Produkt wird in Handarbeit hergestellt: kleine Unregelm\u00e4\u00dfigkeiten oder leichte Abweichungen sind keine M\u00e4ngel, sondern Zeichen der Echtheit und Individualit\u00e4t.<\/em><\/p>\n","protected":false},"excerpt":{"rendered":"<p>Zum Abstellen von warmen oder noch hei\u00dfen T\u00f6pfen und Pfannen. Ein schlichtes und zugleich praktisches Accessoire: gefertigt aus echtem Olivenholz, vereint es originelles Design und Funktionalit\u00e4t. Die handbemalte Majolika verleiht dem St\u00fcck Farbe und Lebendigkeit. Perfekt, um K\u00fcche oder Wohnzimmer eine warme Note zu geben. Das Olivenholz mit seiner einzigartigen Maserung und den warmen, beruhigenden&#8230;<\/p>\n","protected":false},"featured_media":13990,"template":"","meta":{"_acf_changed":false},"product_brand":[],"product_cat":[277,288],"product_tag":[],"class_list":{"0":"post-13986","1":"product","2":"type-product","3":"status-publish","4":"has-post-thumbnail","6":"product_cat-in-der-kueche","7":"product_cat-kuechengeraete","9":"first","10":"instock","11":"taxable","12":"shipping-taxable","13":"purchasable","14":"product-type-simple"},"acf":[],"_links":{"self":[{"href":"https:\/\/www.dolivo.shop\/de\/wp-json\/wp\/v2\/product\/13986","targetHints":{"allow":["GET"]}}],"collection":[{"href":"https:\/\/www.dolivo.shop\/de\/wp-json\/wp\/v2\/product"}],"about":[{"href":"https:\/\/www.dolivo.shop\/de\/wp-json\/wp\/v2\/types\/product"}],"wp:featuredmedia":[{"embeddable":true,"href":"https:\/\/www.dolivo.shop\/de\/wp-json\/wp\/v2\/media\/13990"}],"wp:attachment":[{"href":"https:\/\/www.dolivo.shop\/de\/wp-json\/wp\/v2\/media?parent=13986"}],"wp:term":[{"taxonomy":"product_brand","embeddable":true,"href":"https:\/\/www.dolivo.shop\/de\/wp-json\/wp\/v2\/product_brand?post=13986"},{"taxonomy":"product_cat","embeddable":true,"href":"https:\/\/www.dolivo.shop\/de\/wp-json\/wp\/v2\/product_cat?post=13986"},{"taxonomy":"product_tag","embeddable":true,"href":"https:\/\/www.dolivo.shop\/de\/wp-json\/wp\/v2\/product_tag?post=13986"}],"curies":[{"name":"wp","href":"https:\/\/api.w.org\/{rel}","templated":true}]}}