{"id":14078,"date":"2022-12-02T16:59:41","date_gmt":"2022-12-02T15:59:41","guid":{"rendered":"https:\/\/www.dolivo.shop\/?post_type=product&#038;p=14078"},"modified":"2025-09-12T17:10:44","modified_gmt":"2025-09-12T16:10:44","slug":"sagrantino-set-copia-copia-copia-2","status":"publish","type":"product","link":"https:\/\/www.dolivo.shop\/de\/produkt\/sagrantino-set-copia-copia-copia-2\/","title":{"rendered":"Trinkspiel-Untersetzer aus Olivenholz"},"content":{"rendered":"<p class=\"p3\">Tischaccessoire aus hochwertigem, <strong>naturbelassenem Olivenholz<\/strong>, ideal zum Abstellen von Wein- oder \u00d6lflaschen sowie von Gl\u00e4sern und Bechern. Sch\u00fctzt die Tischoberfl\u00e4che zuverl\u00e4ssig vor Tropfen und Flecken. Der beiliegende W\u00fcrfel mit 6 Seiten sorgt f\u00fcr zus\u00e4tzlichen Spa\u00df \u2013 einfach w\u00fcrfeln und das Schicksal entscheiden lassen, welcher Untersetzer zum Einsatz kommt!<\/p>\n<p class=\"p3\">Ein originelles und zugleich praktisches Set, das <strong>kreatives Design<\/strong> mit <strong>Funktionalit\u00e4t<\/strong> verbindet. Perfekt, um K\u00fcche, Esstisch oder Wohnzimmer mit einer warmen Note und einer Prise Humor zu bereichern.<\/p>\n<p class=\"p3\">Das <strong>Olivenholz<\/strong> mit seiner charakteristischen Maserung und den warmen Farbt\u00f6nen macht jedes St\u00fcck zu einem <strong>Unikat<\/strong>. Ausschlie\u00dflich mit nat\u00fcrlichem \u00d6l behandelt \u2013 frei von Lacken und Chemikalien \u2013 im Einklang mit traditioneller Handwerkskunst und Umweltbewusstsein.<\/p>\n<p class=\"p3\"><strong>Nachhaltig und authentisch<\/strong>: Olivenholz ist die bewusste Wahl f\u00fcr alle, die Sch\u00f6nheit, Alltagstauglichkeit, Natur und Handwerk sch\u00e4tzen.<\/p>\n<h3 class=\"p1\"><b>Eine originelle Idee f\u00fcr ein umweltfreundliches Gastgeschenk<\/b><b><\/b><\/h3>\n<p class=\"p3\">Durch seine nat\u00fcrliche Ausstrahlung und die handwerkliche Verarbeitung ist dieses Set ein au\u00dfergew\u00f6hnliches Pr\u00e4sent f\u00fcr <em>Hochzeiten, Kommunionen oder andere festliche Anl\u00e4sse<\/em>.<\/p>\n<p class=\"p3\">Auf Wunsch k\u00f6nnen wir <strong>individuelle Gravuren<\/strong> anfertigen.<\/p>\n<p>&nbsp;<\/p>\n<p class=\"p3\"><span class=\"s1\"><b>Ma\u00dfe:<\/b><\/span> 10 \u00d7 10 cm.<\/p>\n<h4 class=\"p1\"><b>Wichtiger Hinweis<\/b><b><\/b><\/h4>\n<p class=\"p3\"><em>Handgefertigtes Unikat: Kleine Abweichungen oder leichte Unregelm\u00e4\u00dfigkeiten sind kein Mangel, sondern unterstreichen die Echtheit und den nat\u00fcrlichen Charakter des Produkts.<\/em><\/p>\n","protected":false},"excerpt":{"rendered":"<p>Tischaccessoire aus hochwertigem, naturbelassenem Olivenholz, ideal zum Abstellen von Wein- oder \u00d6lflaschen sowie von Gl\u00e4sern und Bechern. Sch\u00fctzt die Tischoberfl\u00e4che zuverl\u00e4ssig vor Tropfen und Flecken. Der beiliegende W\u00fcrfel mit 6 Seiten sorgt f\u00fcr zus\u00e4tzlichen Spa\u00df \u2013 einfach w\u00fcrfeln und das Schicksal entscheiden lassen, welcher Untersetzer zum Einsatz kommt! Ein originelles und zugleich praktisches Set, das&#8230;<\/p>\n","protected":false},"featured_media":14125,"template":"","meta":{"_acf_changed":false},"product_brand":[],"product_cat":[277,289],"product_tag":[],"class_list":{"0":"post-14078","1":"product","2":"type-product","3":"status-publish","4":"has-post-thumbnail","6":"product_cat-in-der-kueche","7":"product_cat-weinzubehoer","9":"first","10":"instock","11":"taxable","12":"shipping-taxable","13":"purchasable","14":"product-type-variable"},"acf":[],"_links":{"self":[{"href":"https:\/\/www.dolivo.shop\/de\/wp-json\/wp\/v2\/product\/14078","targetHints":{"allow":["GET"]}}],"collection":[{"href":"https:\/\/www.dolivo.shop\/de\/wp-json\/wp\/v2\/product"}],"about":[{"href":"https:\/\/www.dolivo.shop\/de\/wp-json\/wp\/v2\/types\/product"}],"wp:featuredmedia":[{"embeddable":true,"href":"https:\/\/www.dolivo.shop\/de\/wp-json\/wp\/v2\/media\/14125"}],"wp:attachment":[{"href":"https:\/\/www.dolivo.shop\/de\/wp-json\/wp\/v2\/media?parent=14078"}],"wp:term":[{"taxonomy":"product_brand","embeddable":true,"href":"https:\/\/www.dolivo.shop\/de\/wp-json\/wp\/v2\/product_brand?post=14078"},{"taxonomy":"product_cat","embeddable":true,"href":"https:\/\/www.dolivo.shop\/de\/wp-json\/wp\/v2\/product_cat?post=14078"},{"taxonomy":"product_tag","embeddable":true,"href":"https:\/\/www.dolivo.shop\/de\/wp-json\/wp\/v2\/product_tag?post=14078"}],"curies":[{"name":"wp","href":"https:\/\/api.w.org\/{rel}","templated":true}]}}