{"id":14568,"date":"2023-03-12T14:43:42","date_gmt":"2023-03-12T13:43:42","guid":{"rendered":"https:\/\/www.dolivo.shop\/?post_type=product&#038;p=14568"},"modified":"2025-09-17T21:00:08","modified_gmt":"2025-09-17T20:00:08","slug":"seifenhalter-copia","status":"publish","type":"product","link":"https:\/\/www.dolivo.shop\/de\/produkt\/seifenhalter-copia\/","title":{"rendered":"Seifenschale \u201eAssisi\u201c"},"content":{"rendered":"<p class=\"p3\">Die Seifenschale verf\u00fcgt \u00fcber 5 runde St\u00e4be, die Wasserstau verhindern. Sie ist daf\u00fcr konzipiert, St\u00fcckseife aufzubewahren und ordentlich zu halten. Olivenholz, bekannt f\u00fcr seine H\u00e4rte, Feuchtigkeitsbest\u00e4ndigkeit und dekorative Maserung, verleiht dem Produkt ein elegantes und zugleich rustikales Aussehen und garantiert zudem eine lange Haltbarkeit. <strong>Schimmelbildung tritt nicht auf<\/strong>.<\/p>\n<p class=\"p3\">Die mitgelieferte Seife ist 100 % pflanzlich und wird nach der alten Tradition der handwerklichen Seifenherstellung im klassischen Kaltverfahren gefertigt. Dank der niedrigen Verarbeitungstemperatur bleiben die wertvollen Wirkstoffe der verwendeten Zutaten vollst\u00e4ndig erhalten. Verpackt in transparenter Vakuumfolie.<\/p>\n<p>&nbsp;<\/p>\n<p class=\"p3\">Ein schlichtes und zugleich praktisches Accessoire: Aus edlem Olivenholz gefertigt, vereint es <strong>Sch\u00f6nheit<\/strong> und <strong>Funktionalit\u00e4t<\/strong>. Perfekt, um dem Badezimmer eine warme, nat\u00fcrliche Note zu verleihen.<\/p>\n<p class=\"p3\">Das <strong>Olivenholz<\/strong> mit seiner charakteristischen Maserung und den warmen Farbt\u00f6nen macht jede Seifenschale zu einem <strong>Unikat<\/strong>. Ausschlie\u00dflich mit nat\u00fcrlichem \u00d6l behandelt \u2013 frei von Lacken oder Chemikalien \u2013 im Einklang mit traditioneller Handwerkskunst und Umweltbewusstsein.<\/p>\n<p class=\"p3\"><strong>Nachhaltig und authentisch<\/strong>: Olivenholz ist die bewusste Wahl f\u00fcr alle, die Sch\u00f6nheit, Alltagstauglichkeit, Natur und Handwerk sch\u00e4tzen.<\/p>\n<h3 class=\"p1\"><b>Eine originelle Idee f\u00fcr ein umweltfreundliches Gastgeschenk<\/b><b><\/b><\/h3>\n<p class=\"p3\">Durch seinen nat\u00fcrlichen Stil und die handwerkliche Verarbeitung ist es ein besonderes Pr\u00e4sent f\u00fcr <em>Hochzeiten, Kommunionen oder andere festliche Anl\u00e4sse<\/em>.<\/p>\n<h4 class=\"p1\"><b>Wichtiger Hinweis<\/b><b><\/b><\/h4>\n<p class=\"p3\"><em>Handgefertigtes Unikat: Kleine Abweichungen oder leichte Unregelm\u00e4\u00dfigkeiten sind kein Mangel, sondern ein Zeichen der Echtheit und des nat\u00fcrlichen Charakters des Produkts.<\/em><\/p>\n","protected":false},"excerpt":{"rendered":"<p>Die Seifenschale verf\u00fcgt \u00fcber 5 runde St\u00e4be, die Wasserstau verhindern. Sie ist daf\u00fcr konzipiert, St\u00fcckseife aufzubewahren und ordentlich zu halten. Olivenholz, bekannt f\u00fcr seine H\u00e4rte, Feuchtigkeitsbest\u00e4ndigkeit und dekorative Maserung, verleiht dem Produkt ein elegantes und zugleich rustikales Aussehen und garantiert zudem eine lange Haltbarkeit. Schimmelbildung tritt nicht auf. Die mitgelieferte Seife ist 100 % pflanzlich&#8230;<\/p>\n","protected":false},"featured_media":14595,"template":"","meta":{"_acf_changed":false},"product_brand":[],"product_cat":[366,868],"product_tag":[],"class_list":{"0":"post-14568","1":"product","2":"type-product","3":"status-publish","4":"has-post-thumbnail","6":"product_cat-geschenkartikel","7":"product_cat-seifenschalen","9":"first","10":"instock","11":"taxable","12":"shipping-taxable","13":"purchasable","14":"product-type-variable"},"acf":[],"_links":{"self":[{"href":"https:\/\/www.dolivo.shop\/de\/wp-json\/wp\/v2\/product\/14568","targetHints":{"allow":["GET"]}}],"collection":[{"href":"https:\/\/www.dolivo.shop\/de\/wp-json\/wp\/v2\/product"}],"about":[{"href":"https:\/\/www.dolivo.shop\/de\/wp-json\/wp\/v2\/types\/product"}],"wp:featuredmedia":[{"embeddable":true,"href":"https:\/\/www.dolivo.shop\/de\/wp-json\/wp\/v2\/media\/14595"}],"wp:attachment":[{"href":"https:\/\/www.dolivo.shop\/de\/wp-json\/wp\/v2\/media?parent=14568"}],"wp:term":[{"taxonomy":"product_brand","embeddable":true,"href":"https:\/\/www.dolivo.shop\/de\/wp-json\/wp\/v2\/product_brand?post=14568"},{"taxonomy":"product_cat","embeddable":true,"href":"https:\/\/www.dolivo.shop\/de\/wp-json\/wp\/v2\/product_cat?post=14568"},{"taxonomy":"product_tag","embeddable":true,"href":"https:\/\/www.dolivo.shop\/de\/wp-json\/wp\/v2\/product_tag?post=14568"}],"curies":[{"name":"wp","href":"https:\/\/api.w.org\/{rel}","templated":true}]}}