{"id":14890,"date":"2023-03-23T20:01:42","date_gmt":"2023-03-23T19:01:42","guid":{"rendered":"https:\/\/www.dolivo.shop\/?post_type=product&#038;p=14890"},"modified":"2025-09-10T02:45:47","modified_gmt":"2025-09-10T01:45:47","slug":"korkenzieher-bacchus-copia","status":"publish","type":"product","link":"https:\/\/www.dolivo.shop\/de\/produkt\/korkenzieher-bacchus-copia\/","title":{"rendered":"Korkenzieher \u201eOak\u201c"},"content":{"rendered":"<p class=\"p3\">Geeignet als Korkenzieher und Flaschen\u00f6ffner. Der Doppelgelenk-Hebel erm\u00f6glicht es, auch lange Korken m\u00fchelos zu ziehen.<\/p>\n<p class=\"p3\">Ein elegantes und zugleich funktionales Werkzeug, bei dem die St\u00e4rke des Metalls auf die W\u00e4rme des Holzes trifft. Dieser handgefertigte Korkenzieher \u00f6ffnet Flaschen f\u00fcr besondere Momente mit Stil und vereint Tradition und Praktikabilit\u00e4t in einer einzigen Bewegung.<\/p>\n<p class=\"p3\"><strong>Eichenholz<\/strong> (<i>Oak<\/i>), im Italienischen als <i>legno di quercia<\/i> bekannt, ist ein hochwertiges, widerstandsf\u00e4higes und langlebiges Material, gesch\u00e4tzt f\u00fcr seine <strong>dichte Struktur<\/strong> und die <strong>eleganten, nat\u00fcrlichen Maserungen<\/strong>. Mit Farbnuancen von hellem Beige bis goldbraun wird es h\u00e4ufig im <strong>M\u00f6belbau<\/strong>, in der <strong>Schreinerei<\/strong>, f\u00fcr <strong>Weinf\u00e4sser<\/strong> und <strong>kunsthandwerkliche Objekte<\/strong> verwendet.<\/p>\n<p class=\"p3\">Als Symbol f\u00fcr Best\u00e4ndigkeit und Tradition vereint Eichenholz <strong>rustikale Sch\u00f6nheit<\/strong> mit <strong>nat\u00fcrlicher St\u00e4rke<\/strong> \u2013 ideal f\u00fcr Kreationen, die f\u00fcr die Ewigkeit gemacht sind.<\/p>\n<p>&nbsp;<\/p>\n<p class=\"p3\"><span class=\"s1\"><b>Ma\u00dfe:<\/b><\/span> 4 \u00d7 12 cm.<\/p>\n<h3 class=\"p1\"><b>Eine originelle, umweltfreundliche Geschenkidee<\/b><b><\/b><\/h3>\n<p class=\"p3\">Sein nat\u00fcrlicher Stil und die handwerkliche Fertigung machen ihn zu einem besonderen Pr\u00e4sent f\u00fcr <em>Hochzeiten, Kommunionen oder andere festliche Anl\u00e4sse<\/em>.<\/p>\n<p class=\"p3\">Auf Wunsch sind <strong>individuelle Gravuren<\/strong> m\u00f6glich \u2013 sowohl auf dem Metall als auch auf dem Holz.<\/p>\n<h4 class=\"p1\"><b>Wichtiger Hinweis<\/b><b><\/b><\/h4>\n<p class=\"p3\"><em>Dieses Produkt wird in Handarbeit hergestellt: kleine Unregelm\u00e4\u00dfigkeiten oder leichte Abweichungen sind keine M\u00e4ngel, sondern Zeichen der Echtheit und Individualit\u00e4t.<\/em><\/p>\n","protected":false},"excerpt":{"rendered":"<p>Geeignet als Korkenzieher und Flaschen\u00f6ffner. Der Doppelgelenk-Hebel erm\u00f6glicht es, auch lange Korken m\u00fchelos zu ziehen. Ein elegantes und zugleich funktionales Werkzeug, bei dem die St\u00e4rke des Metalls auf die W\u00e4rme des Holzes trifft. Dieser handgefertigte Korkenzieher \u00f6ffnet Flaschen f\u00fcr besondere Momente mit Stil und vereint Tradition und Praktikabilit\u00e4t in einer einzigen Bewegung. Eichenholz (Oak), im&#8230;<\/p>\n","protected":false},"featured_media":14924,"template":"","meta":{"_acf_changed":false},"product_brand":[],"product_cat":[277,289],"product_tag":[],"class_list":{"0":"post-14890","1":"product","2":"type-product","3":"status-publish","4":"has-post-thumbnail","6":"product_cat-in-der-kueche","7":"product_cat-weinzubehoer","9":"first","10":"instock","11":"taxable","12":"shipping-taxable","13":"purchasable","14":"product-type-simple"},"acf":[],"_links":{"self":[{"href":"https:\/\/www.dolivo.shop\/de\/wp-json\/wp\/v2\/product\/14890","targetHints":{"allow":["GET"]}}],"collection":[{"href":"https:\/\/www.dolivo.shop\/de\/wp-json\/wp\/v2\/product"}],"about":[{"href":"https:\/\/www.dolivo.shop\/de\/wp-json\/wp\/v2\/types\/product"}],"wp:featuredmedia":[{"embeddable":true,"href":"https:\/\/www.dolivo.shop\/de\/wp-json\/wp\/v2\/media\/14924"}],"wp:attachment":[{"href":"https:\/\/www.dolivo.shop\/de\/wp-json\/wp\/v2\/media?parent=14890"}],"wp:term":[{"taxonomy":"product_brand","embeddable":true,"href":"https:\/\/www.dolivo.shop\/de\/wp-json\/wp\/v2\/product_brand?post=14890"},{"taxonomy":"product_cat","embeddable":true,"href":"https:\/\/www.dolivo.shop\/de\/wp-json\/wp\/v2\/product_cat?post=14890"},{"taxonomy":"product_tag","embeddable":true,"href":"https:\/\/www.dolivo.shop\/de\/wp-json\/wp\/v2\/product_tag?post=14890"}],"curies":[{"name":"wp","href":"https:\/\/api.w.org\/{rel}","templated":true}]}}