{"id":15150,"date":"2023-05-29T12:36:03","date_gmt":"2023-05-29T11:36:03","guid":{"rendered":"https:\/\/www.dolivo.shop\/?post_type=product&#038;p=15150"},"modified":"2026-04-30T13:41:51","modified_gmt":"2026-04-30T12:41:51","slug":"schneidbrett-pizza","status":"publish","type":"product","link":"https:\/\/www.dolivo.shop\/de\/produkt\/schneidbrett-pizza\/","title":{"rendered":"Pizzaschneide und Servierbrett"},"content":{"rendered":"<p class=\"p3\">Ideal zum Schneiden und Servieren von Pizza, Wurstwaren, K\u00e4se, Obst und Schokolade \u2013 ohne dass das Messer das Brett besch\u00e4digt oder Holzsplitter l\u00f6st. Auch bestens geeignet zum Servieren von Weichk\u00e4se (haftet nicht auf Olivenholz). Nimmt keine Ger\u00fcche auf und bildet keinen Schimmel. Leicht per Hand mit warmem Wasser und mildem Sp\u00fclmittel zu reinigen.<\/p>\n<p>&nbsp;<\/p>\n<p class=\"p3\"><strong>Lebensmittelecht und beidseitig verwendbar.<\/strong><\/p>\n<p>&nbsp;<\/p>\n<p class=\"p3\">Ein einfaches und zugleich \u00e4u\u00dferst praktisches Utensil: Aus echtem Olivenholz gefertigt, vereint es originelles Design mit hoher Funktionalit\u00e4t. Perfekt, um K\u00fcche oder Essbereich eine warme, nat\u00fcrliche Note zu verleihen.<\/p>\n<p class=\"p3\"><strong>Olivenholz<\/strong> mit seiner einzigartigen Maserung und den warmen, beruhigenden Farbt\u00f6nen macht jedes Brett zu einem <strong>Unikat<\/strong>. Ausschlie\u00dflich mit nat\u00fcrlichem \u00d6l behandelt \u2013 ganz ohne Lacke oder chemische Zus\u00e4tze \u2013 und im Einklang mit traditioneller Handwerkskunst sowie der Umwelt.<\/p>\n<p class=\"p3\"><strong>Nachhaltig und authentisch<\/strong> \u2013 Olivenholz ist eine bewusste Wahl f\u00fcr alle, die Sch\u00f6nheit, praktische Nutzung, Natur und Handarbeit sch\u00e4tzen.<\/p>\n<h3 class=\"p1\"><b>Eine originelle Idee f\u00fcr ein umweltfreundliches Geschenk<\/b><b><\/b><\/h3>\n<p class=\"p3\">Sein nat\u00fcrlicher Stil und die handwerkliche Verarbeitung machen es zu einem perfekten Pr\u00e4sent f\u00fcr <em>Hochzeiten, Kommunionen oder andere besondere Anl\u00e4sse<\/em>.<\/p>\n<p class=\"p3\">Auf Wunsch fertigen wir auch <strong>individuelle Gravuren<\/strong> an.<\/p>\n<p>&nbsp;<\/p>\n<p class=\"p3\"><span class=\"s1\"><b>Ma\u00dfe:<\/b><\/span> ca. 32 \u00d7 44 cm<\/p>\n<h4 class=\"p1\"><b>Wichtiger Hinweis<\/b><b><\/b><\/h4>\n<p class=\"p3\"><em>Dieses Produkt wird in Handarbeit hergestellt: Kleine Unregelm\u00e4\u00dfigkeiten oder leichte Abweichungen sind keine M\u00e4ngel, sondern Zeichen der Echtheit.<\/em><\/p>\n","protected":false},"excerpt":{"rendered":"<p>Ideal zum Schneiden und Servieren von Pizza, Wurstwaren, K\u00e4se, Obst und Schokolade \u2013 ohne dass das Messer das Brett besch\u00e4digt oder Holzsplitter l\u00f6st. Auch bestens geeignet zum Servieren von Weichk\u00e4se (haftet nicht auf Olivenholz). Nimmt keine Ger\u00fcche auf und bildet keinen Schimmel. Leicht per Hand mit warmem Wasser und mildem Sp\u00fclmittel zu reinigen. &nbsp; Lebensmittelecht&#8230;<\/p>\n","protected":false},"featured_media":15177,"template":"","meta":{"_acf_changed":false},"product_brand":[],"product_cat":[277,286],"product_tag":[],"class_list":{"0":"post-15150","1":"product","2":"type-product","3":"status-publish","4":"has-post-thumbnail","6":"product_cat-in-der-kueche","7":"product_cat-schneidbretter","9":"first","10":"instock","11":"taxable","12":"shipping-taxable","13":"purchasable","14":"product-type-variable"},"acf":[],"_links":{"self":[{"href":"https:\/\/www.dolivo.shop\/de\/wp-json\/wp\/v2\/product\/15150","targetHints":{"allow":["GET"]}}],"collection":[{"href":"https:\/\/www.dolivo.shop\/de\/wp-json\/wp\/v2\/product"}],"about":[{"href":"https:\/\/www.dolivo.shop\/de\/wp-json\/wp\/v2\/types\/product"}],"wp:featuredmedia":[{"embeddable":true,"href":"https:\/\/www.dolivo.shop\/de\/wp-json\/wp\/v2\/media\/15177"}],"wp:attachment":[{"href":"https:\/\/www.dolivo.shop\/de\/wp-json\/wp\/v2\/media?parent=15150"}],"wp:term":[{"taxonomy":"product_brand","embeddable":true,"href":"https:\/\/www.dolivo.shop\/de\/wp-json\/wp\/v2\/product_brand?post=15150"},{"taxonomy":"product_cat","embeddable":true,"href":"https:\/\/www.dolivo.shop\/de\/wp-json\/wp\/v2\/product_cat?post=15150"},{"taxonomy":"product_tag","embeddable":true,"href":"https:\/\/www.dolivo.shop\/de\/wp-json\/wp\/v2\/product_tag?post=15150"}],"curies":[{"name":"wp","href":"https:\/\/api.w.org\/{rel}","templated":true}]}}