{"id":15179,"date":"2023-05-29T14:50:14","date_gmt":"2023-05-29T13:50:14","guid":{"rendered":"https:\/\/www.dolivo.shop\/?post_type=product&#038;p=15179"},"modified":"2026-02-12T17:58:49","modified_gmt":"2026-02-12T16:58:49","slug":"rustikales-brettchen-copia","status":"publish","type":"product","link":"https:\/\/www.dolivo.shop\/de\/produkt\/rustikales-brettchen-copia\/","title":{"rendered":"Modernes Schneidebrett"},"content":{"rendered":"<p class=\"p3\">Je nach Gr\u00f6\u00dfe eignet es sich ideal als Butterbrett, Fr\u00fchst\u00fccksbrett oder zum Schneiden und Servieren von Aufschnitt, K\u00e4se, Gem\u00fcse, Fleisch oder Fisch. Beim Schneiden splittert es nicht und bekommt keine Rillen. Es nimmt keine Ger\u00fcche an und verhindert die Bildung von Schimmel. Von Hand mit warmem Wasser und mildem Sp\u00fclmittel abwaschbar.<\/p>\n<p>&nbsp;<\/p>\n<p class=\"p3\"><strong>Lebensmittelecht und beidseitig verwendbar.<\/strong><\/p>\n<p>&nbsp;<\/p>\n<p class=\"p3\">Ein einfaches und zugleich praktisches Objekt: Aus echtem Olivenholz gefertigt, vereint es originelles Design mit hoher Funktionalit\u00e4t. Perfekt, um K\u00fcche oder Wohnraum eine warme Note zu verleihen.<\/p>\n<p class=\"p3\"><strong>Olivenholz<\/strong>, mit seiner einzigartigen Maserung und den warmen, beruhigenden Farbt\u00f6nen, macht jedes Brett zu einem <strong>Unikat<\/strong>. Ausschlie\u00dflich mit nat\u00fcrlichem \u00d6l behandelt \u2013 ohne Lacke oder Chemikalien \u2013 und im vollen Respekt vor handwerklicher Tradition und Umwelt.<\/p>\n<p class=\"p3\"><strong>Nachhaltig und authentisch<\/strong> \u2013 Olivenholz ist eine bewusste Wahl f\u00fcr alle, die Sch\u00f6nheit, Alltagstauglichkeit, Natur und Handwerkskunst sch\u00e4tzen.<\/p>\n<h3 class=\"p1\"><b>Eine originelle, umweltfreundliche Geschenkidee<\/b><b><\/b><\/h3>\n<p class=\"p3\">Sein nat\u00fcrlicher Stil und die handwerkliche Verarbeitung machen es zu einem perfekten Pr\u00e4sent f\u00fcr <em>Hochzeiten, Kommunionen oder besondere Anl\u00e4sse<\/em>.<\/p>\n<p class=\"p3\">Auf Wunsch fertigen wir auch <strong>individuelle Gravuren<\/strong> an.<\/p>\n<h4 class=\"p1\"><b>Wichtiger Hinweis<\/b><b><\/b><\/h4>\n<p class=\"p3\"><em>Handgefertigtes Produkt: Kleine Unregelm\u00e4\u00dfigkeiten oder leichte Abweichungen sind keine M\u00e4ngel, sondern ein Zeichen der Echtheit.<\/em><\/p>\n","protected":false},"excerpt":{"rendered":"<p>Je nach Gr\u00f6\u00dfe eignet es sich ideal als Butterbrett, Fr\u00fchst\u00fccksbrett oder zum Schneiden und Servieren von Aufschnitt, K\u00e4se, Gem\u00fcse, Fleisch oder Fisch. Beim Schneiden splittert es nicht und bekommt keine Rillen. Es nimmt keine Ger\u00fcche an und verhindert die Bildung von Schimmel. Von Hand mit warmem Wasser und mildem Sp\u00fclmittel abwaschbar. &nbsp; Lebensmittelecht und beidseitig&#8230;<\/p>\n","protected":false},"featured_media":15220,"template":"","meta":{"_acf_changed":false},"product_brand":[],"product_cat":[277,286],"product_tag":[],"class_list":{"0":"post-15179","1":"product","2":"type-product","3":"status-publish","4":"has-post-thumbnail","6":"product_cat-in-der-kueche","7":"product_cat-schneidbretter","9":"first","10":"instock","11":"taxable","12":"shipping-taxable","13":"purchasable","14":"product-type-variable"},"acf":[],"_links":{"self":[{"href":"https:\/\/www.dolivo.shop\/de\/wp-json\/wp\/v2\/product\/15179","targetHints":{"allow":["GET"]}}],"collection":[{"href":"https:\/\/www.dolivo.shop\/de\/wp-json\/wp\/v2\/product"}],"about":[{"href":"https:\/\/www.dolivo.shop\/de\/wp-json\/wp\/v2\/types\/product"}],"wp:featuredmedia":[{"embeddable":true,"href":"https:\/\/www.dolivo.shop\/de\/wp-json\/wp\/v2\/media\/15220"}],"wp:attachment":[{"href":"https:\/\/www.dolivo.shop\/de\/wp-json\/wp\/v2\/media?parent=15179"}],"wp:term":[{"taxonomy":"product_brand","embeddable":true,"href":"https:\/\/www.dolivo.shop\/de\/wp-json\/wp\/v2\/product_brand?post=15179"},{"taxonomy":"product_cat","embeddable":true,"href":"https:\/\/www.dolivo.shop\/de\/wp-json\/wp\/v2\/product_cat?post=15179"},{"taxonomy":"product_tag","embeddable":true,"href":"https:\/\/www.dolivo.shop\/de\/wp-json\/wp\/v2\/product_tag?post=15179"}],"curies":[{"name":"wp","href":"https:\/\/api.w.org\/{rel}","templated":true}]}}