{"id":15223,"date":"2023-05-29T17:59:00","date_gmt":"2023-05-29T16:59:00","guid":{"rendered":"https:\/\/www.dolivo.shop\/?post_type=product&#038;p=15223"},"modified":"2025-08-20T20:41:02","modified_gmt":"2025-08-20T19:41:02","slug":"fruhstucks-set-copia","status":"publish","type":"product","link":"https:\/\/www.dolivo.shop\/de\/produkt\/fruhstucks-set-copia\/","title":{"rendered":"Butterdose Herzform"},"content":{"rendered":"<p class=\"p3\">Jedes St\u00fcck wird in sorgf\u00e4ltiger Handarbeit gefertigt und vereint praktische <strong>Funktionalit\u00e4t<\/strong> mit <strong>rustikaler Sch\u00f6nheit<\/strong>. Das von Natur aus antibakterielle Olivenholz macht diese Butterdose nicht nur dekorativ, sondern auch hygienisch und besonders langlebig.<\/p>\n<p class=\"p3\">Ideal f\u00fcr alle, die die W\u00e4rme mediterraner Tradition in einem nat\u00fcrlichen und zugleich eleganten Stil auf den Tisch bringen m\u00f6chten.<\/p>\n<p>&nbsp;<\/p>\n<p class=\"p4\"><b>Lebensmittelecht und hygienisch.<\/b><b><\/b><\/p>\n<p>&nbsp;<\/p>\n<p class=\"p3\">Die charakteristische Maserung und die warmen, beruhigenden Farbt\u00f6ne des <strong>Olivenholzes<\/strong> machen jede Butterdose zu einem echten <strong>Unikat<\/strong>. Ausschlie\u00dflich mit nat\u00fcrlichem \u00d6l behandelt \u2013 ganz ohne Lacke oder Chemikalien \u2013 im Einklang mit traditioneller Handwerkskunst und Umweltbewusstsein.<\/p>\n<p class=\"p3\"><strong>Nachhaltig und authentisch<\/strong>: Olivenholz ist eine bewusste Wahl f\u00fcr alle, die Sch\u00f6nheit, Funktionalit\u00e4t, Naturverbundenheit und Handarbeit sch\u00e4tzen.<\/p>\n<h3><b>Eine originelle, umweltfreundliche Geschenkidee<\/b><\/h3>\n<p class=\"p3\">Durch seinen nat\u00fcrlichen Stil und die handwerkliche Verarbeitung eignet sich dieses St\u00fcck perfekt als Gastgeschenk f\u00fcr <em>Hochzeiten, Kommunionen oder andere besondere Anl\u00e4sse<\/em>.<\/p>\n<p class=\"p3\">Auf Wunsch fertigen wir auch <span class=\"s2\"><b>personalisierte Gravuren<\/b><\/span> an.<\/p>\n<p>&nbsp;<\/p>\n<p class=\"p3\"><span class=\"s2\"><b>Ma\u00dfe:<\/b><\/span> 17 x 17 cm<\/p>\n<h3><b>Wichtiger Hinweis<\/b><\/h3>\n<p class=\"p3\"><em>Dieses Produkt ist handgefertigt: Kleine Unregelm\u00e4\u00dfigkeiten oder leichte Abweichungen sind nicht als M\u00e4ngel zu betrachten, sondern als Zeichen der Echtheit und Individualit\u00e4t.<\/em><\/p>\n","protected":false},"excerpt":{"rendered":"<p>Jedes St\u00fcck wird in sorgf\u00e4ltiger Handarbeit gefertigt und vereint praktische Funktionalit\u00e4t mit rustikaler Sch\u00f6nheit. Das von Natur aus antibakterielle Olivenholz macht diese Butterdose nicht nur dekorativ, sondern auch hygienisch und besonders langlebig. Ideal f\u00fcr alle, die die W\u00e4rme mediterraner Tradition in einem nat\u00fcrlichen und zugleich eleganten Stil auf den Tisch bringen m\u00f6chten. &nbsp; Lebensmittelecht und&#8230;<\/p>\n","protected":false},"featured_media":15227,"template":"","meta":{"_acf_changed":false},"product_brand":[],"product_cat":[277,288],"product_tag":[],"class_list":{"0":"post-15223","1":"product","2":"type-product","3":"status-publish","4":"has-post-thumbnail","6":"product_cat-in-der-kueche","7":"product_cat-kuechengeraete","9":"first","10":"instock","11":"sale","12":"taxable","13":"shipping-taxable","14":"purchasable","15":"product-type-simple"},"acf":[],"_links":{"self":[{"href":"https:\/\/www.dolivo.shop\/de\/wp-json\/wp\/v2\/product\/15223","targetHints":{"allow":["GET"]}}],"collection":[{"href":"https:\/\/www.dolivo.shop\/de\/wp-json\/wp\/v2\/product"}],"about":[{"href":"https:\/\/www.dolivo.shop\/de\/wp-json\/wp\/v2\/types\/product"}],"wp:featuredmedia":[{"embeddable":true,"href":"https:\/\/www.dolivo.shop\/de\/wp-json\/wp\/v2\/media\/15227"}],"wp:attachment":[{"href":"https:\/\/www.dolivo.shop\/de\/wp-json\/wp\/v2\/media?parent=15223"}],"wp:term":[{"taxonomy":"product_brand","embeddable":true,"href":"https:\/\/www.dolivo.shop\/de\/wp-json\/wp\/v2\/product_brand?post=15223"},{"taxonomy":"product_cat","embeddable":true,"href":"https:\/\/www.dolivo.shop\/de\/wp-json\/wp\/v2\/product_cat?post=15223"},{"taxonomy":"product_tag","embeddable":true,"href":"https:\/\/www.dolivo.shop\/de\/wp-json\/wp\/v2\/product_tag?post=15223"}],"curies":[{"name":"wp","href":"https:\/\/api.w.org\/{rel}","templated":true}]}}