{"id":15254,"date":"2023-06-07T05:31:39","date_gmt":"2023-06-07T04:31:39","guid":{"rendered":"https:\/\/www.dolivo.shop\/?post_type=product&#038;p=15254"},"modified":"2025-09-07T16:20:28","modified_gmt":"2025-09-07T15:20:28","slug":"gewurzdose-copia","status":"publish","type":"product","link":"https:\/\/www.dolivo.shop\/de\/produkt\/gewurzdose-copia\/","title":{"rendered":"Geschirr"},"content":{"rendered":"<p class=\"p1\"><b>Olivenholz-K\u00fcchenteller<\/b><b><\/b><\/p>\n<p class=\"p3\">Geeignet f\u00fcr warme oder kalte Speisen. Sie bilden keine Schimmelpilze, nehmen keine Ger\u00fcche auf und lassen sich einfach von Hand mit warmem Wasser und mildem Sp\u00fclmittel reinigen. Jeder Teller wird vollst\u00e4ndig von Hand gedrechselt und geschliffen.<\/p>\n<p>&nbsp;<\/p>\n<p class=\"p1\"><b>Lebensmittelecht.<\/b><b><\/b><\/p>\n<p>&nbsp;<\/p>\n<p class=\"p3\">Ein schlichtes und zugleich praktisches Objekt: gefertigt aus echtem Olivenholz, verbindet es <strong>nat\u00fcrliche Sch\u00f6nheit<\/strong> mit <strong>Funktionalit\u00e4t<\/strong>. Perfekt, um Ihrer K\u00fcche oder Ihrem Essbereich eine warme, mediterrane Note zu verleihen.<\/p>\n<p class=\"p3\">Die charakteristische Maserung und die warmen, beruhigenden Farbt\u00f6ne des <strong>Olivenholzes<\/strong> machen jeden Teller zu einem unverwechselbaren <strong>Unikat<\/strong>. Ausschlie\u00dflich mit nat\u00fcrlichem \u00d6l behandelt \u2013 frei von Lacken oder chemischen Substanzen \u2013 ganz im Einklang mit traditioneller Handwerkskunst und der Umwelt.<\/p>\n<p class=\"p3\"><strong>Nachhaltig und authentisch<\/strong>: Olivenholz ist eine bewusste Wahl f\u00fcr alle, die Wert auf Sch\u00f6nheit, praktische Anwendung, Natur und Handarbeit legen.<\/p>\n<h3 class=\"p1\"><b>Eine originelle Idee f\u00fcr ein umweltfreundliches Gastgeschenk<\/b><b><\/b><\/h3>\n<p class=\"p3\">Sein nat\u00fcrlicher Stil und die handwerkliche Verarbeitung machen es zu einem idealen Pr\u00e4sent f\u00fcr <em>Hochzeiten, Kommunionen oder besondere Anl\u00e4sse<\/em>.<\/p>\n<p class=\"p3\">Auf Wunsch k\u00f6nnen wir <strong>individuelle Gravuren<\/strong> anfertigen.<\/p>\n<h4 class=\"p1\"><b>Wichtiger Hinweis<\/b><b><\/b><\/h4>\n<p class=\"p3\">Handgefertigtes Produkt: Kleine Unregelm\u00e4\u00dfigkeiten oder leichte Abweichungen sind nicht als M\u00e4ngel zu verstehen, sondern als Ausdruck der Echtheit und Einzigartigkeit jedes St\u00fcckes.<\/p>\n","protected":false},"excerpt":{"rendered":"<p>Olivenholz-K\u00fcchenteller Geeignet f\u00fcr warme oder kalte Speisen. Sie bilden keine Schimmelpilze, nehmen keine Ger\u00fcche auf und lassen sich einfach von Hand mit warmem Wasser und mildem Sp\u00fclmittel reinigen. Jeder Teller wird vollst\u00e4ndig von Hand gedrechselt und geschliffen. &nbsp; Lebensmittelecht. &nbsp; Ein schlichtes und zugleich praktisches Objekt: gefertigt aus echtem Olivenholz, verbindet es nat\u00fcrliche Sch\u00f6nheit mit&#8230;<\/p>\n","protected":false},"featured_media":15267,"template":"","meta":{"_acf_changed":false},"product_brand":[],"product_cat":[277,288],"product_tag":[],"class_list":{"0":"post-15254","1":"product","2":"type-product","3":"status-publish","4":"has-post-thumbnail","6":"product_cat-in-der-kueche","7":"product_cat-kuechengeraete","9":"first","10":"instock","11":"taxable","12":"shipping-taxable","13":"purchasable","14":"product-type-variable"},"acf":[],"_links":{"self":[{"href":"https:\/\/www.dolivo.shop\/de\/wp-json\/wp\/v2\/product\/15254","targetHints":{"allow":["GET"]}}],"collection":[{"href":"https:\/\/www.dolivo.shop\/de\/wp-json\/wp\/v2\/product"}],"about":[{"href":"https:\/\/www.dolivo.shop\/de\/wp-json\/wp\/v2\/types\/product"}],"wp:featuredmedia":[{"embeddable":true,"href":"https:\/\/www.dolivo.shop\/de\/wp-json\/wp\/v2\/media\/15267"}],"wp:attachment":[{"href":"https:\/\/www.dolivo.shop\/de\/wp-json\/wp\/v2\/media?parent=15254"}],"wp:term":[{"taxonomy":"product_brand","embeddable":true,"href":"https:\/\/www.dolivo.shop\/de\/wp-json\/wp\/v2\/product_brand?post=15254"},{"taxonomy":"product_cat","embeddable":true,"href":"https:\/\/www.dolivo.shop\/de\/wp-json\/wp\/v2\/product_cat?post=15254"},{"taxonomy":"product_tag","embeddable":true,"href":"https:\/\/www.dolivo.shop\/de\/wp-json\/wp\/v2\/product_tag?post=15254"}],"curies":[{"name":"wp","href":"https:\/\/api.w.org\/{rel}","templated":true}]}}