{"id":16179,"date":"2024-02-28T16:21:40","date_gmt":"2024-02-28T15:21:40","guid":{"rendered":"https:\/\/www.dolivo.shop\/?post_type=product&#038;p=16179"},"modified":"2025-09-17T20:50:40","modified_gmt":"2025-09-17T19:50:40","slug":"globus-aus-mahagoni","status":"publish","type":"product","link":"https:\/\/www.dolivo.shop\/de\/produkt\/globus-aus-mahagoni\/","title":{"rendered":"Vintage-Globus aus Mahagoni-Holz"},"content":{"rendered":"<p class=\"p3\"><em>Der Globus aus Mahagoni-Holz<\/em> ist ein dekoratives und lehrreiches Objekt, handgefertigt aus <strong>edlem Mahagoni<\/strong> mit charakteristischer Maserung, die jedes St\u00fcck zu einem Unikat macht. Er vereint die <strong>Funktionalit\u00e4t<\/strong> eines <strong>geografischen Globus<\/strong> \u2013 ideal, um Kontinente und Ozeane zu erkunden \u2013 mit der <strong>Eleganz nat\u00fcrlichen Designs<\/strong> und wird so zu einem stilvollen Einrichtungsst\u00fcck f\u00fcr Zuhause, B\u00fcro oder Arbeitszimmer. Ein ideales <strong>Geschenk von besonderem Wert<\/strong>, Symbol f\u00fcr Entdeckungsgeist, Kultur und die Verbundenheit mit der Natur.<\/p>\n<p>&nbsp;<\/p>\n<p class=\"p3\">Die tragende Struktur besteht aus Metall, der Schaft aus Mahagoni-Holz. Die drehbare Kugel ist mit Papier \u00fcberzogen.<\/p>\n<p class=\"p3\"><em>Mahagoni<\/em> ist ein Edelholz, das haupts\u00e4chlich von B\u00e4umen der Gattung <i>Swietenia<\/i> und im weiteren Sinne von verwandten Arten stammt. Es ist bekannt f\u00fcr seine <strong>warme Farbpalette<\/strong>, die von r\u00f6tlich-braun bis goldbraun reicht, sowie f\u00fcr seine <strong>gleichm\u00e4\u00dfige und elegante Maserung<\/strong>. Dank seiner Langlebigkeit, leichten Verarbeitung und Witterungsbest\u00e4ndigkeit wird es h\u00e4ufig in der <strong>Kunsttischlerei, f\u00fcr luxuri\u00f6se M\u00f6bel, Musikinstrumente und feine Schreinerarbeiten<\/strong> verwendet.<\/p>\n<p class=\"p3\">Der Holzteil wird ohne Lacke oder Chemikalien behandelt \u2013 ganz im Einklang mit traditioneller Handwerkskunst und Umweltbewusstsein.<\/p>\n<h3 class=\"p1\"><b>Eine originelle Idee f\u00fcr ein umweltfreundliches Gastgeschenk<\/b><b><\/b><\/h3>\n<p class=\"p3\">Durch seinen nat\u00fcrlichen Stil und die handwerkliche Verarbeitung ist er ein besonderes Pr\u00e4sent f\u00fcr <em>Hochzeiten, Kommunionen oder andere festliche Anl\u00e4sse<\/em>.<\/p>\n<h4 class=\"p1\"><b>Wichtiger Hinweis<\/b><b><\/b><\/h4>\n<p class=\"p3\"><em>Handgefertigtes Unikat: Kleine Abweichungen oder leichte Unregelm\u00e4\u00dfigkeiten sind kein Mangel, sondern ein Zeichen der Echtheit und des nat\u00fcrlichen Charakters des Produkts.<\/em><\/p>\n","protected":false},"excerpt":{"rendered":"<p>Der Globus aus Mahagoni-Holz ist ein dekoratives und lehrreiches Objekt, handgefertigt aus edlem Mahagoni mit charakteristischer Maserung, die jedes St\u00fcck zu einem Unikat macht. Er vereint die Funktionalit\u00e4t eines geografischen Globus \u2013 ideal, um Kontinente und Ozeane zu erkunden \u2013 mit der Eleganz nat\u00fcrlichen Designs und wird so zu einem stilvollen Einrichtungsst\u00fcck f\u00fcr Zuhause, B\u00fcro&#8230;<\/p>\n","protected":false},"featured_media":18895,"template":"","meta":{"_acf_changed":false},"product_brand":[],"product_cat":[366,869],"product_tag":[],"class_list":{"0":"post-16179","1":"product","2":"type-product","3":"status-publish","4":"has-post-thumbnail","6":"product_cat-geschenkartikel","7":"product_cat-globus","9":"first","10":"instock","11":"taxable","12":"shipping-taxable","13":"purchasable","14":"product-type-variable"},"acf":[],"_links":{"self":[{"href":"https:\/\/www.dolivo.shop\/de\/wp-json\/wp\/v2\/product\/16179","targetHints":{"allow":["GET"]}}],"collection":[{"href":"https:\/\/www.dolivo.shop\/de\/wp-json\/wp\/v2\/product"}],"about":[{"href":"https:\/\/www.dolivo.shop\/de\/wp-json\/wp\/v2\/types\/product"}],"wp:featuredmedia":[{"embeddable":true,"href":"https:\/\/www.dolivo.shop\/de\/wp-json\/wp\/v2\/media\/18895"}],"wp:attachment":[{"href":"https:\/\/www.dolivo.shop\/de\/wp-json\/wp\/v2\/media?parent=16179"}],"wp:term":[{"taxonomy":"product_brand","embeddable":true,"href":"https:\/\/www.dolivo.shop\/de\/wp-json\/wp\/v2\/product_brand?post=16179"},{"taxonomy":"product_cat","embeddable":true,"href":"https:\/\/www.dolivo.shop\/de\/wp-json\/wp\/v2\/product_cat?post=16179"},{"taxonomy":"product_tag","embeddable":true,"href":"https:\/\/www.dolivo.shop\/de\/wp-json\/wp\/v2\/product_tag?post=16179"}],"curies":[{"name":"wp","href":"https:\/\/api.w.org\/{rel}","templated":true}]}}