{"id":16803,"date":"2024-03-04T20:40:09","date_gmt":"2024-03-04T19:40:09","guid":{"rendered":"https:\/\/www.dolivo.shop\/?post_type=product&#038;p=16803"},"modified":"2025-02-15T07:04:17","modified_gmt":"2025-02-15T06:04:17","slug":"armband-at-copia","status":"publish","type":"product","link":"https:\/\/www.dolivo.shop\/de\/produkt\/armband-at-copia\/","title":{"rendered":"Armband AZ"},"content":{"rendered":"<p>Unisex Armband. Perlen aus Olivenholz von 8 mm. Tau 12&#215;15 mm. Universalgr\u00f6\u00dfe.<\/p>\n<p>Von Hand gef\u00e4delt.<\/p>\n","protected":false},"excerpt":{"rendered":"<p>Unisex Armband. Perlen aus Olivenholz von 8 mm. Tau 12&#215;15 mm. Universalgr\u00f6\u00dfe. Von Hand gef\u00e4delt.<\/p>\n","protected":false},"featured_media":16816,"template":"","meta":{"_acf_changed":false},"product_brand":[],"product_cat":[550,303],"product_tag":[],"class_list":{"0":"post-16803","1":"product","2":"type-product","3":"status-publish","4":"has-post-thumbnail","6":"product_cat-schmuck","7":"product_cat-armbaender","9":"first","10":"instock","11":"taxable","12":"shipping-taxable","13":"purchasable","14":"product-type-simple"},"acf":[],"_links":{"self":[{"href":"https:\/\/www.dolivo.shop\/de\/wp-json\/wp\/v2\/product\/16803","targetHints":{"allow":["GET"]}}],"collection":[{"href":"https:\/\/www.dolivo.shop\/de\/wp-json\/wp\/v2\/product"}],"about":[{"href":"https:\/\/www.dolivo.shop\/de\/wp-json\/wp\/v2\/types\/product"}],"wp:featuredmedia":[{"embeddable":true,"href":"https:\/\/www.dolivo.shop\/de\/wp-json\/wp\/v2\/media\/16816"}],"wp:attachment":[{"href":"https:\/\/www.dolivo.shop\/de\/wp-json\/wp\/v2\/media?parent=16803"}],"wp:term":[{"taxonomy":"product_brand","embeddable":true,"href":"https:\/\/www.dolivo.shop\/de\/wp-json\/wp\/v2\/product_brand?post=16803"},{"taxonomy":"product_cat","embeddable":true,"href":"https:\/\/www.dolivo.shop\/de\/wp-json\/wp\/v2\/product_cat?post=16803"},{"taxonomy":"product_tag","embeddable":true,"href":"https:\/\/www.dolivo.shop\/de\/wp-json\/wp\/v2\/product_tag?post=16803"}],"curies":[{"name":"wp","href":"https:\/\/api.w.org\/{rel}","templated":true}]}}