{"id":16866,"date":"2024-03-05T14:44:54","date_gmt":"2024-03-05T13:44:54","guid":{"rendered":"https:\/\/www.dolivo.shop\/?post_type=product&#038;p=16866"},"modified":"2025-08-30T20:19:05","modified_gmt":"2025-08-30T19:19:05","slug":"pax-et-bonum-copia","status":"publish","type":"product","link":"https:\/\/www.dolivo.shop\/de\/produkt\/pax-et-bonum-copia\/","title":{"rendered":"San Francesco"},"content":{"rendered":"<p>Von Hand gemalter Anh\u00e4nger mit Acrylfarbe auf Olivenholz. Nat\u00fcrliche Schnur mit drei Franziskanerknoten.<\/p>\n<p>Gr\u00f6\u00dfe des Taus 40&#215;50 mm.<\/p>\n","protected":false},"excerpt":{"rendered":"<p>Von Hand gemalter Anh\u00e4nger mit Acrylfarbe auf Olivenholz. Nat\u00fcrliche Schnur mit drei Franziskanerknoten. Gr\u00f6\u00dfe des Taus 40&#215;50 mm.<\/p>\n","protected":false},"featured_media":16876,"template":"","meta":{"_acf_changed":false},"product_brand":[],"product_cat":[554,301],"product_tag":[],"class_list":{"0":"post-16866","1":"product","2":"type-product","3":"status-publish","4":"has-post-thumbnail","6":"product_cat-tau-de","7":"product_cat-tau-anhanger","9":"first","10":"instock","11":"taxable","12":"shipping-taxable","13":"purchasable","14":"product-type-simple"},"acf":[],"_links":{"self":[{"href":"https:\/\/www.dolivo.shop\/de\/wp-json\/wp\/v2\/product\/16866","targetHints":{"allow":["GET"]}}],"collection":[{"href":"https:\/\/www.dolivo.shop\/de\/wp-json\/wp\/v2\/product"}],"about":[{"href":"https:\/\/www.dolivo.shop\/de\/wp-json\/wp\/v2\/types\/product"}],"wp:featuredmedia":[{"embeddable":true,"href":"https:\/\/www.dolivo.shop\/de\/wp-json\/wp\/v2\/media\/16876"}],"wp:attachment":[{"href":"https:\/\/www.dolivo.shop\/de\/wp-json\/wp\/v2\/media?parent=16866"}],"wp:term":[{"taxonomy":"product_brand","embeddable":true,"href":"https:\/\/www.dolivo.shop\/de\/wp-json\/wp\/v2\/product_brand?post=16866"},{"taxonomy":"product_cat","embeddable":true,"href":"https:\/\/www.dolivo.shop\/de\/wp-json\/wp\/v2\/product_cat?post=16866"},{"taxonomy":"product_tag","embeddable":true,"href":"https:\/\/www.dolivo.shop\/de\/wp-json\/wp\/v2\/product_tag?post=16866"}],"curies":[{"name":"wp","href":"https:\/\/api.w.org\/{rel}","templated":true}]}}