{"id":17782,"date":"2024-12-05T19:22:55","date_gmt":"2024-12-05T18:22:55","guid":{"rendered":"https:\/\/www.dolivo.shop\/?post_type=product&#038;p=17782"},"modified":"2025-09-17T21:13:22","modified_gmt":"2025-09-17T20:13:22","slug":"seifenhalter-copy","status":"publish","type":"product","link":"https:\/\/www.dolivo.shop\/de\/produkt\/seifenhalter-copy\/","title":{"rendered":"Ovaler Seifenhalter"},"content":{"rendered":"<p class=\"p3\">Der Seifenhalter verf\u00fcgt \u00fcber 3 Abflussl\u00f6cher, die Wasserstau verhindern. Er ist daf\u00fcr konzipiert, feste Seifen aufzubewahren und ordentlich trocken zu halten. Das Olivenholz, bekannt f\u00fcr seine H\u00e4rte, Feuchtigkeitsbest\u00e4ndigkeit und dekorative Maserung, verleiht dem Produkt ein elegantes und zugleich rustikales Aussehen und garantiert zudem eine lange Haltbarkeit. <strong>Schimmelbildung tritt nicht auf<\/strong>.<\/p>\n<p class=\"p3\">Die beigef\u00fcgte Seife ist zu 100 % pflanzlich und wird nach der alten Tradition der handwerklichen Seifenherstellung gefertigt \u2013 mit dem klassischen Kaltverfahren, das durch die niedrige Verarbeitungstemperatur die Wirkstoffe der verwendeten Zutaten erh\u00e4lt. Sie wird in transparenter Vakuumverpackung geliefert.<\/p>\n<p>&nbsp;<\/p>\n<p class=\"p3\">Ein schlichtes und zugleich praktisches Accessoire: Aus edlem Olivenholz gefertigt, verbindet es <strong>Sch\u00f6nheit<\/strong> und <strong>Funktionalit\u00e4t<\/strong>. Perfekt, um dem Badezimmer eine warme, nat\u00fcrliche Note zu verleihen.<\/p>\n<p class=\"p3\">Das <strong>Olivenholz<\/strong>, mit seiner einzigartigen Maserung und den warmen, beruhigenden Farbt\u00f6nen, macht jeden Seifenhalter zu einem <strong>Unikat<\/strong>. Ausschlie\u00dflich mit nat\u00fcrlichem \u00d6l behandelt, ohne Lacke oder chemische Zus\u00e4tze \u2013 im vollen Respekt vor handwerklicher Tradition und Umwelt.<\/p>\n<p class=\"p3\"><strong>Nachhaltig und authentisch<\/strong> \u2013 Olivenholz ist eine bewusste Wahl f\u00fcr alle, die Sch\u00f6nheit, praktische Nutzung, Natur und Handwerkskunst sch\u00e4tzen.<\/p>\n<h3 class=\"p1\"><b>Eine originelle Idee f\u00fcr ein umweltfreundliches Geschenk<\/b><b><\/b><\/h3>\n<p class=\"p3\">Durch seinen nat\u00fcrlichen Stil und die handwerkliche Verarbeitung eignet er sich hervorragend als Geschenk zu <em>Hochzeiten, Kommunionen oder besonderen Anl\u00e4ssen<\/em>.<\/p>\n<p class=\"p3\">Auf Wunsch k\u00f6nnen wir auch <strong>personalisierte Gravuren<\/strong> anfertigen.<\/p>\n<p>&nbsp;<\/p>\n<p class=\"p3\"><span class=\"s1\"><b>Ma\u00dfe:<\/b><\/span> ca. 8 \u00d7 13 cm.<\/p>\n<h4 class=\"p1\"><b>Wichtiger Hinweis<\/b><b><\/b><\/h4>\n<p class=\"p3\"><em>Handgefertigtes Produkt: Kleine Unregelm\u00e4\u00dfigkeiten oder leichte Abweichungen sind keine M\u00e4ngel, sondern ein Zeichen der Echtheit und Einzigartigkeit.<\/em><\/p>\n","protected":false},"excerpt":{"rendered":"<p>Der Seifenhalter verf\u00fcgt \u00fcber 3 Abflussl\u00f6cher, die Wasserstau verhindern. Er ist daf\u00fcr konzipiert, feste Seifen aufzubewahren und ordentlich trocken zu halten. Das Olivenholz, bekannt f\u00fcr seine H\u00e4rte, Feuchtigkeitsbest\u00e4ndigkeit und dekorative Maserung, verleiht dem Produkt ein elegantes und zugleich rustikales Aussehen und garantiert zudem eine lange Haltbarkeit. Schimmelbildung tritt nicht auf. Die beigef\u00fcgte Seife ist zu&#8230;<\/p>\n","protected":false},"featured_media":17821,"template":"","meta":{"_acf_changed":false},"product_brand":[],"product_cat":[366,868],"product_tag":[],"class_list":{"0":"post-17782","1":"product","2":"type-product","3":"status-publish","4":"has-post-thumbnail","6":"product_cat-geschenkartikel","7":"product_cat-seifenschalen","9":"first","10":"instock","11":"taxable","12":"shipping-taxable","13":"purchasable","14":"product-type-simple"},"acf":[],"_links":{"self":[{"href":"https:\/\/www.dolivo.shop\/de\/wp-json\/wp\/v2\/product\/17782","targetHints":{"allow":["GET"]}}],"collection":[{"href":"https:\/\/www.dolivo.shop\/de\/wp-json\/wp\/v2\/product"}],"about":[{"href":"https:\/\/www.dolivo.shop\/de\/wp-json\/wp\/v2\/types\/product"}],"wp:featuredmedia":[{"embeddable":true,"href":"https:\/\/www.dolivo.shop\/de\/wp-json\/wp\/v2\/media\/17821"}],"wp:attachment":[{"href":"https:\/\/www.dolivo.shop\/de\/wp-json\/wp\/v2\/media?parent=17782"}],"wp:term":[{"taxonomy":"product_brand","embeddable":true,"href":"https:\/\/www.dolivo.shop\/de\/wp-json\/wp\/v2\/product_brand?post=17782"},{"taxonomy":"product_cat","embeddable":true,"href":"https:\/\/www.dolivo.shop\/de\/wp-json\/wp\/v2\/product_cat?post=17782"},{"taxonomy":"product_tag","embeddable":true,"href":"https:\/\/www.dolivo.shop\/de\/wp-json\/wp\/v2\/product_tag?post=17782"}],"curies":[{"name":"wp","href":"https:\/\/api.w.org\/{rel}","templated":true}]}}