{"id":17914,"date":"2024-12-09T22:19:49","date_gmt":"2024-12-09T21:19:49","guid":{"rendered":"https:\/\/www.dolivo.shop\/?post_type=product&#038;p=17914"},"modified":"2025-08-20T12:25:35","modified_gmt":"2025-08-20T11:25:35","slug":"gnocchibrett-chef","status":"publish","type":"product","link":"https:\/\/www.dolivo.shop\/de\/produkt\/gnocchibrett-chef\/","title":{"rendered":"Gnocchibrett chef"},"content":{"rendered":"<p class=\"p1\"><b>Gnocchi-Brett aus Olivenholz<\/b><b><\/b><\/p>\n<p class=\"p3\">Speziell entwickelt f\u00fcr die Zubereitung von Gnocchi. Solange die Gnocchi noch frisch und ungekocht sind, werden sie ein- oder mehrmals \u00fcber das Brett gerollt. Diese alte italienische Tradition verleiht den Gnocchi die charakteristischen Rillen, sodass sie die Sauce besser aufnehmen und ein intensiveres Aroma entfalten.<\/p>\n<p>&nbsp;<\/p>\n<p class=\"p1\"><b>Lebensmittelecht und von Natur aus antibakteriell.<\/b><b><\/b><\/p>\n<p>&nbsp;<\/p>\n<p class=\"p3\">Ein einfaches und zugleich n\u00fctzliches K\u00fcchenutensil: gefertigt aus echtem <strong>Olivenholz<\/strong>, verbindet es originelles Design mit hoher <strong>Funktionalit\u00e4t<\/strong>. Ideal, um Ihrer K\u00fcche eine warme, nat\u00fcrliche Note zu verleihen.<\/p>\n<p class=\"p3\">Die einzigartigen Maserungen und die warmen, beruhigenden Farbt\u00f6ne machen jedes Gnocchi-Brett zu einem <strong>Unikat<\/strong>. Es wird ausschlie\u00dflich mit nat\u00fcrlichem \u00d6l behandelt \u2013 frei von Lacken und Chemikalien \u2013 ganz im Sinne handwerklicher Tradition und umweltfreundlicher Verarbeitung.<\/p>\n<p class=\"p3\"><strong>Nachhaltig und authentisch<\/strong>: Olivenholz ist eine bewusste Wahl f\u00fcr alle, die Sch\u00f6nheit, praktische Handhabung, Natur und Handwerkskunst sch\u00e4tzen.<\/p>\n<h3 class=\"p1\"><b>Eine originelle Geschenkidee \u2013 auch als umweltfreundliches Gastgeschenk<\/b><b><\/b><\/h3>\n<p class=\"p3\">Dank seines nat\u00fcrlichen Stils und der handwerklichen Fertigung eignet es sich perfekt als kleine Aufmerksamkeit zu <em>Hochzeiten, Kommunionen oder besonderen Anl\u00e4ssen<\/em>.<\/p>\n<p class=\"p3\">Auf Wunsch k\u00f6nnen wir <strong>individuelle Gravuren<\/strong> anfertigen.<\/p>\n<p>&nbsp;<\/p>\n<p class=\"p3\"><span class=\"s1\"><b>Ma\u00dfe:<\/b><\/span> 6 \u00d7 13 cm<\/p>\n<h4 class=\"p1\"><b>Wichtiger Hinweis<\/b><b><\/b><\/h4>\n<p class=\"p3\"><em>Dieses Produkt wird in Handarbeit hergestellt: Kleine Unregelm\u00e4\u00dfigkeiten oder leichte Abweichungen sind keine M\u00e4ngel, sondern ein Zeichen f\u00fcr die Echtheit und Einzigartigkeit des Artikels.<\/em><\/p>\n","protected":false},"excerpt":{"rendered":"<p>Gnocchi-Brett aus Olivenholz Speziell entwickelt f\u00fcr die Zubereitung von Gnocchi. Solange die Gnocchi noch frisch und ungekocht sind, werden sie ein- oder mehrmals \u00fcber das Brett gerollt. Diese alte italienische Tradition verleiht den Gnocchi die charakteristischen Rillen, sodass sie die Sauce besser aufnehmen und ein intensiveres Aroma entfalten. &nbsp; Lebensmittelecht und von Natur aus antibakteriell&#8230;.<\/p>\n","protected":false},"featured_media":17924,"template":"","meta":{"_acf_changed":false},"product_brand":[],"product_cat":[277,288],"product_tag":[],"class_list":{"0":"post-17914","1":"product","2":"type-product","3":"status-publish","4":"has-post-thumbnail","6":"product_cat-in-der-kueche","7":"product_cat-kuechengeraete","9":"first","10":"instock","11":"taxable","12":"shipping-taxable","13":"purchasable","14":"product-type-simple"},"acf":[],"_links":{"self":[{"href":"https:\/\/www.dolivo.shop\/de\/wp-json\/wp\/v2\/product\/17914","targetHints":{"allow":["GET"]}}],"collection":[{"href":"https:\/\/www.dolivo.shop\/de\/wp-json\/wp\/v2\/product"}],"about":[{"href":"https:\/\/www.dolivo.shop\/de\/wp-json\/wp\/v2\/types\/product"}],"wp:featuredmedia":[{"embeddable":true,"href":"https:\/\/www.dolivo.shop\/de\/wp-json\/wp\/v2\/media\/17924"}],"wp:attachment":[{"href":"https:\/\/www.dolivo.shop\/de\/wp-json\/wp\/v2\/media?parent=17914"}],"wp:term":[{"taxonomy":"product_brand","embeddable":true,"href":"https:\/\/www.dolivo.shop\/de\/wp-json\/wp\/v2\/product_brand?post=17914"},{"taxonomy":"product_cat","embeddable":true,"href":"https:\/\/www.dolivo.shop\/de\/wp-json\/wp\/v2\/product_cat?post=17914"},{"taxonomy":"product_tag","embeddable":true,"href":"https:\/\/www.dolivo.shop\/de\/wp-json\/wp\/v2\/product_tag?post=17914"}],"curies":[{"name":"wp","href":"https:\/\/api.w.org\/{rel}","templated":true}]}}