{"id":18073,"date":"2024-12-12T22:30:51","date_gmt":"2024-12-12T21:30:51","guid":{"rendered":"https:\/\/www.dolivo.shop\/?post_type=product&#038;p=18073"},"modified":"2025-12-10T18:16:57","modified_gmt":"2025-12-10T17:16:57","slug":"vorspeisen-schneidbrett-copia","status":"publish","type":"product","link":"https:\/\/www.dolivo.shop\/de\/produkt\/vorspeisen-schneidbrett-copia\/","title":{"rendered":"K\u00f6nigs Schneidebrett"},"content":{"rendered":"<p class=\"p3\">Dank der integrierten Saftrille ist dieses Brett speziell zum Filetieren von Fisch oder zum Tranchieren von Fleisch zum Servieren konzipiert.<\/p>\n<p class=\"p3\">Es eignet sich zum Schneiden aller Arten von Lebensmitteln \u2013 Gem\u00fcse, Wurstwaren, K\u00e4se, Fleisch, Fisch, Schokolade \u2013 ohne dass das Messer sie zerbr\u00f6selt oder besch\u00e4digt.<\/p>\n<p class=\"p3\">Es nimmt keine Ger\u00fcche auf und bildet kein Schimmel. Handreinigung mit warmem Wasser und mildem Sp\u00fclmittel.<\/p>\n<p>&nbsp;<\/p>\n<p class=\"p3\"><strong>Lebensmittelecht und beidseitig verwendbar.<\/strong><\/p>\n<p>&nbsp;<\/p>\n<p class=\"p3\">Ein schlichtes und zugleich \u00e4u\u00dferst praktisches St\u00fcck: Aus echtem Olivenholz gefertigt, vereint es originelles <strong>Design<\/strong> mit <strong>Funktionalit\u00e4t<\/strong>. Perfekt, um K\u00fcche oder Essbereich eine warme, einladende Note zu verleihen.<\/p>\n<p class=\"p3\"><strong>Olivenholz<\/strong>, mit seiner einzigartigen Maserung und seinen warmen, beruhigenden Farbt\u00f6nen, macht jedes Schneidebrett zu einem <strong>Unikat<\/strong>. Ausschlie\u00dflich mit nat\u00fcrlichem \u00d6l behandelt \u2013 ohne Lacke oder chemische Zus\u00e4tze \u2013 und damit im vollen Einklang mit handwerklicher Tradition und Umweltschutz.<\/p>\n<p class=\"p3\"><strong>Nachhaltig und authentisch<\/strong> \u2013 Olivenholz ist eine bewusste Wahl f\u00fcr alle, die Sch\u00f6nheit, praktische Handhabung, Natur und Handwerkskunst sch\u00e4tzen.<\/p>\n<h3 class=\"p1\"><b>Eine originelle Idee f\u00fcr ein umweltfreundliches Gastgeschenk<\/b><b><\/b><\/h3>\n<p class=\"p3\">Sein nat\u00fcrlicher Stil und die handwerkliche Verarbeitung machen es zu einem perfekten Pr\u00e4sent f\u00fcr <em>Hochzeiten, Kommunionen oder andere besondere Anl\u00e4sse<\/em>.<\/p>\n<p class=\"p3\">Auf Wunsch fertigen wir auch <strong>individuelle Gravuren<\/strong> an.<\/p>\n<h4 class=\"p1\"><b>Wichtiger Hinweis<\/b><b><\/b><\/h4>\n<p class=\"p3\"><em>Dieses Produkt ist handgefertigt: kleine Unregelm\u00e4\u00dfigkeiten oder leichte Abweichungen sind keine M\u00e4ngel, sondern ein Zeichen f\u00fcr die Echtheit des Artikels.<\/em><\/p>\n","protected":false},"excerpt":{"rendered":"<p>Dank der integrierten Saftrille ist dieses Brett speziell zum Filetieren von Fisch oder zum Tranchieren von Fleisch zum Servieren konzipiert. Es eignet sich zum Schneiden aller Arten von Lebensmitteln \u2013 Gem\u00fcse, Wurstwaren, K\u00e4se, Fleisch, Fisch, Schokolade \u2013 ohne dass das Messer sie zerbr\u00f6selt oder besch\u00e4digt. Es nimmt keine Ger\u00fcche auf und bildet kein Schimmel. Handreinigung&#8230;<\/p>\n","protected":false},"featured_media":18083,"template":"","meta":{"_acf_changed":false},"product_brand":[],"product_cat":[277,286],"product_tag":[],"class_list":{"0":"post-18073","1":"product","2":"type-product","3":"status-publish","4":"has-post-thumbnail","6":"product_cat-in-der-kueche","7":"product_cat-schneidbretter","9":"first","10":"instock","11":"taxable","12":"shipping-taxable","13":"purchasable","14":"product-type-variable"},"acf":[],"_links":{"self":[{"href":"https:\/\/www.dolivo.shop\/de\/wp-json\/wp\/v2\/product\/18073","targetHints":{"allow":["GET"]}}],"collection":[{"href":"https:\/\/www.dolivo.shop\/de\/wp-json\/wp\/v2\/product"}],"about":[{"href":"https:\/\/www.dolivo.shop\/de\/wp-json\/wp\/v2\/types\/product"}],"wp:featuredmedia":[{"embeddable":true,"href":"https:\/\/www.dolivo.shop\/de\/wp-json\/wp\/v2\/media\/18083"}],"wp:attachment":[{"href":"https:\/\/www.dolivo.shop\/de\/wp-json\/wp\/v2\/media?parent=18073"}],"wp:term":[{"taxonomy":"product_brand","embeddable":true,"href":"https:\/\/www.dolivo.shop\/de\/wp-json\/wp\/v2\/product_brand?post=18073"},{"taxonomy":"product_cat","embeddable":true,"href":"https:\/\/www.dolivo.shop\/de\/wp-json\/wp\/v2\/product_cat?post=18073"},{"taxonomy":"product_tag","embeddable":true,"href":"https:\/\/www.dolivo.shop\/de\/wp-json\/wp\/v2\/product_tag?post=18073"}],"curies":[{"name":"wp","href":"https:\/\/api.w.org\/{rel}","templated":true}]}}