{"id":18404,"date":"2025-01-21T21:59:16","date_gmt":"2025-01-21T20:59:16","guid":{"rendered":"https:\/\/www.dolivo.shop\/?post_type=product&#038;p=18404"},"modified":"2025-08-15T11:10:24","modified_gmt":"2025-08-15T10:10:24","slug":"kochloffel-3-schlitze-copia","status":"publish","type":"product","link":"https:\/\/www.dolivo.shop\/de\/produkt\/kochloffel-3-schlitze-copia\/","title":{"rendered":"Kochl\u00f6ffel mit flachem Griff"},"content":{"rendered":"<p class=\"p2\">Ideal zum R\u00fchren von Saucen, So\u00dfen, Cremes oder Marmeladen. Nimmt keine Ger\u00fcche auf und beugt Schimmelbildung vor. Kann von Hand mit warmem Wasser und Sp\u00fclmittel gereinigt werden.<\/p>\n<p>&nbsp;<\/p>\n<p class=\"p1\"><b>Lebensmittelecht.<\/b><b><\/b><\/p>\n<p>&nbsp;<\/p>\n<p class=\"p2\">Ein einfaches und zugleich praktisches K\u00fcchenutensil: Aus echtem Olivenholz gefertigt, verbindet es originelles <strong>Design<\/strong> mit hoher <strong>Funktionalit\u00e4t<\/strong>. Perfekt, um Ihrer K\u00fcche eine warme, nat\u00fcrliche Note zu verleihen.<\/p>\n<p class=\"p2\">Das <strong>Olivenholz<\/strong> mit seiner nat\u00fcrlichen Maserung und den warmen, beruhigenden Farbt\u00f6nen macht jeden Kochl\u00f6ffel zu einem <strong>Unikat<\/strong>. Ausschlie\u00dflich mit nat\u00fcrlichem \u00d6l behandelt \u2013 ohne Lacke oder chemische Zus\u00e4tze \u2013 ganz im Sinne traditioneller Handwerkskunst und im Einklang mit der Umwelt.<\/p>\n<p class=\"p2\"><strong>Nachhaltig und authentisch<\/strong> \u2013 Olivenholz ist eine bewusste Wahl f\u00fcr alle, die Sch\u00f6nheit, Funktionalit\u00e4t, Natur und Handarbeit sch\u00e4tzen.<\/p>\n<h3 class=\"p1\"><b>Eine originelle Idee f\u00fcr ein umweltfreundliches Gastgeschenk<\/b><b><\/b><\/h3>\n<p class=\"p2\">Sein nat\u00fcrlicher Stil und die handwerkliche Verarbeitung machen ihn zu einem liebevollen Geschenk f\u00fcr <em>Hochzeiten, Kommunionen oder andere besondere Anl\u00e4sse<\/em>.<\/p>\n<p>&nbsp;<\/p>\n<p class=\"p2\"><span class=\"s1\"><b>Ma\u00dfe:<\/b><\/span> 6 \u00d7 35 cm<\/p>\n<h4 class=\"p1\"><b>Wichtiger Hinweis<\/b><b><\/b><\/h4>\n<p class=\"p2\"><em>Handgefertigtes Produkt: Kleine Unregelm\u00e4\u00dfigkeiten oder leichte Abweichungen sind keine M\u00e4ngel, sondern Zeichen der Echtheit des Artikels.<\/em><\/p>\n","protected":false},"excerpt":{"rendered":"<p>Ideal zum R\u00fchren von Saucen, So\u00dfen, Cremes oder Marmeladen. Nimmt keine Ger\u00fcche auf und beugt Schimmelbildung vor. Kann von Hand mit warmem Wasser und Sp\u00fclmittel gereinigt werden. &nbsp; Lebensmittelecht. &nbsp; Ein einfaches und zugleich praktisches K\u00fcchenutensil: Aus echtem Olivenholz gefertigt, verbindet es originelles Design mit hoher Funktionalit\u00e4t. Perfekt, um Ihrer K\u00fcche eine warme, nat\u00fcrliche Note&#8230;<\/p>\n","protected":false},"featured_media":18408,"template":"","meta":{"_acf_changed":false},"product_brand":[],"product_cat":[277,287],"product_tag":[],"class_list":{"0":"post-18404","1":"product","2":"type-product","3":"status-publish","4":"has-post-thumbnail","6":"product_cat-in-der-kueche","7":"product_cat-besteck","9":"first","10":"instock","11":"taxable","12":"shipping-taxable","13":"purchasable","14":"product-type-simple"},"acf":[],"_links":{"self":[{"href":"https:\/\/www.dolivo.shop\/de\/wp-json\/wp\/v2\/product\/18404","targetHints":{"allow":["GET"]}}],"collection":[{"href":"https:\/\/www.dolivo.shop\/de\/wp-json\/wp\/v2\/product"}],"about":[{"href":"https:\/\/www.dolivo.shop\/de\/wp-json\/wp\/v2\/types\/product"}],"wp:featuredmedia":[{"embeddable":true,"href":"https:\/\/www.dolivo.shop\/de\/wp-json\/wp\/v2\/media\/18408"}],"wp:attachment":[{"href":"https:\/\/www.dolivo.shop\/de\/wp-json\/wp\/v2\/media?parent=18404"}],"wp:term":[{"taxonomy":"product_brand","embeddable":true,"href":"https:\/\/www.dolivo.shop\/de\/wp-json\/wp\/v2\/product_brand?post=18404"},{"taxonomy":"product_cat","embeddable":true,"href":"https:\/\/www.dolivo.shop\/de\/wp-json\/wp\/v2\/product_cat?post=18404"},{"taxonomy":"product_tag","embeddable":true,"href":"https:\/\/www.dolivo.shop\/de\/wp-json\/wp\/v2\/product_tag?post=18404"}],"curies":[{"name":"wp","href":"https:\/\/api.w.org\/{rel}","templated":true}]}}