{"id":18813,"date":"2025-02-16T13:03:21","date_gmt":"2025-02-16T12:03:21","guid":{"rendered":"https:\/\/www.dolivo.shop\/?post_type=product&#038;p=18813"},"modified":"2025-09-08T21:33:00","modified_gmt":"2025-09-08T20:33:00","slug":"geschirr-copia","status":"publish","type":"product","link":"https:\/\/www.dolivo.shop\/de\/produkt\/geschirr-copia\/","title":{"rendered":"Gem\u00fcse und Polentamesser"},"content":{"rendered":"<p class=\"p3\">Ideal zum Schneiden von weichem Gem\u00fcse, gekochtem Gem\u00fcse oder Polenta. Nimmt keine Ger\u00fcche auf und bildet keinen Schimmel. Von Hand mit warmem Wasser und mildem Sp\u00fclmittel reinigen.<\/p>\n<p class=\"p3\">Gedacht f\u00fcr alle, die Freude daran haben, Speisen mit den eigenen H\u00e4nden zuzubereiten.<\/p>\n<p>&nbsp;<\/p>\n<p class=\"p3\"><strong>Lebensmittelecht und von Natur aus antibakteriell.<\/strong><\/p>\n<p>&nbsp;<\/p>\n<p class=\"p3\">Ein schlichtes und zugleich praktisches K\u00fcchenutensil: gefertigt aus echtem Olivenholz, vereint es <strong>originelles Design<\/strong> und <strong>Funktionalit\u00e4t<\/strong>. Perfekt, um der K\u00fcche eine warme mediterrane Note zu verleihen.<\/p>\n<p class=\"p3\">Das <strong>Olivenholz<\/strong> mit seiner einzigartigen Maserung und den warmen, beruhigenden Farbt\u00f6nen macht jedes Messer zu einem <strong>Unikat<\/strong>. Ausschlie\u00dflich mit nat\u00fcrlichem \u00d6l behandelt \u2013 ohne Lacke oder Chemikalien \u2013 ganz im Sinne traditioneller Handwerkskunst und der Umwelt.<\/p>\n<p class=\"p3\"><strong>Nachhaltig und authentisch<\/strong> ist Olivenholz eine bewusste Wahl f\u00fcr alle, die Sch\u00f6nheit, praktische Anwendung, Natur und Handarbeit sch\u00e4tzen.<\/p>\n<h3 class=\"p1\"><b>Eine originelle, umweltfreundliche Geschenkidee<\/b><b><\/b><\/h3>\n<p class=\"p3\">Sein nat\u00fcrlicher Stil und die handwerkliche Fertigung machen es zu einem besonderen Pr\u00e4sent f\u00fcr <em>Hochzeiten, Kommunionen oder andere festliche Anl\u00e4sse<\/em>.<\/p>\n<p class=\"p3\">Auf Wunsch sind <strong>individuelle Gravuren<\/strong> m\u00f6glich.<\/p>\n<p>&nbsp;<\/p>\n<p class=\"p3\"><span class=\"s1\"><b>Ma\u00dfe:<\/b><\/span> 5 \u00d7 30 cm.<\/p>\n<h4 class=\"p1\"><b>Wichtiger Hinweis<\/b><b><\/b><\/h4>\n<p class=\"p3\"><em>Dieses Produkt wird in Handarbeit hergestellt: kleine Unregelm\u00e4\u00dfigkeiten oder leichte Abweichungen sind keine M\u00e4ngel, sondern Zeichen der Echtheit und Individualit\u00e4t.<\/em><\/p>\n","protected":false},"excerpt":{"rendered":"<p>Ideal zum Schneiden von weichem Gem\u00fcse, gekochtem Gem\u00fcse oder Polenta. Nimmt keine Ger\u00fcche auf und bildet keinen Schimmel. Von Hand mit warmem Wasser und mildem Sp\u00fclmittel reinigen. Gedacht f\u00fcr alle, die Freude daran haben, Speisen mit den eigenen H\u00e4nden zuzubereiten. &nbsp; Lebensmittelecht und von Natur aus antibakteriell. &nbsp; Ein schlichtes und zugleich praktisches K\u00fcchenutensil: gefertigt&#8230;<\/p>\n","protected":false},"featured_media":18823,"template":"","meta":{"_acf_changed":false},"product_brand":[],"product_cat":[277,288],"product_tag":[],"class_list":{"0":"post-18813","1":"product","2":"type-product","3":"status-publish","4":"has-post-thumbnail","6":"product_cat-in-der-kueche","7":"product_cat-kuechengeraete","9":"first","10":"instock","11":"taxable","12":"shipping-taxable","13":"purchasable","14":"product-type-simple"},"acf":[],"_links":{"self":[{"href":"https:\/\/www.dolivo.shop\/de\/wp-json\/wp\/v2\/product\/18813","targetHints":{"allow":["GET"]}}],"collection":[{"href":"https:\/\/www.dolivo.shop\/de\/wp-json\/wp\/v2\/product"}],"about":[{"href":"https:\/\/www.dolivo.shop\/de\/wp-json\/wp\/v2\/types\/product"}],"wp:featuredmedia":[{"embeddable":true,"href":"https:\/\/www.dolivo.shop\/de\/wp-json\/wp\/v2\/media\/18823"}],"wp:attachment":[{"href":"https:\/\/www.dolivo.shop\/de\/wp-json\/wp\/v2\/media?parent=18813"}],"wp:term":[{"taxonomy":"product_brand","embeddable":true,"href":"https:\/\/www.dolivo.shop\/de\/wp-json\/wp\/v2\/product_brand?post=18813"},{"taxonomy":"product_cat","embeddable":true,"href":"https:\/\/www.dolivo.shop\/de\/wp-json\/wp\/v2\/product_cat?post=18813"},{"taxonomy":"product_tag","embeddable":true,"href":"https:\/\/www.dolivo.shop\/de\/wp-json\/wp\/v2\/product_tag?post=18813"}],"curies":[{"name":"wp","href":"https:\/\/api.w.org\/{rel}","templated":true}]}}