{"id":18846,"date":"2025-02-16T14:10:49","date_gmt":"2025-02-16T13:10:49","guid":{"rendered":"https:\/\/www.dolivo.shop\/?post_type=product&#038;p=18846"},"modified":"2025-09-07T16:54:36","modified_gmt":"2025-09-07T15:54:36","slug":"gemusemesser-und-polenta-copia","status":"publish","type":"product","link":"https:\/\/www.dolivo.shop\/de\/produkt\/gemusemesser-und-polenta-copia\/","title":{"rendered":"Sushi St\u00e4bchen"},"content":{"rendered":"<p class=\"p3\">Die Sushi-St\u00e4bchen sind <strong>traditionelle japanische Essutensilien<\/strong>, die zum Genie\u00dfen von Sushi oder anderen Gerichten der asiatischen K\u00fcche verwendet werden. Besonders robust, nehmen sie weder Ger\u00fcche auf noch bilden sie Schimmel. Sie lassen sich ganz einfach von Hand mit warmem Wasser und etwas Sp\u00fclmittel reinigen.<\/p>\n<p>&nbsp;<\/p>\n<p class=\"p3\"><strong>Lebensmittelecht und von Natur aus antibakteriell.<\/strong><\/p>\n<p>&nbsp;<\/p>\n<p class=\"p3\">Ein schlichtes, aber edles Accessoire: Diese handgefertigten Sushi-St\u00e4bchen bestehen aus echtem Olivenholz und bringen mediterrane W\u00e4rme und Nat\u00fcrlichkeit auf den Tisch.<\/p>\n<p class=\"p3\">Die charakteristische Maserung und die warmen, beruhigenden Farbt\u00f6ne des <strong>Olivenholzes<\/strong> machen jedes Paar zu einem <strong>Unikat<\/strong>. Ausschlie\u00dflich mit nat\u00fcrlichem \u00d6l behandelt \u2013 frei von Lacken und Chemikalien \u2013 ganz im Sinne traditioneller Handwerkskunst und im Einklang mit der Umwelt.<\/p>\n<p class=\"p3\"><strong>Nachhaltig und authentisch<\/strong>: Olivenholz ist eine bewusste Wahl f\u00fcr alle, die Sch\u00f6nheit, Natur und Handarbeit sch\u00e4tzen.<\/p>\n<p>&nbsp;<\/p>\n<p class=\"p3\"><span class=\"s1\"><b>Ma\u00dfe:<\/b><\/span> 0,5 \u00d7 32 cm.<\/p>\n<h4 class=\"p1\"><b>Eine originelle Idee f\u00fcr ein umweltfreundliches Gastgeschenk<\/b><b><\/b><\/h4>\n<p class=\"p3\">Durch ihren nat\u00fcrlichen Stil und die handwerkliche Verarbeitung eignen sich die St\u00e4bchen hervorragend als besondere Aufmerksamkeit bei <em>Hochzeiten, Kommunionen oder anderen festlichen Anl\u00e4ssen<\/em>.<\/p>\n<h4 class=\"p1\"><b>Wichtiger Hinweis<\/b><b><\/b><\/h4>\n<p class=\"p3\"><em>Dieses Produkt ist handgefertigt: Kleine Unregelm\u00e4\u00dfigkeiten oder leichte Abweichungen sind keine M\u00e4ngel, sondern ein Zeichen f\u00fcr die Echtheit und Einzigartigkeit des Artikels.<\/em><\/p>\n","protected":false},"excerpt":{"rendered":"<p>Die Sushi-St\u00e4bchen sind traditionelle japanische Essutensilien, die zum Genie\u00dfen von Sushi oder anderen Gerichten der asiatischen K\u00fcche verwendet werden. Besonders robust, nehmen sie weder Ger\u00fcche auf noch bilden sie Schimmel. Sie lassen sich ganz einfach von Hand mit warmem Wasser und etwas Sp\u00fclmittel reinigen. &nbsp; Lebensmittelecht und von Natur aus antibakteriell. &nbsp; Ein schlichtes, aber&#8230;<\/p>\n","protected":false},"featured_media":18850,"template":"","meta":{"_acf_changed":false},"product_brand":[],"product_cat":[277,288],"product_tag":[],"class_list":{"0":"post-18846","1":"product","2":"type-product","3":"status-publish","4":"has-post-thumbnail","6":"product_cat-in-der-kueche","7":"product_cat-kuechengeraete","9":"first","10":"instock","11":"taxable","12":"shipping-taxable","13":"purchasable","14":"product-type-simple"},"acf":[],"_links":{"self":[{"href":"https:\/\/www.dolivo.shop\/de\/wp-json\/wp\/v2\/product\/18846","targetHints":{"allow":["GET"]}}],"collection":[{"href":"https:\/\/www.dolivo.shop\/de\/wp-json\/wp\/v2\/product"}],"about":[{"href":"https:\/\/www.dolivo.shop\/de\/wp-json\/wp\/v2\/types\/product"}],"wp:featuredmedia":[{"embeddable":true,"href":"https:\/\/www.dolivo.shop\/de\/wp-json\/wp\/v2\/media\/18850"}],"wp:attachment":[{"href":"https:\/\/www.dolivo.shop\/de\/wp-json\/wp\/v2\/media?parent=18846"}],"wp:term":[{"taxonomy":"product_brand","embeddable":true,"href":"https:\/\/www.dolivo.shop\/de\/wp-json\/wp\/v2\/product_brand?post=18846"},{"taxonomy":"product_cat","embeddable":true,"href":"https:\/\/www.dolivo.shop\/de\/wp-json\/wp\/v2\/product_cat?post=18846"},{"taxonomy":"product_tag","embeddable":true,"href":"https:\/\/www.dolivo.shop\/de\/wp-json\/wp\/v2\/product_tag?post=18846"}],"curies":[{"name":"wp","href":"https:\/\/api.w.org\/{rel}","templated":true}]}}