{"id":19915,"date":"2025-10-09T13:39:32","date_gmt":"2025-10-09T12:39:32","guid":{"rendered":"https:\/\/www.dolivo.shop\/?post_type=product&#038;p=19915"},"modified":"2025-10-09T17:19:21","modified_gmt":"2025-10-09T16:19:21","slug":"runde-heilige-familie-copia","status":"publish","type":"product","link":"https:\/\/www.dolivo.shop\/de\/produkt\/runde-heilige-familie-copia\/","title":{"rendered":"Rundform Heilige Familie"},"content":{"rendered":"<p class=\"p3\">Ein Kunstwerk, das <span class=\"s2\"><b>Glaube, Handwerkskunst und Natur<\/b><\/span> miteinander vereint.<\/p>\n<p class=\"p3\">Diese wundersch\u00f6ne <span class=\"s2\"><b>Heilige Familie<\/b><\/span> wird <span class=\"s2\"><b>vollst\u00e4ndig aus einem einzigen Block echten Olivenholzes<\/b><\/span> gefertigt \u2013 einem <span class=\"s2\"><b>edlen und symboltr\u00e4chtigen Material<\/b><\/span>, das wegen seiner nat\u00fcrlichen Sch\u00f6nheit und tiefen spirituellen Bedeutung gesch\u00e4tzt wird.<\/p>\n<p class=\"p4\"><span class=\"s3\">Das <\/span><b>Olivenholz<\/b><span class=\"s3\">, mit seinen <\/span><b>warmen, unverwechselbaren Maserungen<\/b><span class=\"s3\">, erz\u00e4hlt die Geschichte des <\/span><b>Heiligen Landes und des Friedens<\/b><span class=\"s3\"> und macht jedes St\u00fcck zu einem <\/span><b>einzigartigen Unikat<\/b><span class=\"s3\">.<\/span><\/p>\n<p class=\"p3\">Das <span class=\"s2\"><b>Fehlen von Fugen oder Verbindungen<\/b><\/span> unterstreicht die Reinheit der Verarbeitung und die Meisterschaft des Kunsthandwerkers, der die Figuren der Heiligen Familie <span class=\"s2\"><b>direkt aus dem Herzen des Holzes<\/b><\/span> entstehen l\u00e4sst.<\/p>\n<p class=\"p4\"><span class=\"s3\">Dieses Werk ist <\/span><b>weit mehr als eine Dekoration<\/b><span class=\"s3\"> \u2013 es ist ein <\/span><b>Symbol f\u00fcr Einheit, Liebe und famili\u00e4re Harmonie<\/b><span class=\"s3\">, ideal f\u00fcr alle, die ihrem Zuhause <\/span><b>ein authentisches Zeichen von Spiritualit\u00e4t und Tradition<\/b><span class=\"s3\"> verleihen m\u00f6chten.<\/span><\/p>\n<p class=\"p4\"><span class=\"s3\">Perfekt als <\/span><b>religi\u00f6ses Geschenk<\/b><span class=\"s3\"> oder <\/span><b>heiliges Zentrumst\u00fcck<\/b><span class=\"s3\">, steht es f\u00fcr die <\/span><b>Verbindung zwischen Natur und Glaube<\/b><span class=\"s3\">, indem es die <\/span><b>W\u00e4rme des Holzes<\/b><span class=\"s3\"> mit der <\/span><b>Tiefe der christlichen Botschaft<\/b><span class=\"s3\"> vereint.<\/span><\/p>\n","protected":false},"excerpt":{"rendered":"<p>Ein Kunstwerk, das Glaube, Handwerkskunst und Natur miteinander vereint. Diese wundersch\u00f6ne Heilige Familie wird vollst\u00e4ndig aus einem einzigen Block echten Olivenholzes gefertigt \u2013 einem edlen und symboltr\u00e4chtigen Material, das wegen seiner nat\u00fcrlichen Sch\u00f6nheit und tiefen spirituellen Bedeutung gesch\u00e4tzt wird. Das Olivenholz, mit seinen warmen, unverwechselbaren Maserungen, erz\u00e4hlt die Geschichte des Heiligen Landes und des Friedens&#8230;<\/p>\n","protected":false},"featured_media":8895,"template":"","meta":{"_acf_changed":false},"product_brand":[],"product_cat":[296,366],"product_tag":[],"class_list":{"0":"post-19915","1":"product","2":"type-product","3":"status-publish","4":"has-post-thumbnail","6":"product_cat-skulpturen","7":"product_cat-geschenkartikel","9":"first","10":"instock","11":"taxable","12":"shipping-taxable","13":"purchasable","14":"product-type-variable"},"acf":[],"_links":{"self":[{"href":"https:\/\/www.dolivo.shop\/de\/wp-json\/wp\/v2\/product\/19915","targetHints":{"allow":["GET"]}}],"collection":[{"href":"https:\/\/www.dolivo.shop\/de\/wp-json\/wp\/v2\/product"}],"about":[{"href":"https:\/\/www.dolivo.shop\/de\/wp-json\/wp\/v2\/types\/product"}],"wp:featuredmedia":[{"embeddable":true,"href":"https:\/\/www.dolivo.shop\/de\/wp-json\/wp\/v2\/media\/8895"}],"wp:attachment":[{"href":"https:\/\/www.dolivo.shop\/de\/wp-json\/wp\/v2\/media?parent=19915"}],"wp:term":[{"taxonomy":"product_brand","embeddable":true,"href":"https:\/\/www.dolivo.shop\/de\/wp-json\/wp\/v2\/product_brand?post=19915"},{"taxonomy":"product_cat","embeddable":true,"href":"https:\/\/www.dolivo.shop\/de\/wp-json\/wp\/v2\/product_cat?post=19915"},{"taxonomy":"product_tag","embeddable":true,"href":"https:\/\/www.dolivo.shop\/de\/wp-json\/wp\/v2\/product_tag?post=19915"}],"curies":[{"name":"wp","href":"https:\/\/api.w.org\/{rel}","templated":true}]}}